{"id":1139,"date":"2026-01-27T12:20:39","date_gmt":"2026-01-27T12:20:39","guid":{"rendered":"https:\/\/rampesucres.com\/?page_id=1139"},"modified":"2026-03-16T10:48:24","modified_gmt":"2026-03-16T10:48:24","slug":"condiciones-de-venta-web","status":"publish","type":"page","link":"https:\/\/rampesucres.com\/es\/condiciones-de-venta-web\/","title":{"rendered":"Condiciones de venta web"},"content":{"rendered":"\n<p>Las cl\u00e1usulas de las condiciones de venta del <strong>SITIO WEB: <a href=\"https:\/\/rampesucres.com\">https:\/\/rampesucres.com<\/a>, \u00a0 <\/strong>de la que es administrador, <strong>RAMPE SUCRES BARCELONA S.L., <\/strong>con CIF:<strong> B08720591, <\/strong>en adelante,<strong> RAMPE, <\/strong>con domicilio: <strong>C\/ CEMENTIRI NOU, NAU 2-C (POL. IND. CAN CLAPERS)<\/strong>, CP: <strong>08181<\/strong>, Localidad: <strong>SENTMENAT<\/strong>, Provincia de: <strong>BARCELONA<\/strong>, regulan la comercializaci\u00f3n y venta online de nuestros productos.\u00a0<\/p>\n\n\n\n<p><strong>Consentimiento del interesado:<\/strong> En la aplicaci\u00f3n del RGPD-UE- 2016\/679, y seg\u00fan los art\u00edculos, 5, 6, 7, y 13, por la LOPDGDD-3\/2018, en su T\u00edtulo II, y la Ley 1\/2019, de Secretos Empresariales, se le informa que el Responsable del Tratamiento de sus datos ser\u00e1 <strong>RAMPE. <\/strong>Al registrarse en esta web, cede sus datos personales o jur\u00eddicos para la gesti\u00f3n comercial y administrativa como cliente, y con la aceptaci\u00f3n de las condiciones de venta mediante un <strong>Check Box o Bot\u00f3n<\/strong>, al formulario de <strong>compra <\/strong>acepta los t\u00e9rminos y condiciones expuestos en esta web.<\/p>\n\n\n\n<p>Debido al contenido y la finalidad del <strong>SITIO WEB<\/strong>, las personas que deseen informaci\u00f3n deber\u00e1n rellenar el <strong>formulario de contacto<\/strong>, los que quieran adquirir los productos ofrecidos en esta web, deber\u00e1n registrarse en el formulario de <strong>USUARIOS\/CLIENTES,<\/strong> el cual se adquiere completando el formulario de <strong>REGISTRO<\/strong>, sus datos ser\u00e1n incorporados en un fichero automatizado&nbsp; para su<strong> <\/strong>protecci\u00f3n y utilizados para la relaci\u00f3n comercial entre el cliente y el administrador de la web, en aplicaci\u00f3n al RGPD-UE-2016\/679, la LOPD-3\/2018, de garant\u00eda de los derechos digitales, para el comercio electr\u00f3nico la Directiva, la LSSI-Comercio Electr\u00f3nico-34\/2002, \u00faltima actualizaci\u00f3n, 09\/05\/2023, la Ley 11\/2022, General de Telecomunicaciones la&nbsp; Directiva 2011\/83\/UE, sobre los derechos de los consumidores y la Ley 3\/2014, de 27 de marzo por la que se modifica el texto refundido de la Ley General para la Defensa de los Consumidores y Usuarios y otras Leyes complementarias, aprobado por el RD. 1\/2007, con la actualizaci\u00f3n, 29\/06\/2023.<\/p>\n\n\n\n<p><strong>Consentimiento del menor:<\/strong> El art\u00edculo, 6, apartado, f, del RGPD-UE-2016\/679, y por la LOPD-3\/2018, de Garant\u00eda de los Derechos Digitales, en su art\u00edculo, 84, (protecci\u00f3n de los menores en internet),&nbsp; que los menores de 16, a\u00f1os no pueden prestar su consentimiento para que un comercio online recoja sus datos personales, siendo sus representantes legales&nbsp; (padres o tutores) quienes pueden hacerlo en su nombre, salvo cuando el menor tenga como m\u00ednimo, 16 a\u00f1os cumplidos, que ser\u00e1 licito su consentimiento.<\/p>\n\n\n\n<p><strong>1. INFORMACI\u00d3N DEL CONTENIDO WEB:<\/strong><\/p>\n\n\n\n<p>El <strong>SITIO WEB<\/strong>:<strong> <a href=\"https:\/\/RAMPESUCRES.com\">https:\/\/RAMPESUCRES.com<\/a>, <\/strong>de la que es Administrador,<strong> RAMPE, <\/strong>de la<strong> <\/strong>venta online de monodosis de az\u00facar y endulzantes personalizado.\u00a0\u00a0<\/p>\n\n\n\n<p><strong>2. PRECIOS DE LOS PRODUCTOS Y ENV\u00cdOS:<\/strong><\/p>\n\n\n\n<p>Los precios expuestos que se indican a trav\u00e9s del <strong>SITIO WEB<\/strong>, no incluyen el IVA en sus productos.<\/p>\n\n\n\n<p>El precio de los env\u00edos depender\u00e1 del peso, volumen y distancia, el cual&nbsp;quedar\u00e1 reflejado en el momento de la aceptaci\u00f3n de la compra en el apartado <strong>MI CARRITO<\/strong>.<\/p>\n\n\n\n<p>Para los pedidos enviados a Canarias, Ceuta y Melilla, y los de fuera de la Uni\u00f3n Europea, los clientes deber\u00e1n hacerse cargo de los impuestos aduaneros establecidos y los correspondientes en cada caso.<\/p>\n\n\n\n<p><strong>3. FORMALIZACI\u00d3N DE PEDIDOS:<\/strong><\/p>\n\n\n\n<p>Una vez formalizado el pedido, es decir, con la <strong>aceptaci\u00f3n<\/strong> de las <strong>condiciones de venta<\/strong> y <strong>condiciones de uso<\/strong> <strong>web<\/strong> y la confirmaci\u00f3n del proceso de compra en el apartado <strong>MI CARRITO<\/strong>, el administrador de la p\u00e1gina Web, <strong><a href=\"https:\/\/rampesucres.com\">https:\/\/rampesucres.com<\/a>,<\/strong> enviar\u00e1 un correo electr\u00f3nico al <strong>USUARIO\/CLIENTE,<\/strong> confirmando los detalles del pedido y de los productos adquiridos.<\/p>\n\n\n\n<p><strong>4. FORMA DE PAGO:<\/strong><\/p>\n\n\n\n<p>El <strong>USUARIO\/CLIENTE,<\/strong> pagara con la moneda de euro <strong>\u20ac<\/strong>, en el momento de la confirmaci\u00f3n del pedido de los productos adquiridos.<\/p>\n\n\n\n<p>El <strong>USUARIO\/CLIENTE,<\/strong> deber\u00e1 abonar el importe correspondiente a su pedido mediante sistema de pago: <strong>TARJETA DE<\/strong> <strong>D\u00c9BITO<\/strong>, <strong>VISA, MASTERCARD y TRANSFERENCIA BANCARIA.&nbsp;<\/strong><\/p>\n\n\n\n<p><strong>Para los pagos realizados por transferencia bancaria, no ser\u00e1n efectivos los pedidos hasta el ingreso del importe de la cuant\u00eda del mismo en la cuenta del administrador de la web.&nbsp;<\/strong><\/p>\n\n\n\n<p>El <strong>USUARIO\/CLIENTE, <\/strong>deber\u00e1 notificar al administrador de la p\u00e1gina web cualquier cargo indebido o fraudulento en el sistema de pago utilizado, mediante correo electr\u00f3nico, <a href=\"mailto:rampe@rampe.es\"><strong>rampe@rampe.es<\/strong><\/a><strong>,<\/strong>&nbsp; o v\u00eda telef\u00f3nica, <strong>+34 93 715 38 33, <\/strong>en el menor plazo de tiempo posible para que el administrador de la web pueda realizar las gestiones oportunas.<\/p>\n\n\n\n<p><strong>4.1. MEDIDAS DE SEGURIDAD DE LA WEB:<\/strong><\/p>\n\n\n\n<p>Este <strong>SITIO WEB<\/strong>, <strong><a href=\"https:\/\/rampesucres.com\">https:\/\/rampesucres.com<\/a>,<\/strong> cumple con la\u00a0normativa,<strong> PCI-DSS<\/strong>\u00a0(Payment Card Industry-Data Security Standard) cumplimiento obligatorio\u00a0para todas aquellas Webs que almacenan, manejan y procesan informaci\u00f3n financiera sensible como datos de tarjetas bancarias.\u00a0<\/p>\n\n\n\n<p>El <strong>SITIO WEB:<\/strong> <strong><a href=\"https:\/\/rampesucres.com\">https:\/\/rampesucres.com<\/a>,<\/strong> dispone las m\u00e1ximas medidas de seguridad comercialmente disponibles en el sector. El servidor seguro establece una conexi\u00f3n de modo que la informaci\u00f3n se transmite cifrada mediante algoritmos de 128 bits, a 256 bits, de esta forma, al utilizar el protocolo SSL, \u201cSecure Socket Layer\u201d, que se trata de protocolos criptogr\u00e1ficos que proporcionan privacidad e integridad en las comunicaciones seguras entre el cliente y el administrador de la web.\u00a0<\/p>\n\n\n\n<p><strong>5. PLAZOS Y LUGAR DE ENTREGA DE PEDIDOS:<\/strong><\/p>\n\n\n\n<p><strong>RAMPE<\/strong> realiza los env\u00edos por los sistemas de transporte m\u00e1s convenientes para cada destino con el tiempo de entrega que se especifica en el proceso de confirmaci\u00f3n del pedido. Un retraso en la entrega por parte de la agencia de transporte no ser\u00e1 motivo de penalizaci\u00f3n.<\/p>\n\n\n\n<p>Los plazos pueden variar por razones log\u00edsticas o de fuerza mayor. En los retrasos de las entregas, el administrador de la p\u00e1gina web informar\u00e1 a sus <strong>USUARIOS\/CLIENTES<\/strong>, en cuanto tenga conocimiento de ello.<\/p>\n\n\n\n<p>El administrador de la p\u00e1gina web no ser\u00e1 responsable por los errores causados en la entrega cuando la direcci\u00f3n del cliente introducida en el formulario de registro del pedido de compra sea incorrecta o falten datos del <strong>USUARIO\/CLIENTE.<\/strong><\/p>\n\n\n\n<p>Cada entrega se considera efectuada a partir del momento en que se pone el pedido a disposici\u00f3n del <strong>USUARIO\/CLIENTE<\/strong>, que se materializa a trav\u00e9s del sistema de control utilizando por la empresa de Mensajer\u00eda que realiza el transporte del pedido. No se considerar\u00e1n retrasos en la entrega aquellos casos en que el pedido haya sido puesto a disposici\u00f3n del <strong>USUARIO\/CLIENTE<\/strong>, dentro del plazo y, no haya podido ser entregado por causa imputable al <strong>USUARIO\/CLIENTE<\/strong>.<\/p>\n\n\n\n<p><strong>SEGUIMIENTO DEL PEDIDO<\/strong>: Cuando el pedido salga de nuestra empresa se le enviara un aviso o correo electr\u00f3nico al <strong>USUARIO\/CLIENTE<\/strong>, notificando que su pedido est\u00e1 siendo enviado por el sistema de transporte contratado para que pueda seguir el transcurso del env\u00edo.<\/p>\n\n\n\n<p><strong>5.1. ENTREGAS NO REALIZADAS Y P\u00c9RDIDAS DEL PRODUCTO.&nbsp;<\/strong><\/p>\n\n\n\n<p>Si en el momento de la entrega el <strong>USUARIO\/CLIENTE<\/strong>, se encuentra ausente, la empresa de Mensajer\u00eda indicar\u00e1 c\u00f3mo proceder para recoger el pedido.&nbsp;<\/p>\n\n\n\n<p>El administrador de la p\u00e1gina web contrata como parte del servicio de entrega del pedido a una empresa de mensajer\u00eda, y otros sistemas quienes garantizaran que la entrega se produzca.&nbsp;<\/p>\n\n\n\n<p>Si pasados 5 d\u00edas h\u00e1biles, despu\u00e9s de la salida a reparto del pedido no se ha concertado la entrega el <strong>USUARIO\/CLIENTE<\/strong>, deber\u00e1 ponerse en contacto con el administrador de la p\u00e1gina web y comunicar la posible incidencia.<\/p>\n\n\n\n<p>En caso de que el <strong>USUARIO\/CLIENTE<\/strong> no proceda as\u00ed, pasados los d\u00edas h\u00e1biles que tienen estipulados los repartidores del transporte desde la salida a reparto del pedido, \u00e9ste ser\u00e1 devuelto, y el <strong>USUARIO\/CLIENTE<\/strong>, deber\u00e1 hacerse cargo de los gastos de devoluci\u00f3n del pedido, as\u00ed como de los gastos de gesti\u00f3n asociados.<\/p>\n\n\n\n<p>Si el motivo por el que no se ha podido realizar la entrega es la p\u00e9rdida del pedido,<strong> RAMPE,<\/strong> iniciar\u00e1 una investigaci\u00f3n que retrasar\u00e1 la entrega del pedido, circunstancia que el administrador de esta web, solucionar\u00e1 con el cliente.<\/p>\n\n\n\n<p><strong>5-2. DILIGENCIA EN LA ENTREGA DEL PEDIDO:<\/strong><\/p>\n\n\n\n<p>El <strong>USUARIO\/CLIENTE<\/strong>, deber\u00e1 comprobar el buen estado del pedido ante el repartidor que, por cuenta del administrador de la p\u00e1gina web realice la entrega del pedido&nbsp; solicitado. Si posteriormente, una vez revisado los productos el <strong>USUARIO\/CLIENTE<\/strong>, detecta cualquier incidencia como indicios de haber sido manipulado o cualquier desperfecto causado en \u00e9ste por el env\u00edo, \u00e9ste se compromete a comunicarlo lo antes posible al administrador de la p\u00e1gina web, al tel\u00e9fono: <strong>+34 93 715 38 33, <\/strong>o v\u00eda correo electr\u00f3nico: <a href=\"mailto:rampe@rampe.es\"><strong>rampe@rampe.es<\/strong><\/a><\/p>\n\n\n\n<p><strong>6. DESISTIMIENTO O DEVOLUCI\u00d3N DEL PRODUCTO:<\/strong><\/p>\n\n\n\n<p>El contenido de estas cl\u00e1usulas de venta web, act\u00faan como comprobante de compra entre el administrador de la web y el cliente, de acuerdo con el&nbsp; Real Decreto legislativo, 1\/2007, no hay derecho de desestimiento al tratarse de producto personalizado, fabricado conforme a las especificaciones del comprador. El cliente s\u00f3lo tendr\u00e1 derecho a reclamaci\u00f3n o devoluci\u00f3n si el producto tiene un defecto o no se ha fabricado seg\u00fan lo acordado.<\/p>\n\n\n\n<p><strong>6.1. PROCEDIMIENTO DE DESISTIMIENTO:<\/strong><\/p>\n\n\n\n<p><strong>El derecho de desistimiento no ser\u00e1 aplicable a los contratos, en atenci\u00f3n al art\u00edculo, 103, de la Ley 3\/2014, por concurrir el siguiente caso:<\/strong><\/p>\n\n\n\n<p>El suministro de bienes confeccionados conforme a las especificaciones del consumidor y usuario o claramente personalizados.<\/p>\n\n\n\n<p><strong>6.2. PROCEDIMIENTO DE DEVOLUCI\u00d3N:<\/strong><\/p>\n\n\n\n<p><strong>El administrador de la p\u00e1gina web s\u00f3lo aceptar\u00e1 devoluciones que cumplan los siguientes requisitos<\/strong>: El producto tiene un defecto o no se ha fabricado seg\u00fan lo acordado.<\/p>\n\n\n\n<p>El <strong>USUARIO\/CLIENTE<\/strong> deber\u00e1 informar a la mayor brevedad al administrador de la p\u00e1gina web, e indicar que el producto quiere ser devuelto. La informaci\u00f3n se puede hacer al tel\u00e9fono: <strong>+34 93 715 38 33, <\/strong>o v\u00eda correo electr\u00f3nico: <a href=\"mailto:rampe@rampe.es\"><strong>rampe@rampe.es<\/strong><\/a><\/p>\n\n\n\n<p>El administrador de la p\u00e1gina web indicar\u00e1 al USUARIO\/CLIENTE c\u00f3mo proceder.<\/p>\n\n\n\n<p>El administrador de la p\u00e1gina web<strong>, <\/strong>acepta y trata las devoluciones, desistimientos y cambios<strong> <\/strong>en el amparo de las Leyes locales, y las Directivas de la UE anteriormente mencionadas.&nbsp;<\/p>\n\n\n\n<p><strong>7. REEMBOLSO AL CLIENTE:<\/strong><\/p>\n\n\n\n<p>Se realizar\u00e1 la devoluci\u00f3n del importe del pedido s\u00f3lo en los casos que aplique.<\/p>\n\n\n\n<p><strong>8. LEY APLICABLE Y ARBITRAJE:<\/strong><\/p>\n\n\n\n<p>Los presentes t\u00e9rminos y condiciones de venta y uso se rigen por la legislaci\u00f3n espa\u00f1ola aplicable en la materia. Para resolver cualquier controversia o conflicto que se derive, las partes se someten a la jurisdicci\u00f3n de los tribunales de <strong>SABADELL, <\/strong>Partido Judicial de <strong>SENTMENAT<\/strong>, la ciudad origen de,<strong> RAMPE, <\/strong>titular del <strong>SITIO WEB,<\/strong> <strong><a href=\"https:\/\/rampesucres.com\">https:\/\/rampesucres.com<\/a>, <\/strong>salvo que la ley imponga otra jurisdicci\u00f3n.<\/p>\n\n\n\n<p><strong>8.1. RESOLUCI\u00d3N DE CONFLICTOS EN LINEA:<\/strong><\/p>\n\n\n\n<p>En aplicaci\u00f3n de la Ley 7\/2017, de 2 de noviembre, en su Art\u00edculo 40.5, por la que se incorpora al ordenamiento jur\u00eddico espa\u00f1ol la Directiva, 2013\/11\/UE, Reglamento-UE-524\/2013, del Parlamento Europeo y del Consejo de 21 de mayo, en su Art\u00edculo 5.1, relativa a la resoluci\u00f3n alternativa de litigios en materia de consumo para las compras de productos online: <strong>Plataforma de resoluci\u00f3n de litigios en l\u00ednea<\/strong>: <a href=\"https:\/\/ec.europa.eu\/consumers\/odr\/main\/index.cfm?event=main.home2.show&amp;lng=ES\"><strong>(clica aqu\u00ed).<\/strong><\/a><\/p>\n\n\n\n<p><strong>9. POLITICA DE PRIVACIDAD:&nbsp;<\/strong><\/p>\n\n\n\n<p><strong>RAMPE, <\/strong>informa de la posibilidad de ejercer los derechos de <strong>acceso<\/strong>, <strong>rectificaci\u00f3n<\/strong>, <strong>oposici\u00f3n,<\/strong> <strong>supresi\u00f3n,<\/strong> <strong>limitaci\u00f3n, <\/strong>y <strong>portabilidad<\/strong>, estos derechos se podr\u00e1n ejercer por cualquier medio que deje constancia de su env\u00edo y de su recepci\u00f3n a la direcci\u00f3n del administrador de la web<strong> <\/strong>o al correo electr\u00f3nico: <a href=\"mailto:rampe@rampe.es\"><strong>rampe@rampe.es<\/strong><\/a><strong>, <\/strong>aportando fotocopia del DNI o documentaci\u00f3n alternativa que acredite su identidad, por el art\u00edculo 12.3, del RGPD-UE-2016\/679, el responsable del tratamiento facilitar\u00e1 al interesado informaci\u00f3n relativa a sus datos personales y otros, sobre la base de una petici\u00f3n de derecho&nbsp; con arreglo a los art\u00edculos 15 al 21, con la contestaci\u00f3n como m\u00e1ximo en el plazo de un mes a partir de la recepci\u00f3n de la solicitud, podr\u00e1 presentar reclamaci\u00f3n ante la Autoridad de Control, AEPD, ACPD, AVPD.<\/p>\n\n\n\n<p><strong>Actualizadas: 01\/2026.<\/strong><\/p>\n","protected":false},"excerpt":{"rendered":"<p>Las cl\u00e1usulas de las condiciones de venta del SITIO WEB: https:\/\/rampesucres.com, \u00a0 de la que es administrador, RAMPE SUCRES BARCELONA S.L., con CIF: B08720591, en adelante, RAMPE, con domicilio: C\/ &hellip;<\/p>\n","protected":false},"author":1,"featured_media":0,"parent":0,"menu_order":0,"comment_status":"closed","ping_status":"closed","template":"","meta":{"_acf_changed":false,"footnotes":""},"class_list":["post-1139","page","type-page","status-publish","hentry"],"acf":[],"yoast_head":"<!-- This site is optimized with the Yoast SEO plugin v27.3 - https:\/\/yoast.com\/product\/yoast-seo-wordpress\/ -->\n<title>Condiciones de venta web | RAMPE<\/title>\n<meta name=\"description\" content=\"Consulta las condiciones de venta de la tienda online de RAMPE: proceso de compra, pagos, env\u00edos, devoluciones y normativa aplicable.\" \/>\n<meta name=\"robots\" content=\"noindex, nofollow\" \/>\n<meta property=\"og:locale\" content=\"es_ES\" \/>\n<meta property=\"og:type\" content=\"article\" \/>\n<meta property=\"og:title\" content=\"Condiciones de venta web | RAMPE\" \/>\n<meta property=\"og:description\" content=\"Consulta las condiciones de venta de la tienda online de RAMPE: proceso de compra, pagos, env\u00edos, devoluciones y normativa aplicable.\" \/>\n<meta property=\"og:url\" content=\"https:\/\/rampesucres.com\/es\/condiciones-de-venta-web\/\" \/>\n<meta property=\"og:site_name\" content=\"Rampe\" \/>\n<meta property=\"article:modified_time\" content=\"2026-03-16T10:48:24+00:00\" \/>\n<meta name=\"twitter:card\" content=\"summary_large_image\" \/>\n<meta name=\"twitter:label1\" content=\"Tiempo de lectura\" \/>\n\t<meta name=\"twitter:data1\" content=\"9 minutos\" \/>\n<script type=\"application\/ld+json\" class=\"yoast-schema-graph\">{\"@context\":\"https:\\\/\\\/schema.org\",\"@graph\":[{\"@type\":\"WebPage\",\"@id\":\"https:\\\/\\\/rampesucres.com\\\/es\\\/condiciones-de-venta-web\\\/\",\"url\":\"https:\\\/\\\/rampesucres.com\\\/es\\\/condiciones-de-venta-web\\\/\",\"name\":\"Condiciones de venta web | RAMPE\",\"isPartOf\":{\"@id\":\"https:\\\/\\\/rampesucres.com\\\/es\\\/#website\"},\"datePublished\":\"2026-01-27T12:20:39+00:00\",\"dateModified\":\"2026-03-16T10:48:24+00:00\",\"description\":\"Consulta las condiciones de venta de la tienda online de RAMPE: proceso de compra, pagos, env\u00edos, devoluciones y normativa aplicable.\",\"breadcrumb\":{\"@id\":\"https:\\\/\\\/rampesucres.com\\\/es\\\/condiciones-de-venta-web\\\/#breadcrumb\"},\"inLanguage\":\"es\",\"potentialAction\":[{\"@type\":\"ReadAction\",\"target\":[\"https:\\\/\\\/rampesucres.com\\\/es\\\/condiciones-de-venta-web\\\/\"]}]},{\"@type\":\"BreadcrumbList\",\"@id\":\"https:\\\/\\\/rampesucres.com\\\/es\\\/condiciones-de-venta-web\\\/#breadcrumb\",\"itemListElement\":[{\"@type\":\"ListItem\",\"position\":1,\"name\":\"Portada\",\"item\":\"https:\\\/\\\/rampesucres.com\\\/es\\\/\"},{\"@type\":\"ListItem\",\"position\":2,\"name\":\"Condiciones de venta web\"}]},{\"@type\":\"WebSite\",\"@id\":\"https:\\\/\\\/rampesucres.com\\\/es\\\/#website\",\"url\":\"https:\\\/\\\/rampesucres.com\\\/es\\\/\",\"name\":\"Rampe\",\"description\":\"\",\"publisher\":{\"@id\":\"https:\\\/\\\/rampesucres.com\\\/es\\\/#organization\"},\"potentialAction\":[{\"@type\":\"SearchAction\",\"target\":{\"@type\":\"EntryPoint\",\"urlTemplate\":\"https:\\\/\\\/rampesucres.com\\\/es\\\/?s={search_term_string}\"},\"query-input\":{\"@type\":\"PropertyValueSpecification\",\"valueRequired\":true,\"valueName\":\"search_term_string\"}}],\"inLanguage\":\"es\"},{\"@type\":\"Organization\",\"@id\":\"https:\\\/\\\/rampesucres.com\\\/es\\\/#organization\",\"name\":\"Rampe\",\"url\":\"https:\\\/\\\/rampesucres.com\\\/es\\\/\",\"logo\":{\"@type\":\"ImageObject\",\"inLanguage\":\"es\",\"@id\":\"https:\\\/\\\/rampesucres.com\\\/es\\\/#\\\/schema\\\/logo\\\/image\\\/\",\"url\":\"https:\\\/\\\/rampesucres.com\\\/wp-content\\\/uploads\\\/clogo_rampe-1.png\",\"contentUrl\":\"https:\\\/\\\/rampesucres.com\\\/wp-content\\\/uploads\\\/clogo_rampe-1.png\",\"width\":140,\"height\":140,\"caption\":\"Rampe\"},\"image\":{\"@id\":\"https:\\\/\\\/rampesucres.com\\\/es\\\/#\\\/schema\\\/logo\\\/image\\\/\"}}]}<\/script>\n<!-- \/ Yoast SEO plugin. -->","yoast_head_json":{"title":"Condiciones de venta web | RAMPE","description":"Consulta las condiciones de venta de la tienda online de RAMPE: proceso de compra, pagos, env\u00edos, devoluciones y normativa aplicable.","robots":{"index":"noindex","follow":"nofollow"},"og_locale":"es_ES","og_type":"article","og_title":"Condiciones de venta web | RAMPE","og_description":"Consulta las condiciones de venta de la tienda online de RAMPE: proceso de compra, pagos, env\u00edos, devoluciones y normativa aplicable.","og_url":"https:\/\/rampesucres.com\/es\/condiciones-de-venta-web\/","og_site_name":"Rampe","article_modified_time":"2026-03-16T10:48:24+00:00","twitter_card":"summary_large_image","twitter_misc":{"Tiempo de lectura":"9 minutos"},"schema":{"@context":"https:\/\/schema.org","@graph":[{"@type":"WebPage","@id":"https:\/\/rampesucres.com\/es\/condiciones-de-venta-web\/","url":"https:\/\/rampesucres.com\/es\/condiciones-de-venta-web\/","name":"Condiciones de venta web | RAMPE","isPartOf":{"@id":"https:\/\/rampesucres.com\/es\/#website"},"datePublished":"2026-01-27T12:20:39+00:00","dateModified":"2026-03-16T10:48:24+00:00","description":"Consulta las condiciones de venta de la tienda online de RAMPE: proceso de compra, pagos, env\u00edos, devoluciones y normativa aplicable.","breadcrumb":{"@id":"https:\/\/rampesucres.com\/es\/condiciones-de-venta-web\/#breadcrumb"},"inLanguage":"es","potentialAction":[{"@type":"ReadAction","target":["https:\/\/rampesucres.com\/es\/condiciones-de-venta-web\/"]}]},{"@type":"BreadcrumbList","@id":"https:\/\/rampesucres.com\/es\/condiciones-de-venta-web\/#breadcrumb","itemListElement":[{"@type":"ListItem","position":1,"name":"Portada","item":"https:\/\/rampesucres.com\/es\/"},{"@type":"ListItem","position":2,"name":"Condiciones de venta web"}]},{"@type":"WebSite","@id":"https:\/\/rampesucres.com\/es\/#website","url":"https:\/\/rampesucres.com\/es\/","name":"Rampe","description":"","publisher":{"@id":"https:\/\/rampesucres.com\/es\/#organization"},"potentialAction":[{"@type":"SearchAction","target":{"@type":"EntryPoint","urlTemplate":"https:\/\/rampesucres.com\/es\/?s={search_term_string}"},"query-input":{"@type":"PropertyValueSpecification","valueRequired":true,"valueName":"search_term_string"}}],"inLanguage":"es"},{"@type":"Organization","@id":"https:\/\/rampesucres.com\/es\/#organization","name":"Rampe","url":"https:\/\/rampesucres.com\/es\/","logo":{"@type":"ImageObject","inLanguage":"es","@id":"https:\/\/rampesucres.com\/es\/#\/schema\/logo\/image\/","url":"https:\/\/rampesucres.com\/wp-content\/uploads\/clogo_rampe-1.png","contentUrl":"https:\/\/rampesucres.com\/wp-content\/uploads\/clogo_rampe-1.png","width":140,"height":140,"caption":"Rampe"},"image":{"@id":"https:\/\/rampesucres.com\/es\/#\/schema\/logo\/image\/"}}]}},"_links":{"self":[{"href":"https:\/\/rampesucres.com\/es\/wp-json\/wp\/v2\/pages\/1139","targetHints":{"allow":["GET"]}}],"collection":[{"href":"https:\/\/rampesucres.com\/es\/wp-json\/wp\/v2\/pages"}],"about":[{"href":"https:\/\/rampesucres.com\/es\/wp-json\/wp\/v2\/types\/page"}],"author":[{"embeddable":true,"href":"https:\/\/rampesucres.com\/es\/wp-json\/wp\/v2\/users\/1"}],"replies":[{"embeddable":true,"href":"https:\/\/rampesucres.com\/es\/wp-json\/wp\/v2\/comments?post=1139"}],"version-history":[{"count":1,"href":"https:\/\/rampesucres.com\/es\/wp-json\/wp\/v2\/pages\/1139\/revisions"}],"predecessor-version":[{"id":1628,"href":"https:\/\/rampesucres.com\/es\/wp-json\/wp\/v2\/pages\/1139\/revisions\/1628"}],"wp:attachment":[{"href":"https:\/\/rampesucres.com\/es\/wp-json\/wp\/v2\/media?parent=1139"}],"curies":[{"name":"wp","href":"https:\/\/api.w.org\/{rel}","templated":true}]}}