{"id":270,"date":"2023-12-18T15:32:52","date_gmt":"2023-12-18T15:32:52","guid":{"rendered":"https:\/\/rampesucres.com\/?page_id=270"},"modified":"2026-03-16T10:53:53","modified_gmt":"2026-03-16T10:53:53","slug":"aviso-legal-y-politica-de-privacidad-de-la-empresa","status":"publish","type":"page","link":"https:\/\/rampesucres.com\/es\/aviso-legal-y-politica-de-privacidad-de-la-empresa\/","title":{"rendered":"Aviso legal y politica de privacidad de la empresa"},"content":{"rendered":"\n<h2 class=\"wp-block-heading\">AVISO LEGAL<\/h2>\n\n\n\n<p>Esta p\u00e1gina Web es propiedad de RAMPE SUCRES BARCELONA SL, con NIF n\u00ba B08720591 y domicilio en Calle cementiri nou, 2 &#8211; pg ind can clapers, 08181 Sentmenat ( BARCELONA ) e Inscrita en el&nbsp;Registro Mercantil de: BARCELONA, Tomo: 4842, Libro: 4161,secci\u00f3n 2\u00aa, Folio:62,&nbsp; Hoja: 54241, inscripci\u00f3n 1\u00aa.<\/p>\n\n\n\n<p>Para cualquier consulta o propuesta, cont\u00e1ctenos llamando al tel\u00e9fono&nbsp;+34 937 153 833 o&nbsp;en el e-mail <strong><a href=\"mailto:rampe@rampe.es\">rampe@rampe.es<\/a><\/strong>.<\/p>\n\n\n\n<p>Esta p\u00e1gina Web se rige por la normativa exclusivamente aplicable en Espa\u00f1a, quedando sometida a ella, tanto nacionales como extranjeros que utilicen esta Web.<\/p>\n\n\n\n<p>El acceso a nuestra p\u00e1gina Web por parte de la PERSONA USUARIA es gratuito y su uso se rige por las condiciones de uso vigentes en el momento del acceso, que rogamos lea detenidamente. Si la PERSONA USUARIA no estuviere de acuerdo con las presentes condiciones de uso, deber\u00e1 abstenerse de utilizar este portal y operar por medio del mismo, pudiendo contactar con nosotros para que le resolvamos cualquier duda en relaci\u00f3n a las mismas.<\/p>\n\n\n\n<p>El suministro de datos personales y la compra de productos a trav\u00e9s de nuestro portal requiere una edad m\u00ednima de&nbsp;16 a\u00f1os, o en su caso, disponer de capacidad jur\u00eddica suficiente para contratar.<\/p>\n\n\n\n<p>En cualquier momento podremos modificar la presentaci\u00f3n y configuraci\u00f3n de nuestra Web, ampliar o reducir servicios, e incluso suprimirla de la Red, as\u00ed como los servicios y contenidos prestados.<br><\/p>\n\n\n\n<ol class=\"wp-block-list\">\n<li><u><strong><strong>PROPIEDAD INTELECTUAL<\/strong><\/strong><\/u><\/li>\n<\/ol>\n\n\n\n<p>Todos los contenidos, textos, im\u00e1genes, y c\u00f3digos fuente son propiedad de RAMPE SUCRES BARCELONA SL o de terceros a los que se han adquirido sus derechos de explotaci\u00f3n, y est\u00e1n protegidos por los derechos de Propiedad Intelectual e Industrial.<\/p>\n\n\n\n<p>La PERSONA USUARIA \u00fanicamente tiene derecho a un uso privado de los mismos, sin \u00e1nimo de lucro, y necesita autorizaci\u00f3n expresa para modificarlos, reproducirlos, explotarlos, distribuirlos o ejercer cualquier derecho perteneciente a su titular.<\/p>\n\n\n\n<p>RAMPE SUCRES BARCELONA SL es una marca registrada, y est\u00e1 prohibida su reproducci\u00f3n, imitaci\u00f3n, utilizaci\u00f3n o inserci\u00f3n de estas marcas sin nuestra debida autorizaci\u00f3n.<\/p>\n\n\n\n<p>El establecimiento de enlaces a nuestro portal no confiere ning\u00fan derecho sobre el mismo. Asimismo, el simple hecho de establecer un enlace a nuestra p\u00e1gina web no da derecho a otorgarse la categor\u00eda de colaborador o socio.<\/p>\n\n\n\n<p>RAMPE SUCRES BARCELONA SL queda exonerado de responsabilidad por cualquier reclamaci\u00f3n respecto a los derechos de propiedad intelectual de los art\u00edculos e im\u00e1genes publicadas por terceros en su portal.<\/p>\n\n\n\n<p>Est\u00e1 absolutamente prohibida la imitaci\u00f3n ya sea total o parcial de nuestro portal o el establecimiento de enlaces a nuestra p\u00e1gina web sin la autorizaci\u00f3n previa de RAMPE SUCRES BARCELONA SL.<\/p>\n\n\n\n<ol start=\"2\" class=\"wp-block-list\">\n<li><u><strong><u><strong><strong><strong>CONDICIONES DE ACCESO Y USO<\/strong><\/strong><\/strong><\/u><\/strong><\/u><\/li>\n<\/ol>\n\n\n\n<p>El acceso a nuestra p\u00e1gina Web es gratuito y no exige suscripci\u00f3n o registro previo. Sin embargo, determinados servicios son de acceso restringido a determinadas PERSONAS USUARIAS y requieren haber realizado un proceso de registro y\/o la identificaci\u00f3n mediante contrase\u00f1as. Estos servicios quedar\u00e1n debidamente identificados en la Web.<\/p>\n\n\n\n<p>El env\u00edo de datos personales implica la aceptaci\u00f3n expresa por parte de la PERSONA USUARIA de nuestra pol\u00edtica de privacidad.<\/p>\n\n\n\n<p>La PERSONA USUARIA debe acceder a nuestra p\u00e1gina Web conforme a la buena fe, las normas de orden p\u00fablico y a las presentes Condiciones Generales de uso. El acceso a nuestro sitio Web se realiza bajo la propia y exclusiva responsabilidad de la PERSONA USUARIA, que responder\u00e1 en todo caso de los da\u00f1os y perjuicios que pueda causar a terceros o a nosotros mismos.<\/p>\n\n\n\n<p>La PERSONA USUARIA tiene expresamente prohibida la utilizaci\u00f3n y obtenci\u00f3n de los servicios, productos y contenidos ofrecidos en la presente p\u00e1gina web, por procedimientos distintos a los estipulados en las presentes condiciones de uso y, en su caso, en las condiciones particulares que regulen la adquisici\u00f3n de determinados productos.<\/p>\n\n\n\n<p>La PERSONA USUARIA tiene prohibido cualquier tipo de acci\u00f3n sobre nuestro portal que origine una excesiva sobrecarga de funcionamiento a nuestros sistemas inform\u00e1ticos, as\u00ed como la introducci\u00f3n de virus, o instalaci\u00f3n de robots, o software que altere el normal funcionamiento de nuestra web, o en definitiva pueda causar da\u00f1os a nuestros sistemas inform\u00e1ticos.<\/p>\n\n\n\n<p>Teniendo en cuenta la dificultad de control respecto a la informaci\u00f3n, contenidos y servicios que contengan p\u00e1ginas web de terceros disponibles desde nuestra p\u00e1gina web, le comunicamos que RAMPE SUCRES BARCELONA SL, no se hace responsable de los mismos, sin perjuicio de que intentar\u00e1, en la medida de lo posible, velar por su legalidad.<\/p>\n\n\n\n<p>RAMPE SUCRES BARCELONA SL se reserva el derecho a dar de baja a cualquier PERSONA USUARIA que la organizaci\u00f3n entienda que ha vulnerado las condiciones que rigen el uso de nuestra p\u00e1gina web. Asimismo, se reserva el derecho de ejercitar las acciones legales oportunas contra aquellos que vulneren las presentes condiciones generales de uso.<\/p>\n\n\n\n<ol start=\"3\" class=\"wp-block-list\">\n<li><u><strong><strong>POL\u00cdTICA DE PRIVACIDAD<\/strong><\/strong><\/u><\/li>\n<\/ol>\n\n\n\n<p>La confidencialidad y la seguridad son valores primordiales de RAMPE SUCRES BARCELONA SL y, en consecuencia, asumimos el compromiso de garantizar la privacidad de la PERSONA USUARIA en todo momento y de no recabar informaci\u00f3n innecesaria.<\/p>\n\n\n\n<p>El suministro de datos personales a trav\u00e9s de nuestro portal requiere una edad m\u00ednima de&nbsp;16 a\u00f1os&nbsp;y la aceptaci\u00f3n expresa de nuestra&nbsp;Pol\u00edtica de Privacidad.<\/p>\n\n\n\n<ol start=\"4\" class=\"wp-block-list\">\n<li><u><strong><strong>RESPONSABILIDADES<\/strong><\/strong><\/u><\/li>\n<\/ol>\n\n\n\n<p>Al poner a disposici\u00f3n de la PERSONA USUARIA esta p\u00e1gina Web queremos ofrecerle un servicio de calidad, utilizando la m\u00e1xima diligencia en la prestaci\u00f3n del mismo, as\u00ed como en los medios tecnol\u00f3gicos utilizados. No obstante, RAMPE SUCRES BARCELONA SL no garantiza que la disponibilidad del servicio sea continua e ininterrumpida, por circunstancias originadas por problemas en la red de Internet, aver\u00edas en los dispositivos inform\u00e1ticos u otras circunstancias imprevisibles, de manera que la PERSONA USUARIA acepta soportar dentro de unos l\u00edmites razonables estas circunstancias.<\/p>\n\n\n\n<p>Esta p\u00e1gina web, salvo lo regulado, en su caso, por algunas condiciones de uso espec\u00edficas, es puramente informativa y de presentaci\u00f3n corporativa de nuestros productos y servicios, por lo que RAMPE SUCRES BARCELONA SL no se responsabiliza por las expectativas de cualquier tipo que pueda generar a la PERSONA USUARIA.<\/p>\n\n\n\n<p>Todo lo referente a nuestra p\u00e1gina web, se rige exclusivamente por las leyes espa\u00f1olas. En el caso de que se produzca cualquier tipo de discrepancia o diferencia entre las partes en relaci\u00f3n con la interpretaci\u00f3n y contenido de la presente p\u00e1gina web, todas las partes se someten a los Juzgados y Tribunales que legalmente correspondan.<\/p>\n\n\n\n<ol start=\"5\" class=\"wp-block-list\">\n<li><u><strong><strong>VIGENCIA DE LAS CONDICIONES GENERALES DE ACCESO A LA WEB<\/strong><\/strong><\/u><\/li>\n<\/ol>\n\n\n\n<p>Las presentes Condiciones Generales de Uso han sido modificadas con fecha&nbsp;05\/03\/2026. En cualquier momento podemos proceder a su modificaci\u00f3n: por favor, compruebe la fecha de emisi\u00f3n en cada ocasi\u00f3n en que se conecte a nuestra p\u00e1gina Web y as\u00ed tendr\u00e1 la certeza de que no se ha producido modificaci\u00f3n alguna que le afecte.<\/p>\n\n\n\n<p>Para cualquier cuesti\u00f3n respecto a las Condiciones de Uso de nuestra p\u00e1gina web, puede ponerse en contacto con nosotros en los datos arriba indicados, o con Lant Abogados en&nbsp;<a href=\"mailto:info@lant-abogados.com\"><strong>info@lant-abogados.com<\/strong><\/a>&nbsp;o en&nbsp;<strong><a href=\"https:\/\/www.lant-abogados.com\/\">https:\/\/www.lant-abogados.com\/<\/a>.<\/strong><\/p>\n\n\n\n<h2 class=\"wp-block-heading\">POL\u00cdTICA DE PRIVACIDAD<\/h2>\n\n\n\n<p>La confidencialidad y la seguridad son valores primordiales de RAMPE SUCRES BARCELONA SL y, en consecuencia, asumimos el compromiso de garantizar la privacidad del Usuario en todo momento y de no recabar informaci\u00f3n innecesaria. A continuaci\u00f3n, le proporcionamos toda la informaci\u00f3n necesaria sobre nuestra Pol\u00edtica de Privacidad en relaci\u00f3n con los datos personales que recabamos, explic\u00e1ndole:<\/p>\n\n\n\n<ul class=\"wp-block-list\">\n<li>Qui\u00e9n es el responsable del tratamiento de sus datos.<\/li>\n\n\n\n<li>Para qu\u00e9 finalidades recabamos los datos que le solicitamos.<\/li>\n\n\n\n<li>Cu\u00e1l es la legitimaci\u00f3n para su tratamiento.<\/li>\n\n\n\n<li>Durante cu\u00e1nto tiempo los conservamos.<\/li>\n\n\n\n<li>&nbsp;A qu\u00e9 destinatarios se comunican sus datos.<\/li>\n\n\n\n<li>Cu\u00e1les son sus derechos y c\u00f3mo ejercerlos.<\/li>\n<\/ul>\n\n\n\n<ol start=\"1\" class=\"wp-block-list\">\n<li><strong><u>RESPONSABLE<\/u><\/strong><\/li>\n<\/ol>\n\n\n\n<p>RAMPE SUCRES BARCELONA SL ESB08720591<br>Calle cementiri nou, 2 &#8211; pg ind can clapers, 08181 Sentmenat (BARCELONA)<br>rampe@rampe.es<\/p>\n\n\n\n<ol start=\"2\" class=\"wp-block-list\">\n<li><u><strong>FINALIDADES, LEGITIMACI\u00d3N Y CONSERVACI\u00d3N<\/strong><\/u><\/li>\n<\/ol>\n\n\n\n<p>De los tratamientos de los datos enviados a trav\u00e9s de:<\/p>\n\n\n\n<ul class=\"wp-block-list\">\n<li>Formulario de Contacto.<\/li>\n<\/ul>\n\n\n\n<p>Finalidad: Facilitarle un medio para que pueda ponerse en contacto con nosotros y contestar a sus solicitudes de informaci\u00f3n, as\u00ed como enviarle comunicaciones de nuestros productos, servicios y actividades, inclusive por medios electr\u00f3nicos (correo electr\u00f3nico, SMS, etc.), si marca la casilla de aceptaci\u00f3n.<\/p>\n\n\n\n<p>Legitimaci\u00f3n: El consentimiento del usuario al solicitarnos informaci\u00f3n a trav\u00e9s de nuestro formulario de contacto y al marcar la casilla de aceptaci\u00f3n de env\u00edo de informaci\u00f3n.<\/p>\n\n\n\n<p>Conservaci\u00f3n: Una vez resuelta su solicitud por medio de nuestro formulario o contestada por correo electr\u00f3nico, si no ha generado un nuevo tratamiento, y en caso de haber aceptado recibir env\u00edos comerciales, hasta que solicite la baja de los mismos.<\/p>\n\n\n\n<ul class=\"wp-block-list\">\n<li>Env\u00edo de correos electr\u00f3nicos.<\/li>\n<\/ul>\n\n\n\n<p>Finalidad: Contestar a sus solicitudes de informaci\u00f3n, atender sus peticiones y responder sus consultas o dudas.&nbsp;&nbsp;En caso de recibir su Curr\u00edculum Vitae, sus datos personales y curriculares podr\u00e1n formar parte de nuestras bases de datos para participar en nuestros procesos de selecci\u00f3n presentes y futuros.<\/p>\n\n\n\n<p>Legitimaci\u00f3n: El consentimiento del usuario al solicitarnos informaci\u00f3n a trav\u00e9s de la direcci\u00f3n de correo electr\u00f3nico o enviarnos sus datos y CV para participar en nuestros procesos de selecci\u00f3n.<\/p>\n\n\n\n<p>Conservaci\u00f3n: Una vez resulta contestada su petici\u00f3n por correo electr\u00f3nico, si no ha generado un nuevo tratamiento. En el caso de recibir su CV, sus datos podr\u00e1n ser conservados durante un a\u00f1o m\u00e1ximo para futuros procesos de selecci\u00f3n.<\/p>\n\n\n\n<p><strong>Obligaci\u00f3n de facilitarnos sus datos personales y consecuencias de no hacerlo.<\/strong><\/p>\n\n\n\n<p>El suministro de datos personales requiere una edad m\u00ednima de 16 a\u00f1os o, en su caso, la edad m\u00ednima que establezca la normativa de protecci\u00f3n de datos aplicable y\/o disponer de capacidad jur\u00eddica suficiente para contratar.<\/p>\n\n\n\n<p>Los datos personales solicitados son necesarios para gestionar sus solicitudes, darle de alta como usuario y\/o prestarle los servicios que pueda contratar, por lo que, si no nos los facilita, no podremos atenderle correctamente ni prestarle el servicio que ha solicitado.<\/p>\n\n\n\n<p>En todo caso, nos reservamos el derecho&nbsp;de decidir sobre la incorporaci\u00f3n o no de sus datos personales y dem\u00e1s informaci\u00f3n&nbsp;a nuestras bases de datos.&nbsp;<\/p>\n\n\n\n<ol start=\"3\" class=\"wp-block-list\">\n<li><u><strong>DESTINATARIOS DE SUS DATOS<\/strong><\/u><\/li>\n<\/ol>\n\n\n\n<p>Sus datos son confidenciales y no se ceder\u00e1n a terceros, salvo que exista obligaci\u00f3n legal.<\/p>\n\n\n\n<ol start=\"4\" class=\"wp-block-list\">\n<li><u><strong>COOKIES<\/strong><\/u><\/li>\n<\/ol>\n\n\n\n<p>Esta p\u00e1gina web utiliza cookies t\u00e9cnicas, de personalizaci\u00f3n y an\u00e1lisis, propias y de terceros que tratan datos de conexi\u00f3n y\/o de los dispositivos para fines estad\u00edsticos, pero en ning\u00fan caso captan h\u00e1bitos de navegaci\u00f3n para fines publicitarios. Por ello, al acceder a nuestra web, en cumplimiento del art\u00edculo 22 de la Ley de Sociedad de la Informaci\u00f3n, al tratar las cookies mencionadas, le hemos solicitado su consentimiento para su uso y facilitado informaci\u00f3n de las mismas.<\/p>\n\n\n\n<ol start=\"5\" class=\"wp-block-list\">\n<li><u><strong>DERECHOS EN RELACI\u00d3N CON SUS DATOS PERSONALES<\/strong><\/u><\/li>\n<\/ol>\n\n\n\n<p>Cualquier persona puede retirar su consentimiento en cualquier momento, cuando el mismo se haya otorgado para el tratamiento de sus datos. En ning\u00fan caso, la retirada de este consentimiento condiciona la ejecuci\u00f3n del contrato de suscripci\u00f3n o las relaciones generadas con anterioridad.<\/p>\n\n\n\n<p>Igualmente, puede ejercer los siguientes derechos:<\/p>\n\n\n\n<ul class=\"wp-block-list\">\n<li>Solicitar el acceso a sus datos personales o su rectificaci\u00f3n cuando sean inexactos.<\/li>\n\n\n\n<li>Solicitar su supresi\u00f3n cuando, entre otros motivos, los datos ya no sean necesarios para los fines para los que fueron recogidos.<\/li>\n\n\n\n<li>Solicitar la limitaci\u00f3n de su tratamiento en determinadas circunstancias.<\/li>\n\n\n\n<li>Solicitar la oposici\u00f3n al tratamiento de sus datos por motivos relacionados con su situaci\u00f3n particular.<\/li>\n\n\n\n<li>Solicitar la portabilidad de los datos en los casos previstos en la normativa.<\/li>\n\n\n\n<li>Otros derechos reconocidos en las normativas aplicables.<\/li>\n<\/ul>\n\n\n\n<p>D\u00f3nde y c\u00f3mo solicitar sus Derechos: Mediante un escrito dirigido al responsable a su direcci\u00f3n postal o electr\u00f3nica (indicadas en el apartado A), indicando la referencia \u201cDatos Personales\u201d, especificando el derecho que se quiere ejercer y respecto a qu\u00e9 datos personales.<\/p>\n\n\n\n<p>En caso de divergencias con la empresa en relaci\u00f3n con el tratamiento de sus datos, puede presentar una reclamaci\u00f3n ante la Agencia de Protecci\u00f3n de Datos (www.agpd.es).<\/p>\n\n\n\n<ol start=\"6\" class=\"wp-block-list\">\n<li><u><strong>SEGURIDAD DE SUS DATOS PERSONALES<\/strong><\/u><\/li>\n<\/ol>\n\n\n\n<p>Con el objetivo de salvaguardar la seguridad de sus datos personales, le informamos que hemos adoptado todas las medidas de \u00edndole t\u00e9cnica y organizativa necesarias para garantizar la seguridad de los datos personales suministrados de su alteraci\u00f3n, p\u00e9rdida y tratamientos o accesos no autorizados.<\/p>\n\n\n\n<ol start=\"7\" class=\"wp-block-list\">\n<li><u><strong>ACTUALIZACI\u00d3N DE SUS DATOS<\/strong><\/u><\/li>\n<\/ol>\n\n\n\n<p>Es importante que para que podamos mantener sus datos personales actualizados, nos informe siempre que haya habido alguna modificaci\u00f3n en ellos, en caso contrario, no respondemos de la veracidad de los mismos.<\/p>\n\n\n\n<p>No nos hacemos responsables de la pol\u00edtica de privacidad respecto a los datos personales que pueda facilitar a terceros por medio de los enlaces disponibles en nuestra p\u00e1gina web.<\/p>\n\n\n\n<p>La presente Pol\u00edtica de Privacidad ha sido actualizada en fecha 05\/03\/2026 y puede ser modificada para adaptarla a los cambios que se produzcan en nuestra web, as\u00ed como modificaciones legislativas o jurisprudenciales sobre datos personales que vayan apareciendo, por lo que exige su lectura, cada vez que nos facilite sus datos a trav\u00e9s de esta Web.<\/p>\n\n\n\n<p><\/p>\n\n\n\n<p><strong><u>Actualizada:&nbsp;03\/2026.<\/u><\/strong><\/p>\n","protected":false},"excerpt":{"rendered":"<p>AVISO LEGAL Esta p\u00e1gina Web es propiedad de RAMPE SUCRES BARCELONA SL, con NIF n\u00ba B08720591 y domicilio en Calle cementiri nou, 2 &#8211; pg ind can clapers, 08181 Sentmenat &hellip;<\/p>\n","protected":false},"author":1,"featured_media":0,"parent":0,"menu_order":0,"comment_status":"closed","ping_status":"closed","template":"","meta":{"_acf_changed":false,"footnotes":""},"class_list":["post-270","page","type-page","status-publish","hentry"],"acf":[],"yoast_head":"<!-- This site is optimized with the Yoast SEO plugin v27.3 - https:\/\/yoast.com\/product\/yoast-seo-wordpress\/ -->\n<title>Aviso legal y pol\u00edtica de privacidad | RAMPE<\/title>\n<meta name=\"description\" content=\"Consulta el aviso legal y la pol\u00edtica de privacidad de RAMPE. Informaci\u00f3n sobre protecci\u00f3n de datos, uso del sitio web y responsabilidades legales.\" \/>\n<meta name=\"robots\" content=\"noindex, nofollow\" \/>\n<meta property=\"og:locale\" content=\"es_ES\" \/>\n<meta property=\"og:type\" content=\"article\" \/>\n<meta property=\"og:title\" content=\"Aviso legal y pol\u00edtica de privacidad | RAMPE\" \/>\n<meta property=\"og:description\" content=\"Consulta el aviso legal y la pol\u00edtica de privacidad de RAMPE. Informaci\u00f3n sobre protecci\u00f3n de datos, uso del sitio web y responsabilidades legales.\" \/>\n<meta property=\"og:url\" content=\"https:\/\/rampesucres.com\/es\/aviso-legal-y-politica-de-privacidad-de-la-empresa\/\" \/>\n<meta property=\"og:site_name\" content=\"Rampe\" \/>\n<meta property=\"article:modified_time\" content=\"2026-03-16T10:53:53+00:00\" \/>\n<meta name=\"twitter:card\" content=\"summary_large_image\" \/>\n<meta name=\"twitter:label1\" content=\"Tiempo de lectura\" \/>\n\t<meta name=\"twitter:data1\" content=\"10 minutos\" \/>\n<script type=\"application\/ld+json\" class=\"yoast-schema-graph\">{\"@context\":\"https:\\\/\\\/schema.org\",\"@graph\":[{\"@type\":\"WebPage\",\"@id\":\"https:\\\/\\\/rampesucres.com\\\/es\\\/aviso-legal-y-politica-de-privacidad-de-la-empresa\\\/\",\"url\":\"https:\\\/\\\/rampesucres.com\\\/es\\\/aviso-legal-y-politica-de-privacidad-de-la-empresa\\\/\",\"name\":\"Aviso legal y pol\u00edtica de privacidad | RAMPE\",\"isPartOf\":{\"@id\":\"https:\\\/\\\/rampesucres.com\\\/es\\\/#website\"},\"datePublished\":\"2023-12-18T15:32:52+00:00\",\"dateModified\":\"2026-03-16T10:53:53+00:00\",\"description\":\"Consulta el aviso legal y la pol\u00edtica de privacidad de RAMPE. Informaci\u00f3n sobre protecci\u00f3n de datos, uso del sitio web y responsabilidades legales.\",\"breadcrumb\":{\"@id\":\"https:\\\/\\\/rampesucres.com\\\/es\\\/aviso-legal-y-politica-de-privacidad-de-la-empresa\\\/#breadcrumb\"},\"inLanguage\":\"es\",\"potentialAction\":[{\"@type\":\"ReadAction\",\"target\":[\"https:\\\/\\\/rampesucres.com\\\/es\\\/aviso-legal-y-politica-de-privacidad-de-la-empresa\\\/\"]}]},{\"@type\":\"BreadcrumbList\",\"@id\":\"https:\\\/\\\/rampesucres.com\\\/es\\\/aviso-legal-y-politica-de-privacidad-de-la-empresa\\\/#breadcrumb\",\"itemListElement\":[{\"@type\":\"ListItem\",\"position\":1,\"name\":\"Portada\",\"item\":\"https:\\\/\\\/rampesucres.com\\\/es\\\/\"},{\"@type\":\"ListItem\",\"position\":2,\"name\":\"Aviso legal y politica de privacidad de la empresa\"}]},{\"@type\":\"WebSite\",\"@id\":\"https:\\\/\\\/rampesucres.com\\\/es\\\/#website\",\"url\":\"https:\\\/\\\/rampesucres.com\\\/es\\\/\",\"name\":\"Rampe\",\"description\":\"\",\"publisher\":{\"@id\":\"https:\\\/\\\/rampesucres.com\\\/es\\\/#organization\"},\"potentialAction\":[{\"@type\":\"SearchAction\",\"target\":{\"@type\":\"EntryPoint\",\"urlTemplate\":\"https:\\\/\\\/rampesucres.com\\\/es\\\/?s={search_term_string}\"},\"query-input\":{\"@type\":\"PropertyValueSpecification\",\"valueRequired\":true,\"valueName\":\"search_term_string\"}}],\"inLanguage\":\"es\"},{\"@type\":\"Organization\",\"@id\":\"https:\\\/\\\/rampesucres.com\\\/es\\\/#organization\",\"name\":\"Rampe\",\"url\":\"https:\\\/\\\/rampesucres.com\\\/es\\\/\",\"logo\":{\"@type\":\"ImageObject\",\"inLanguage\":\"es\",\"@id\":\"https:\\\/\\\/rampesucres.com\\\/es\\\/#\\\/schema\\\/logo\\\/image\\\/\",\"url\":\"https:\\\/\\\/rampesucres.com\\\/wp-content\\\/uploads\\\/clogo_rampe-1.png\",\"contentUrl\":\"https:\\\/\\\/rampesucres.com\\\/wp-content\\\/uploads\\\/clogo_rampe-1.png\",\"width\":140,\"height\":140,\"caption\":\"Rampe\"},\"image\":{\"@id\":\"https:\\\/\\\/rampesucres.com\\\/es\\\/#\\\/schema\\\/logo\\\/image\\\/\"}}]}<\/script>\n<!-- \/ Yoast SEO plugin. -->","yoast_head_json":{"title":"Aviso legal y pol\u00edtica de privacidad | RAMPE","description":"Consulta el aviso legal y la pol\u00edtica de privacidad de RAMPE. Informaci\u00f3n sobre protecci\u00f3n de datos, uso del sitio web y responsabilidades legales.","robots":{"index":"noindex","follow":"nofollow"},"og_locale":"es_ES","og_type":"article","og_title":"Aviso legal y pol\u00edtica de privacidad | RAMPE","og_description":"Consulta el aviso legal y la pol\u00edtica de privacidad de RAMPE. Informaci\u00f3n sobre protecci\u00f3n de datos, uso del sitio web y responsabilidades legales.","og_url":"https:\/\/rampesucres.com\/es\/aviso-legal-y-politica-de-privacidad-de-la-empresa\/","og_site_name":"Rampe","article_modified_time":"2026-03-16T10:53:53+00:00","twitter_card":"summary_large_image","twitter_misc":{"Tiempo de lectura":"10 minutos"},"schema":{"@context":"https:\/\/schema.org","@graph":[{"@type":"WebPage","@id":"https:\/\/rampesucres.com\/es\/aviso-legal-y-politica-de-privacidad-de-la-empresa\/","url":"https:\/\/rampesucres.com\/es\/aviso-legal-y-politica-de-privacidad-de-la-empresa\/","name":"Aviso legal y pol\u00edtica de privacidad | RAMPE","isPartOf":{"@id":"https:\/\/rampesucres.com\/es\/#website"},"datePublished":"2023-12-18T15:32:52+00:00","dateModified":"2026-03-16T10:53:53+00:00","description":"Consulta el aviso legal y la pol\u00edtica de privacidad de RAMPE. Informaci\u00f3n sobre protecci\u00f3n de datos, uso del sitio web y responsabilidades legales.","breadcrumb":{"@id":"https:\/\/rampesucres.com\/es\/aviso-legal-y-politica-de-privacidad-de-la-empresa\/#breadcrumb"},"inLanguage":"es","potentialAction":[{"@type":"ReadAction","target":["https:\/\/rampesucres.com\/es\/aviso-legal-y-politica-de-privacidad-de-la-empresa\/"]}]},{"@type":"BreadcrumbList","@id":"https:\/\/rampesucres.com\/es\/aviso-legal-y-politica-de-privacidad-de-la-empresa\/#breadcrumb","itemListElement":[{"@type":"ListItem","position":1,"name":"Portada","item":"https:\/\/rampesucres.com\/es\/"},{"@type":"ListItem","position":2,"name":"Aviso legal y politica de privacidad de la empresa"}]},{"@type":"WebSite","@id":"https:\/\/rampesucres.com\/es\/#website","url":"https:\/\/rampesucres.com\/es\/","name":"Rampe","description":"","publisher":{"@id":"https:\/\/rampesucres.com\/es\/#organization"},"potentialAction":[{"@type":"SearchAction","target":{"@type":"EntryPoint","urlTemplate":"https:\/\/rampesucres.com\/es\/?s={search_term_string}"},"query-input":{"@type":"PropertyValueSpecification","valueRequired":true,"valueName":"search_term_string"}}],"inLanguage":"es"},{"@type":"Organization","@id":"https:\/\/rampesucres.com\/es\/#organization","name":"Rampe","url":"https:\/\/rampesucres.com\/es\/","logo":{"@type":"ImageObject","inLanguage":"es","@id":"https:\/\/rampesucres.com\/es\/#\/schema\/logo\/image\/","url":"https:\/\/rampesucres.com\/wp-content\/uploads\/clogo_rampe-1.png","contentUrl":"https:\/\/rampesucres.com\/wp-content\/uploads\/clogo_rampe-1.png","width":140,"height":140,"caption":"Rampe"},"image":{"@id":"https:\/\/rampesucres.com\/es\/#\/schema\/logo\/image\/"}}]}},"_links":{"self":[{"href":"https:\/\/rampesucres.com\/es\/wp-json\/wp\/v2\/pages\/270","targetHints":{"allow":["GET"]}}],"collection":[{"href":"https:\/\/rampesucres.com\/es\/wp-json\/wp\/v2\/pages"}],"about":[{"href":"https:\/\/rampesucres.com\/es\/wp-json\/wp\/v2\/types\/page"}],"author":[{"embeddable":true,"href":"https:\/\/rampesucres.com\/es\/wp-json\/wp\/v2\/users\/1"}],"replies":[{"embeddable":true,"href":"https:\/\/rampesucres.com\/es\/wp-json\/wp\/v2\/comments?post=270"}],"version-history":[{"count":7,"href":"https:\/\/rampesucres.com\/es\/wp-json\/wp\/v2\/pages\/270\/revisions"}],"predecessor-version":[{"id":1722,"href":"https:\/\/rampesucres.com\/es\/wp-json\/wp\/v2\/pages\/270\/revisions\/1722"}],"wp:attachment":[{"href":"https:\/\/rampesucres.com\/es\/wp-json\/wp\/v2\/media?parent=270"}],"curies":[{"name":"wp","href":"https:\/\/api.w.org\/{rel}","templated":true}]}}