{"id":272,"date":"2023-12-18T15:33:19","date_gmt":"2023-12-18T15:33:19","guid":{"rendered":"https:\/\/rampesucres.com\/?page_id=272"},"modified":"2026-03-16T10:56:04","modified_gmt":"2026-03-16T10:56:04","slug":"politica-de-cookies","status":"publish","type":"page","link":"https:\/\/rampesucres.com\/es\/politica-de-cookies\/","title":{"rendered":"Pol\u00edtica de cookies"},"content":{"rendered":"\n<p><strong>\u00bfQU\u00c9 SON LAS COOKIES?<\/strong><\/p>\n\n\n\n<p>Las cookies son peque\u00f1os&nbsp; archivos de datos que se reciben en el terminal desde el sitio web visitado y se usan para registrar ciertas interacciones de la navegaci\u00f3n en un sitio web almacenando datos que podr\u00e1n ser actualizados y recuperados. Estos archivos se almacenan en el dispositivo del usuario y contiene datos an\u00f3nimos que no son perjudiciales para su equipo. Se utilizan para recordar las preferencias del usuario, como el idioma seleccionado, datos de acceso o personalizaci\u00f3n de la p\u00e1gina web o App.<\/p>\n\n\n\n<p>Las cookies o dispositivos de almacenamiento han estado tradicionalmente asociados a las p\u00e1ginas web. Sin embargo, estos son actualmente utilizados tanto en p\u00e1ginas web como en otro tipo de plataformas y aplicaciones (por ejemplo, las Apps para tel\u00e9fonos inteligentes y tablets).<\/p>\n\n\n\n<p>Las cookies tambi\u00e9n pueden ser utilizadas para registrar informaci\u00f3n an\u00f3nima sobre c\u00f3mo un visitante utiliza un sitio. Por ejemplo, desde qu\u00e9 p\u00e1gina web\/App ha accedido, o si ha utilizado un \u00abbanner\u00bb publicitario para llegar.<\/p>\n\n\n\n<p>Los servicios de la sociedad de la informaci\u00f3n pueden ser prestados por el editor a trav\u00e9s una plataforma, aplicaci\u00f3n inform\u00e1tica o un sitio web\/App al cual accede el usuario desde su equipo terminal.&nbsp;<\/p>\n\n\n\n<ol class=\"wp-block-list\">\n<li><strong>\u00bfPOR QU\u00c9 UTILIZAMOS COOKIES?<\/strong><\/li>\n<\/ol>\n\n\n\n<p>Utilizamos cookies propias y de terceros para analizar el uso del sitio web y mostrar publicidad con las preferencias sobre la base de un perfil elaborado a partir de los h\u00e1bitos de navegaci\u00f3n del usuario.<\/p>\n\n\n\n<p><strong>RAMPE, <\/strong>utiliza cookies T\u00e9cnicas y Anal\u00edticas para nuestro sitio web que le permitir\u00e1n utilizar \u00e1reas seguras, opciones personalizadas, etc. Adem\u00e1s, <strong>RAMPE, <\/strong>utiliza cookies que recogen datos relativos al an\u00e1lisis de uso de la web. Estas se utilizan para mejorar el servicio al usuario midiendo el uso y el rendimiento de la web, para optimizarla y personalizarla.<\/p>\n\n\n\n<p><strong>\u2022 Cookie de Google,<\/strong> ANALYTICS: Google ANALYTICS es un servicio gratuito que ofrece Google Inc. y que recoge informaci\u00f3n sobre las p\u00e1ginas de la web consultada, a qu\u00e9 hora, qu\u00e9 navegador Web, etc. Posteriormente, esta informaci\u00f3n se env\u00eda a los servidores de Google Inc.<\/p>\n\n\n\n<ol start=\"2\" class=\"wp-block-list\">\n<li><strong>\u00bfQU\u00c9 USO LE DAMOS A LOS DIFERENTES TIPOS DE COOKIES?<\/strong><\/li>\n<\/ol>\n\n\n\n<p><strong>Seg\u00fan su finalidad:<\/strong><\/p>\n\n\n\n<p><strong>\u2022 Cookies t\u00e9cnicas: <\/strong>son aquellas que permiten al usuario la navegaci\u00f3n a trav\u00e9s de una p\u00e1gina web, plataforma o aplicaci\u00f3n y la utilizaci\u00f3n de las diferentes opciones o servicios. Por ejemplo, las que sirven para el mantenimiento de la sesi\u00f3n, la gesti\u00f3n del tiempo de respuesta, rendimiento o validaci\u00f3n de opciones, utilizar elementos de seguridad y compartir contenidos.<\/p>\n\n\n\n<p><strong>\u2022 Cookies de preferencias o personalizaci\u00f3n: <\/strong>Son las que permiten recordar informaci\u00f3n para que el usuario acceda al servicio con determinadas caracter\u00edsticas que pueden diferenciar su experiencia de la de otros usuarios, como, por ejemplo, el idioma, el n\u00famero de resultados a mostrar cuando el usuario realiza una b\u00fasqueda, el aspecto o contenido del servicio en funci\u00f3n del tipo de navegador a trav\u00e9s del cual el usuario accede al servicio o de la regi\u00f3n desde la que accede al servicio, etc.&nbsp;<\/p>\n\n\n\n<p><strong>\u2022 Cookies de an\u00e1lisis o medici\u00f3n (analytics): <\/strong>Son las que permiten al responsable de las mismas el seguimiento y an\u00e1lisis del comportamiento de los usuarios de los sitios web o App a los que est\u00e1n vinculadas, incluida la cuantificaci\u00f3n de los impactos de los anuncios. La informaci\u00f3n recogida mediante este tipo de cookies se utiliza en la medici\u00f3n de la actividad de los sitios web, aplicaci\u00f3n o plataforma, con el fin de introducir mejoras en funci\u00f3n del an\u00e1lisis de los datos de uso que hacen los usuarios del servicio.<\/p>\n\n\n\n<p><strong>\u2022 Cookies publicitarias\/de publicidad:<\/strong> Son las que, tratadas por el administrador de la App o por terceros, nos permiten analizar sus h\u00e1bitos de navegaci\u00f3n en Internet para que podamos mostrarle publicidad relacionada con su perfil de navegaci\u00f3n. Las cookies publicitarias permiten la gesti\u00f3n de los espacios publicitarios en base a criterios concretos.<\/p>\n\n\n\n<p>Son las que almacenan informaci\u00f3n del comportamiento de los usuarios obtenida a trav\u00e9s de la observaci\u00f3n continuada de sus h\u00e1bitos de navegaci\u00f3n, lo que permite desarrollar un perfil espec\u00edfico para mostrar publicidad en funci\u00f3n del mismo.&nbsp;<\/p>\n\n\n\n<p><strong>Tipo de cookies seg\u00fan el plazo de tiempo que permanecer\u00e1n activas:<\/strong><\/p>\n\n\n\n<p><strong>\u2022 Cookies de sesi\u00f3n: <\/strong>Son aquellas dise\u00f1adas para recabar y almacenar datos mientras el usuario accede a una p\u00e1gina web\/App. Se suelen emplear para almacenar informaci\u00f3n que solo interesa conservar para la prestaci\u00f3n del servicio solicitado por el usuario en una sola ocasi\u00f3n (por ejemplo, una lista de productos adquiridos) y desaparecen al terminar la sesi\u00f3n.<\/p>\n\n\n\n<p><strong>\u2022 Cookies persistentes: <\/strong>Son las que los datos siguen almacenados en el terminal y pueden ser accedidos y tratados durante un periodo definido por el responsable de la cookie, y que puede ir de unos minutos a varios a\u00f1os. A este respecto debe valorarse espec\u00edficamente si es necesaria la utilizaci\u00f3n de cookies persistentes, puesto que los riesgos para la privacidad podr\u00edan reducirse mediante la utilizaci\u00f3n de cookies de sesi\u00f3n. En todo caso, cuando se instalen cookies persistentes, se recomienda reducir al m\u00ednimo necesario su duraci\u00f3n temporal atendiendo a la finalidad de su uso.<\/p>\n\n\n\n<p>Las obligaciones legales impuestas por la normativa son dos, la obligaci\u00f3n de transparencia y la obligaci\u00f3n de obtenci\u00f3n del consentimiento expl\u00edcito del usuario del sitio Web.<\/p>\n\n\n\n<p>De acuerdo con la naturaleza de su actividad empresarial, el modelo de negocio que desarrollan y el alcance de su responsabilidad, se recomienda llevar a cabo una revisi\u00f3n de las cookies que se utilizan, bien internamente, bien con el asesoramiento de entidades especializadas.<\/p>\n\n\n\n<p>Esta revisi\u00f3n tendr\u00e1 como objetivo identificar las cookies que se est\u00e1n utilizando, analizando si son cookies propias o de terceros, de sesi\u00f3n o persistentes, y concretando su funci\u00f3n para poder decidir si las mismas se encuentran o no en el \u00e1mbito de aplicaci\u00f3n del art\u00edculo 22.2. Teniendo en cuenta los posibles cambios que se pueden producir en la gesti\u00f3n y uso de las cookies, es recomendable realizar peri\u00f3dicamente esta revisi\u00f3n a fin de actualizar la informaci\u00f3n disponible sobre estas cookies. En todo caso, se recuerda la conveniencia de que las soluciones que se implementen para dar cumplimiento a las obligaciones del art. 22.2 de la LSSI deben ser tecnol\u00f3gicamente neutrales y que, por tanto, deben ser soluciones que la mayor\u00eda de navegadores reconozcan.<\/p>\n\n\n\n<p><strong>3.- ENLACE PARA LA IDENTIFICACI\u00d3N DE LAS COOKIES:<\/strong><\/p>\n\n\n\n<p>Es aconsejable que la informaci\u00f3n expuesta a trav\u00e9s de la cual gestiona las cookies (incluyendo c\u00f3mo revocar el consentimiento y eliminar las cookies) est\u00e9 a su disposici\u00f3n de forma accesible y permanente en todo momento a trav\u00e9s de la p\u00e1gina web, aplicaci\u00f3n o servicio en l\u00ednea de que se trate. A estos efectos, y sin perjuicio de otras soluciones que puedan adoptarse, se considerar\u00e1 que se cumple dicho requisito cuando el sistema de gesti\u00f3n de las cookies (panel de configuraci\u00f3n o un CMP, que permite a los propietarios&nbsp;de&nbsp;los sitios web o App obtener, gestionar y difundir el consentimiento&nbsp;de&nbsp;los consumidores) y que est\u00e9 integrado en la propia pol\u00edtica de cookies o cuando se incluya en esta pol\u00edtica un enlace que lleve directamente al sistema de gesti\u00f3n o panel de configuraci\u00f3n.<\/p>\n\n\n\n<p>Estas cookies, deben cumplir con el RGPD-UE-2016\/679, la, LOPDGDD-3\/2018, la normativa de la LSSI-CE-34\/2002, de \u00faltima modificaci\u00f3n, 09\/05\/2023, y la GUIA sobre el uso de las cookies de julio de 2023, de la AEPD con criterios de la CEPD.&nbsp;<\/p>\n\n\n\n<p><strong>COOKIES PROPIAS EN USO:<\/strong><\/p>\n\n\n\n<p><strong>Se han permitido las siguientes cookies al visitar esta p\u00e1gina web<\/strong>:<\/p>\n\n\n\n<figure class=\"wp-block-table\"><table class=\"has-fixed-layout\"><thead><tr><th>DOMINIO<\/th><th>COOKIE<\/th><th>PROVEEDOR<\/th><th>FINALIDAD<\/th><th>DURACI\u00d3N<\/th><\/tr><\/thead><tbody><tr><td><strong>RAMPESUCRES.com<\/strong><\/td><td>_ga<\/td><td>Google<\/td><td>Analytics, distingue los usuarios web.&nbsp;<\/td><td>Persistente<\/td><\/tr><tr><td><\/td><td>_ga_NPR8J46W05<\/td><td>Google<\/td><td>Analytics, distingue los usuarios web.<\/td><td>Persistente<\/td><\/tr><tr><td><\/td><td>_gat<\/td><td>Google<\/td><td>Analytics, &nbsp;Se usa para limitar el porcentaje de solicitudes.<\/td><td>Persistente<\/td><\/tr><tr><td><\/td><td>_gat_gtag_UA_8457449_1<\/td><td>Google<\/td><td>Analytics. Se usa para limitar el porcentaje de solicitudes.<\/td><td>Persistente<\/td><\/tr><tr><td><\/td><td>_gcl_au<\/td><td>Google<\/td><td>Para almacenar y realizar seguimiento de las conversiones.<\/td><td>Persistente<\/td><\/tr><tr><td><\/td><td>_gid<\/td><td>Google<\/td><td>Analytics, para distinguir usuarios.<\/td><td>Persistente<\/td><\/tr><tr><td><\/td><td>_fbp<\/td><td><\/td><td>Almacena y realiza un seguimiento de las visitas del sitio web.<\/td><td>Persitente<\/td><\/tr><\/tbody><\/table><\/figure>\n\n\n\n<figure class=\"wp-block-table\"><table class=\"has-fixed-layout\"><tbody><tr><td><\/td><td>_pin_unauth<\/td><td>Pinterest<\/td><td>Almacena historial de los usuarios web.<\/td><td>Persistente<\/td><\/tr><tr><td><\/td><td>external_id<\/td><td>HTTP<\/td><td>Para mantener la sesi\u00f3n del usuario abierta.<\/td><td>Persistente<\/td><\/tr><tr><td><\/td><td>iqitpopup_519<\/td><td>HTTP<\/td><td>Para la Newsletter.<\/td><td>Persistente<\/td><\/tr><tr><td><\/td><td>pageiew_event_id<\/td><td>HTTP<\/td><td>Carrito de la compra.<\/td><td>Persistente<\/td><\/tr><tr><td><\/td><td>PHPSESSID<\/td><td>PHP<\/td><td>Almacena informaci\u00f3n de los usuarios.<\/td><td>Sesi\u00f3n<\/td><\/tr><\/tbody><\/table><\/figure>\n\n\n\n<p><strong>COOKIES EXTERNAS EN USO:<\/strong><\/p>\n\n\n\n<p><strong>Se han permitido las siguientes cookies al visitar esta p\u00e1gina web<\/strong>:<\/p>\n\n\n\n<figure class=\"wp-block-table\"><table class=\"has-fixed-layout\"><thead><tr><th>DOMINIO<\/th><th>COOKIE<\/th><th>PROVEEDOR<\/th><th>FINALIDAD<\/th><th>DURACI\u00d3N<\/th><\/tr><\/thead><tbody><tr><td><strong>google.com<\/strong><\/td><td>AID<\/td><td>Google<\/td><td>Para mostar los anuncios m\u00e1s relevantes.<\/td><td>Persistente<\/td><\/tr><tr><td><\/td><td><\/td><td><\/td><td><\/td><td><\/td><\/tr><tr><td><strong>Doubleclick.com<\/strong><\/td><td>IDE<\/td><td>Doubleclick<\/td><td>Almacena informaci\u00f3n del uso que el usuario hace del sitio web.<\/td><td>Persistente<\/td><\/tr><tr><td><\/td><td>DSID<\/td><td>Doubleclick<\/td><td>Almacena preferencias del usuario.<\/td><td>Persistente<\/td><\/tr><\/tbody><\/table><\/figure>\n\n\n\n<figure class=\"wp-block-table\"><table class=\"has-fixed-layout\"><tbody><tr><td><strong>google.com\/es<\/strong><\/td><td>NID<\/td><td>Google<\/td><td>Almacena preserencias de los usuarios con fines publicitarios.<\/td><td>Persistente<\/td><\/tr><tr><td><strong>google.com\/es<\/strong><\/td><td>__Secure-3PAPISID<\/td><td>Google<\/td><td>Ofrece los anuncios m\u00e1s relevantes para los usuarios.<\/td><td>Persistente<\/td><\/tr><tr><td><strong>google.com\/es<\/strong><\/td><td>__Secure-3PSID<\/td><td>Google<\/td><td>Ofrece los anuncios m\u00e1s relevantes para los usuarios.<\/td><td>Persistente<\/td><\/tr><tr><td><\/td><td>__Secure-3PSIDCC<\/td><td>Google<\/td><td>Ofrece los anuncios m\u00e1s relevantes para los usuarios.<\/td><td>Persistente<\/td><\/tr><tr><td><\/td><td>__Secure-3PSIDTS<\/td><td>Google<\/td><td>Ofrece los anuncios m\u00e1s relevantes para los usuarios.<\/td><td>Persistente<\/td><\/tr><\/tbody><\/table><\/figure>\n\n\n\n<p><strong>\u00bfPOR QU\u00c9 NECESITAMOS SU CONSENTIMIENTO EXPL\u00cdCITO PARA UTILIZARLAS LAS COOKIES?<\/strong><\/p>\n\n\n\n<p>La Gu\u00eda de la AEPD de julio de 2023, con la aportaci\u00f3n de informaci\u00f3n y criterios del Comit\u00e9 Europeo en Protecci\u00f3n de Datos (CEPD), el RGPD-UE-2016\/679, art\u00edculos.5, 6, 7 y 13,&nbsp; y la LOPDGDD-3\/2018,&nbsp; art\u00edculo, 6, debe interpretarse en el sentido de que el consentimiento solo ser\u00e1 v\u00e1lido si es expl\u00edcito.&nbsp;<\/p>\n\n\n\n<p><strong>Consentimiento usuario:<\/strong> Con la aceptaci\u00f3n mediante un \u201cCheck o Bot\u00f3n\u201d con la palabra&nbsp; <strong>acepto<\/strong><strong> <\/strong>el usuario de esta web, da su <strong>consentimiento expl\u00edcito<\/strong> al tratamiento de sus datos e informaci\u00f3n aportada mediante las cookies en su dispositivo.<\/p>\n\n\n\n<p>Con un \u201cCheck o Bot\u00f3n\u201d de &nbsp;<strong>r<\/strong><strong>echazar<\/strong><strong>&nbsp; <\/strong>por parte del usuario, rechaza las cookies salvo aquellas que est\u00e9n exentas de la obligaci\u00f3n de obtener un consentimiento, como las propias o las de sesi\u00f3n.<\/p>\n\n\n\n<p>Un \u201cCheck o Bot\u00f3n\u201d&nbsp; de&nbsp; <strong>m\u00e1s <\/strong><strong>informaci\u00f3n<\/strong>, que podr\u00e1 acceder a esta Pol\u00edtica de Cookies&nbsp;<\/p>\n\n\n\n<p><strong>Consentimiento del menor:<\/strong> El RGPD-UE-2016\/679, en el art\u00edculo 8, expone, condiciones aplicables al consentimiento del ni\u00f1o en relaci\u00f3n con los servicios de la sociedad de la informaci\u00f3n.<\/p>\n\n\n\n<p>1. Cuando se aplique el art\u00edculo 6, apartado 1, letra a), en relaci\u00f3n con la oferta directa a ni\u00f1os de servicios de la sociedad de la informaci\u00f3n, el tratamiento de los datos personales de un ni\u00f1o se considerar\u00e1 l\u00edcito cuando tenga como m\u00ednimo 16 a\u00f1os. Si el ni\u00f1o es menor de 16 a\u00f1os, tal tratamiento \u00fanicamente se considerar\u00e1 l\u00edcito si el consentimiento lo dio o autoriz\u00f3 el titular de la patria potestad o tutela sobre el ni\u00f1o, y solo en la medida en que se dio o autoriz\u00f3.<\/p>\n\n\n\n<p>2. El responsable del tratamiento har\u00e1 esfuerzos razonables para verificar en tales casos que el consentimiento fue dado o autorizado por el titular de la patria potestad o tutela sobre el ni\u00f1o, teniendo en cuenta la tecnolog\u00eda disponible.<\/p>\n\n\n\n<p>Si decide modificar la configuraci\u00f3n de su acceso a la p\u00e1gina web, debe saber que es posible eliminar las cookies o impedir que se registre esta informaci\u00f3n en su equipo en cualquier momento mediante la modificaci\u00f3n de los par\u00e1metros de configuraci\u00f3n de su navegador:<\/p>\n\n\n\n<ul class=\"wp-block-list\">\n<li><a href=\"https:\/\/support.mozilla.org\/es\/kb\/habilitar-y-deshabilitar-cookies-sitios-web-rastrear-preferencias\">Configuraci\u00f3n de cookies de Firefox.<\/a><\/li>\n<\/ul>\n\n\n\n<ul class=\"wp-block-list\">\n<li><a href=\"https:\/\/support.google.com\/chrome\/answer\/95647?co=GENIE.Platform%3DDesktop&amp;hl=es-419\">Configuraci\u00f3n de cookies de Google Chrome.<\/a><\/li>\n<\/ul>\n\n\n\n<ul class=\"wp-block-list\">\n<li><a href=\"https:\/\/support.apple.com\/es-es\/guide\/safari\/sfri11471\/mac\">Configuraci\u00f3n de cookies de Safari.<\/a><\/li>\n<\/ul>\n\n\n\n<p>Estos navegadores est\u00e1n sometidos a cambios o modificaciones, por lo que no podemos garantizar que se ajusten completamente a la versi\u00f3n de su navegador. Para evitar estos desajustes, puede acceder directamente desde las opciones de su navegador que se encuentra generalmente en el men\u00fa de Opciones, en la secci\u00f3n de \u00abPrivacidad\u00bb. (Por favor, consulte la ayuda de su navegador para m\u00e1s informaci\u00f3n.)<\/p>\n\n\n\n<p><strong>\u00bfDONDE PUEDO OBTENER M\u00c1S INFORMACION?<\/strong><\/p>\n\n\n\n<p>Puedes encontrar m\u00e1s informaci\u00f3n sobre cookies en: <a href=\"about:blank\">www.allaboutcookies.org<\/a> o <a href=\"about:blank\">www.youronlinechoices.eu.<\/a><\/p>\n\n\n\n<p><strong>Actualizadas: 01\/2026<\/strong><\/p>\n","protected":false},"excerpt":{"rendered":"<p>\u00bfQU\u00c9 SON LAS COOKIES? Las cookies son peque\u00f1os&nbsp; archivos de datos que se reciben en el terminal desde el sitio web visitado y se usan para registrar ciertas interacciones de &hellip;<\/p>\n","protected":false},"author":1,"featured_media":0,"parent":0,"menu_order":0,"comment_status":"closed","ping_status":"closed","template":"","meta":{"_acf_changed":false,"footnotes":""},"class_list":["post-272","page","type-page","status-publish","hentry"],"acf":[],"yoast_head":"<!-- This site is optimized with the Yoast SEO plugin v27.2 - https:\/\/yoast.com\/product\/yoast-seo-wordpress\/ -->\n<title>Pol\u00edtica de cookies | RAMPE<\/title>\n<meta name=\"description\" content=\"Consulta la pol\u00edtica de cookies de RAMPE y c\u00f3mo utilizamos las cookies para mejorar la experiencia de navegaci\u00f3n y el funcionamiento del sitio web.\" \/>\n<meta name=\"robots\" content=\"noindex, nofollow\" \/>\n<meta property=\"og:locale\" content=\"es_ES\" \/>\n<meta property=\"og:type\" content=\"article\" \/>\n<meta property=\"og:title\" content=\"Pol\u00edtica de cookies | RAMPE\" \/>\n<meta property=\"og:description\" content=\"Consulta la pol\u00edtica de cookies de RAMPE y c\u00f3mo utilizamos las cookies para mejorar la experiencia de navegaci\u00f3n y el funcionamiento del sitio web.\" \/>\n<meta property=\"og:url\" content=\"https:\/\/rampesucres.com\/es\/politica-de-cookies\/\" \/>\n<meta property=\"og:site_name\" content=\"Rampe\" \/>\n<meta property=\"article:modified_time\" content=\"2026-03-16T10:56:04+00:00\" \/>\n<meta name=\"twitter:card\" content=\"summary_large_image\" \/>\n<meta name=\"twitter:label1\" content=\"Tiempo de lectura\" \/>\n\t<meta name=\"twitter:data1\" content=\"9 minutos\" \/>\n<script type=\"application\/ld+json\" class=\"yoast-schema-graph\">{\"@context\":\"https:\/\/schema.org\",\"@graph\":[{\"@type\":\"WebPage\",\"@id\":\"https:\/\/rampesucres.com\/es\/politica-de-cookies\/\",\"url\":\"https:\/\/rampesucres.com\/es\/politica-de-cookies\/\",\"name\":\"Pol\u00edtica de cookies | RAMPE\",\"isPartOf\":{\"@id\":\"https:\/\/rampesucres.com\/es\/#website\"},\"datePublished\":\"2023-12-18T15:33:19+00:00\",\"dateModified\":\"2026-03-16T10:56:04+00:00\",\"description\":\"Consulta la pol\u00edtica de cookies de RAMPE y c\u00f3mo utilizamos las cookies para mejorar la experiencia de navegaci\u00f3n y el funcionamiento del sitio web.\",\"breadcrumb\":{\"@id\":\"https:\/\/rampesucres.com\/es\/politica-de-cookies\/#breadcrumb\"},\"inLanguage\":\"es\",\"potentialAction\":[{\"@type\":\"ReadAction\",\"target\":[\"https:\/\/rampesucres.com\/es\/politica-de-cookies\/\"]}]},{\"@type\":\"BreadcrumbList\",\"@id\":\"https:\/\/rampesucres.com\/es\/politica-de-cookies\/#breadcrumb\",\"itemListElement\":[{\"@type\":\"ListItem\",\"position\":1,\"name\":\"Portada\",\"item\":\"https:\/\/rampesucres.com\/es\/\"},{\"@type\":\"ListItem\",\"position\":2,\"name\":\"Pol\u00edtica de cookies\"}]},{\"@type\":\"WebSite\",\"@id\":\"https:\/\/rampesucres.com\/es\/#website\",\"url\":\"https:\/\/rampesucres.com\/es\/\",\"name\":\"Rampe\",\"description\":\"\",\"publisher\":{\"@id\":\"https:\/\/rampesucres.com\/es\/#organization\"},\"potentialAction\":[{\"@type\":\"SearchAction\",\"target\":{\"@type\":\"EntryPoint\",\"urlTemplate\":\"https:\/\/rampesucres.com\/es\/?s={search_term_string}\"},\"query-input\":{\"@type\":\"PropertyValueSpecification\",\"valueRequired\":true,\"valueName\":\"search_term_string\"}}],\"inLanguage\":\"es\"},{\"@type\":\"Organization\",\"@id\":\"https:\/\/rampesucres.com\/es\/#organization\",\"name\":\"Rampe\",\"url\":\"https:\/\/rampesucres.com\/es\/\",\"logo\":{\"@type\":\"ImageObject\",\"inLanguage\":\"es\",\"@id\":\"https:\/\/rampesucres.com\/es\/#\/schema\/logo\/image\/\",\"url\":\"https:\/\/rampesucres.com\/wp-content\/uploads\/clogo_rampe-1.png\",\"contentUrl\":\"https:\/\/rampesucres.com\/wp-content\/uploads\/clogo_rampe-1.png\",\"width\":140,\"height\":140,\"caption\":\"Rampe\"},\"image\":{\"@id\":\"https:\/\/rampesucres.com\/es\/#\/schema\/logo\/image\/\"}}]}<\/script>\n<!-- \/ Yoast SEO plugin. -->","yoast_head_json":{"title":"Pol\u00edtica de cookies | RAMPE","description":"Consulta la pol\u00edtica de cookies de RAMPE y c\u00f3mo utilizamos las cookies para mejorar la experiencia de navegaci\u00f3n y el funcionamiento del sitio web.","robots":{"index":"noindex","follow":"nofollow"},"og_locale":"es_ES","og_type":"article","og_title":"Pol\u00edtica de cookies | RAMPE","og_description":"Consulta la pol\u00edtica de cookies de RAMPE y c\u00f3mo utilizamos las cookies para mejorar la experiencia de navegaci\u00f3n y el funcionamiento del sitio web.","og_url":"https:\/\/rampesucres.com\/es\/politica-de-cookies\/","og_site_name":"Rampe","article_modified_time":"2026-03-16T10:56:04+00:00","twitter_card":"summary_large_image","twitter_misc":{"Tiempo de lectura":"9 minutos"},"schema":{"@context":"https:\/\/schema.org","@graph":[{"@type":"WebPage","@id":"https:\/\/rampesucres.com\/es\/politica-de-cookies\/","url":"https:\/\/rampesucres.com\/es\/politica-de-cookies\/","name":"Pol\u00edtica de cookies | RAMPE","isPartOf":{"@id":"https:\/\/rampesucres.com\/es\/#website"},"datePublished":"2023-12-18T15:33:19+00:00","dateModified":"2026-03-16T10:56:04+00:00","description":"Consulta la pol\u00edtica de cookies de RAMPE y c\u00f3mo utilizamos las cookies para mejorar la experiencia de navegaci\u00f3n y el funcionamiento del sitio web.","breadcrumb":{"@id":"https:\/\/rampesucres.com\/es\/politica-de-cookies\/#breadcrumb"},"inLanguage":"es","potentialAction":[{"@type":"ReadAction","target":["https:\/\/rampesucres.com\/es\/politica-de-cookies\/"]}]},{"@type":"BreadcrumbList","@id":"https:\/\/rampesucres.com\/es\/politica-de-cookies\/#breadcrumb","itemListElement":[{"@type":"ListItem","position":1,"name":"Portada","item":"https:\/\/rampesucres.com\/es\/"},{"@type":"ListItem","position":2,"name":"Pol\u00edtica de cookies"}]},{"@type":"WebSite","@id":"https:\/\/rampesucres.com\/es\/#website","url":"https:\/\/rampesucres.com\/es\/","name":"Rampe","description":"","publisher":{"@id":"https:\/\/rampesucres.com\/es\/#organization"},"potentialAction":[{"@type":"SearchAction","target":{"@type":"EntryPoint","urlTemplate":"https:\/\/rampesucres.com\/es\/?s={search_term_string}"},"query-input":{"@type":"PropertyValueSpecification","valueRequired":true,"valueName":"search_term_string"}}],"inLanguage":"es"},{"@type":"Organization","@id":"https:\/\/rampesucres.com\/es\/#organization","name":"Rampe","url":"https:\/\/rampesucres.com\/es\/","logo":{"@type":"ImageObject","inLanguage":"es","@id":"https:\/\/rampesucres.com\/es\/#\/schema\/logo\/image\/","url":"https:\/\/rampesucres.com\/wp-content\/uploads\/clogo_rampe-1.png","contentUrl":"https:\/\/rampesucres.com\/wp-content\/uploads\/clogo_rampe-1.png","width":140,"height":140,"caption":"Rampe"},"image":{"@id":"https:\/\/rampesucres.com\/es\/#\/schema\/logo\/image\/"}}]}},"_links":{"self":[{"href":"https:\/\/rampesucres.com\/es\/wp-json\/wp\/v2\/pages\/272","targetHints":{"allow":["GET"]}}],"collection":[{"href":"https:\/\/rampesucres.com\/es\/wp-json\/wp\/v2\/pages"}],"about":[{"href":"https:\/\/rampesucres.com\/es\/wp-json\/wp\/v2\/types\/page"}],"author":[{"embeddable":true,"href":"https:\/\/rampesucres.com\/es\/wp-json\/wp\/v2\/users\/1"}],"replies":[{"embeddable":true,"href":"https:\/\/rampesucres.com\/es\/wp-json\/wp\/v2\/comments?post=272"}],"version-history":[{"count":1,"href":"https:\/\/rampesucres.com\/es\/wp-json\/wp\/v2\/pages\/272\/revisions"}],"predecessor-version":[{"id":1640,"href":"https:\/\/rampesucres.com\/es\/wp-json\/wp\/v2\/pages\/272\/revisions\/1640"}],"wp:attachment":[{"href":"https:\/\/rampesucres.com\/es\/wp-json\/wp\/v2\/media?parent=272"}],"curies":[{"name":"wp","href":"https:\/\/api.w.org\/{rel}","templated":true}]}}