{"id":459,"date":"2025-11-04T14:28:36","date_gmt":"2025-11-04T14:28:36","guid":{"rendered":"https:\/\/rampesucres.com\/?page_id=459"},"modified":"2026-03-16T09:21:43","modified_gmt":"2026-03-16T09:21:43","slug":"empresa","status":"publish","type":"page","link":"https:\/\/rampesucres.com\/es\/empresa\/","title":{"rendered":"Empresa"},"content":{"rendered":"","protected":false},"excerpt":{"rendered":"","protected":false},"author":1,"featured_media":0,"parent":0,"menu_order":0,"comment_status":"closed","ping_status":"closed","template":"page-templates\/page-flexible-title.php","meta":{"_acf_changed":false,"footnotes":""},"class_list":["post-459","page","type-page","status-publish","hentry"],"acf":[],"yoast_head":"<!-- This site is optimized with the Yoast SEO plugin v27.3 - https:\/\/yoast.com\/product\/yoast-seo-wordpress\/ -->\n<title>RAMPE | Empresa especializada en envasado en monodosis<\/title>\n<meta name=\"description\" content=\"Conoce RAMPE, empresa especializada en el envasado de productos alimentarios en dosis individuales desde 1973. Soluciones personalizadas, dise\u00f1o, impresi\u00f3n y log\u00edstica.\" \/>\n<meta name=\"robots\" content=\"index, follow, max-snippet:-1, max-image-preview:large, max-video-preview:-1\" \/>\n<link rel=\"canonical\" href=\"https:\/\/rampesucres.com\/es\/empresa\/\" \/>\n<meta property=\"og:locale\" content=\"es_ES\" \/>\n<meta property=\"og:type\" content=\"article\" \/>\n<meta property=\"og:title\" content=\"RAMPE | Empresa especializada en envasado en monodosis\" \/>\n<meta property=\"og:description\" content=\"Conoce RAMPE, empresa especializada en el envasado de productos alimentarios en dosis individuales desde 1973. Soluciones personalizadas, dise\u00f1o, impresi\u00f3n y log\u00edstica.\" \/>\n<meta property=\"og:url\" content=\"https:\/\/rampesucres.com\/es\/empresa\/\" \/>\n<meta property=\"og:site_name\" content=\"Rampe\" \/>\n<meta property=\"article:modified_time\" content=\"2026-03-16T09:21:43+00:00\" \/>\n<meta name=\"twitter:card\" content=\"summary_large_image\" \/>\n<script type=\"application\/ld+json\" class=\"yoast-schema-graph\">{\"@context\":\"https:\\\/\\\/schema.org\",\"@graph\":[{\"@type\":\"WebPage\",\"@id\":\"https:\\\/\\\/rampesucres.com\\\/es\\\/empresa\\\/\",\"url\":\"https:\\\/\\\/rampesucres.com\\\/es\\\/empresa\\\/\",\"name\":\"RAMPE | Empresa especializada en envasado en monodosis\",\"isPartOf\":{\"@id\":\"https:\\\/\\\/rampesucres.com\\\/es\\\/#website\"},\"datePublished\":\"2025-11-04T14:28:36+00:00\",\"dateModified\":\"2026-03-16T09:21:43+00:00\",\"description\":\"Conoce RAMPE, empresa especializada en el envasado de productos alimentarios en dosis individuales desde 1973. Soluciones personalizadas, dise\u00f1o, impresi\u00f3n y log\u00edstica.\",\"breadcrumb\":{\"@id\":\"https:\\\/\\\/rampesucres.com\\\/es\\\/empresa\\\/#breadcrumb\"},\"inLanguage\":\"es\",\"potentialAction\":[{\"@type\":\"ReadAction\",\"target\":[\"https:\\\/\\\/rampesucres.com\\\/es\\\/empresa\\\/\"]}]},{\"@type\":\"BreadcrumbList\",\"@id\":\"https:\\\/\\\/rampesucres.com\\\/es\\\/empresa\\\/#breadcrumb\",\"itemListElement\":[{\"@type\":\"ListItem\",\"position\":1,\"name\":\"Portada\",\"item\":\"https:\\\/\\\/rampesucres.com\\\/es\\\/\"},{\"@type\":\"ListItem\",\"position\":2,\"name\":\"Empresa\"}]},{\"@type\":\"WebSite\",\"@id\":\"https:\\\/\\\/rampesucres.com\\\/es\\\/#website\",\"url\":\"https:\\\/\\\/rampesucres.com\\\/es\\\/\",\"name\":\"Rampe\",\"description\":\"\",\"publisher\":{\"@id\":\"https:\\\/\\\/rampesucres.com\\\/es\\\/#organization\"},\"potentialAction\":[{\"@type\":\"SearchAction\",\"target\":{\"@type\":\"EntryPoint\",\"urlTemplate\":\"https:\\\/\\\/rampesucres.com\\\/es\\\/?s={search_term_string}\"},\"query-input\":{\"@type\":\"PropertyValueSpecification\",\"valueRequired\":true,\"valueName\":\"search_term_string\"}}],\"inLanguage\":\"es\"},{\"@type\":\"Organization\",\"@id\":\"https:\\\/\\\/rampesucres.com\\\/es\\\/#organization\",\"name\":\"Rampe\",\"url\":\"https:\\\/\\\/rampesucres.com\\\/es\\\/\",\"logo\":{\"@type\":\"ImageObject\",\"inLanguage\":\"es\",\"@id\":\"https:\\\/\\\/rampesucres.com\\\/es\\\/#\\\/schema\\\/logo\\\/image\\\/\",\"url\":\"https:\\\/\\\/rampesucres.com\\\/wp-content\\\/uploads\\\/clogo_rampe-1.png\",\"contentUrl\":\"https:\\\/\\\/rampesucres.com\\\/wp-content\\\/uploads\\\/clogo_rampe-1.png\",\"width\":140,\"height\":140,\"caption\":\"Rampe\"},\"image\":{\"@id\":\"https:\\\/\\\/rampesucres.com\\\/es\\\/#\\\/schema\\\/logo\\\/image\\\/\"}}]}<\/script>\n<!-- \/ Yoast SEO plugin. -->","yoast_head_json":{"title":"RAMPE | Empresa especializada en envasado en monodosis","description":"Conoce RAMPE, empresa especializada en el envasado de productos alimentarios en dosis individuales desde 1973. Soluciones personalizadas, dise\u00f1o, impresi\u00f3n y log\u00edstica.","robots":{"index":"index","follow":"follow","max-snippet":"max-snippet:-1","max-image-preview":"max-image-preview:large","max-video-preview":"max-video-preview:-1"},"canonical":"https:\/\/rampesucres.com\/es\/empresa\/","og_locale":"es_ES","og_type":"article","og_title":"RAMPE | Empresa especializada en envasado en monodosis","og_description":"Conoce RAMPE, empresa especializada en el envasado de productos alimentarios en dosis individuales desde 1973. Soluciones personalizadas, dise\u00f1o, impresi\u00f3n y log\u00edstica.","og_url":"https:\/\/rampesucres.com\/es\/empresa\/","og_site_name":"Rampe","article_modified_time":"2026-03-16T09:21:43+00:00","twitter_card":"summary_large_image","schema":{"@context":"https:\/\/schema.org","@graph":[{"@type":"WebPage","@id":"https:\/\/rampesucres.com\/es\/empresa\/","url":"https:\/\/rampesucres.com\/es\/empresa\/","name":"RAMPE | Empresa especializada en envasado en monodosis","isPartOf":{"@id":"https:\/\/rampesucres.com\/es\/#website"},"datePublished":"2025-11-04T14:28:36+00:00","dateModified":"2026-03-16T09:21:43+00:00","description":"Conoce RAMPE, empresa especializada en el envasado de productos alimentarios en dosis individuales desde 1973. Soluciones personalizadas, dise\u00f1o, impresi\u00f3n y log\u00edstica.","breadcrumb":{"@id":"https:\/\/rampesucres.com\/es\/empresa\/#breadcrumb"},"inLanguage":"es","potentialAction":[{"@type":"ReadAction","target":["https:\/\/rampesucres.com\/es\/empresa\/"]}]},{"@type":"BreadcrumbList","@id":"https:\/\/rampesucres.com\/es\/empresa\/#breadcrumb","itemListElement":[{"@type":"ListItem","position":1,"name":"Portada","item":"https:\/\/rampesucres.com\/es\/"},{"@type":"ListItem","position":2,"name":"Empresa"}]},{"@type":"WebSite","@id":"https:\/\/rampesucres.com\/es\/#website","url":"https:\/\/rampesucres.com\/es\/","name":"Rampe","description":"","publisher":{"@id":"https:\/\/rampesucres.com\/es\/#organization"},"potentialAction":[{"@type":"SearchAction","target":{"@type":"EntryPoint","urlTemplate":"https:\/\/rampesucres.com\/es\/?s={search_term_string}"},"query-input":{"@type":"PropertyValueSpecification","valueRequired":true,"valueName":"search_term_string"}}],"inLanguage":"es"},{"@type":"Organization","@id":"https:\/\/rampesucres.com\/es\/#organization","name":"Rampe","url":"https:\/\/rampesucres.com\/es\/","logo":{"@type":"ImageObject","inLanguage":"es","@id":"https:\/\/rampesucres.com\/es\/#\/schema\/logo\/image\/","url":"https:\/\/rampesucres.com\/wp-content\/uploads\/clogo_rampe-1.png","contentUrl":"https:\/\/rampesucres.com\/wp-content\/uploads\/clogo_rampe-1.png","width":140,"height":140,"caption":"Rampe"},"image":{"@id":"https:\/\/rampesucres.com\/es\/#\/schema\/logo\/image\/"}}]}},"_links":{"self":[{"href":"https:\/\/rampesucres.com\/es\/wp-json\/wp\/v2\/pages\/459","targetHints":{"allow":["GET"]}}],"collection":[{"href":"https:\/\/rampesucres.com\/es\/wp-json\/wp\/v2\/pages"}],"about":[{"href":"https:\/\/rampesucres.com\/es\/wp-json\/wp\/v2\/types\/page"}],"author":[{"embeddable":true,"href":"https:\/\/rampesucres.com\/es\/wp-json\/wp\/v2\/users\/1"}],"replies":[{"embeddable":true,"href":"https:\/\/rampesucres.com\/es\/wp-json\/wp\/v2\/comments?post=459"}],"version-history":[{"count":1,"href":"https:\/\/rampesucres.com\/es\/wp-json\/wp\/v2\/pages\/459\/revisions"}],"predecessor-version":[{"id":1736,"href":"https:\/\/rampesucres.com\/es\/wp-json\/wp\/v2\/pages\/459\/revisions\/1736"}],"wp:attachment":[{"href":"https:\/\/rampesucres.com\/es\/wp-json\/wp\/v2\/media?parent=459"}],"curies":[{"name":"wp","href":"https:\/\/api.w.org\/{rel}","templated":true}]}}