{"id":755,"date":"2025-11-25T12:29:08","date_gmt":"2025-11-25T12:29:08","guid":{"rendered":"https:\/\/rampesucres.com\/?post_type=product&#038;p=755"},"modified":"2026-03-16T11:17:44","modified_gmt":"2026-03-16T11:17:44","slug":"azucar-ecologico","status":"publish","type":"product","link":"https:\/\/rampesucres.com\/es\/productos\/azucar-ecologico\/","title":{"rendered":"Az\u00facar ecol\u00f3gico"},"content":{"rendered":"<p>Az\u00facar procedente de ca\u00f1a de az\u00facar, cultivada seg\u00fan la normativa de la Certificaci\u00f3n de Agricultura Ecol\u00f3gica, de forma responsable, respetando la naturaleza y los procesos tradicionales. Cada grano refleja un compromiso con el medio ambiente y con un consumo consciente, sin renunciar al placer de un dulzor de calidad natural y aut\u00e9ntico.<\/p>\n","protected":false},"excerpt":{"rendered":"<p>Az\u00facar obtenido a partir de la ca\u00f1a de az\u00facar, cultivado siguiendo la normativa de la Agricultura Ecol\u00f3gica, asegurando el respeto con el medio ambiente.<\/p>\n","protected":false},"featured_media":756,"template":"","meta":{"_acf_changed":false},"product_brand":[],"product_cat":[51],"product_tag":[],"material":[94,75,92,93],"class_list":{"0":"post-755","1":"product","2":"type-product","3":"status-publish","4":"has-post-thumbnail","6":"product_cat-azucar","7":"material-kraft-reciclable-y-compostable","8":"material-kraft","9":"material-blanco","10":"material-blanco-reciclable-y-compostable","12":"first","13":"instock","14":"sold-individually","15":"taxable","16":"shipping-taxable","17":"purchasable","18":"product-type-variable"},"acf":[],"yoast_head":"<!-- This site is optimized with the Yoast SEO plugin v27.3 - https:\/\/yoast.com\/product\/yoast-seo-wordpress\/ -->\n<title>Az\u00facar ecol\u00f3gico en monodosis | RAMPE<\/title>\n<meta name=\"description\" content=\"Az\u00facar ecol\u00f3gico de ca\u00f1a en monodosis personalizadas. Sobres bio ideales para hosteler\u00eda, empresas y eventos con distintos formatos y gramajes.\" \/>\n<meta name=\"robots\" content=\"index, follow, max-snippet:-1, max-image-preview:large, max-video-preview:-1\" \/>\n<link rel=\"canonical\" href=\"https:\/\/rampesucres.com\/es\/productos\/azucar-ecologico\/\" \/>\n<meta property=\"og:locale\" content=\"es_ES\" \/>\n<meta property=\"og:type\" content=\"article\" \/>\n<meta property=\"og:title\" content=\"Az\u00facar ecol\u00f3gico en monodosis | RAMPE\" \/>\n<meta property=\"og:description\" content=\"Az\u00facar ecol\u00f3gico de ca\u00f1a en monodosis personalizadas. Sobres bio ideales para hosteler\u00eda, empresas y eventos con distintos formatos y gramajes.\" \/>\n<meta property=\"og:url\" content=\"https:\/\/rampesucres.com\/es\/productos\/azucar-ecologico\/\" \/>\n<meta property=\"og:site_name\" content=\"Rampe\" \/>\n<meta property=\"article:modified_time\" content=\"2026-03-16T11:17:44+00:00\" \/>\n<meta property=\"og:image\" content=\"https:\/\/rampesucres.com\/wp-content\/uploads\/WEB_Rampeeco.webp\" \/>\n\t<meta property=\"og:image:width\" content=\"700\" \/>\n\t<meta property=\"og:image:height\" content=\"700\" \/>\n\t<meta property=\"og:image:type\" content=\"image\/webp\" \/>\n<meta name=\"twitter:card\" content=\"summary_large_image\" \/>\n<meta name=\"twitter:label1\" content=\"Tiempo de lectura\" \/>\n\t<meta name=\"twitter:data1\" content=\"1 minuto\" \/>\n<script type=\"application\/ld+json\" class=\"yoast-schema-graph\">{\"@context\":\"https:\\\/\\\/schema.org\",\"@graph\":[{\"@type\":\"WebPage\",\"@id\":\"https:\\\/\\\/rampesucres.com\\\/es\\\/productos\\\/azucar-ecologico\\\/\",\"url\":\"https:\\\/\\\/rampesucres.com\\\/es\\\/productos\\\/azucar-ecologico\\\/\",\"name\":\"Az\u00facar ecol\u00f3gico en monodosis | RAMPE\",\"isPartOf\":{\"@id\":\"https:\\\/\\\/rampesucres.com\\\/es\\\/#website\"},\"primaryImageOfPage\":{\"@id\":\"https:\\\/\\\/rampesucres.com\\\/es\\\/productos\\\/azucar-ecologico\\\/#primaryimage\"},\"image\":{\"@id\":\"https:\\\/\\\/rampesucres.com\\\/es\\\/productos\\\/azucar-ecologico\\\/#primaryimage\"},\"thumbnailUrl\":\"https:\\\/\\\/rampesucres.com\\\/wp-content\\\/uploads\\\/WEB_Rampeeco.webp\",\"datePublished\":\"2025-11-25T12:29:08+00:00\",\"dateModified\":\"2026-03-16T11:17:44+00:00\",\"description\":\"Az\u00facar ecol\u00f3gico de ca\u00f1a en monodosis personalizadas. Sobres bio ideales para hosteler\u00eda, empresas y eventos con distintos formatos y gramajes.\",\"breadcrumb\":{\"@id\":\"https:\\\/\\\/rampesucres.com\\\/es\\\/productos\\\/azucar-ecologico\\\/#breadcrumb\"},\"inLanguage\":\"es\",\"potentialAction\":[{\"@type\":\"ReadAction\",\"target\":[\"https:\\\/\\\/rampesucres.com\\\/es\\\/productos\\\/azucar-ecologico\\\/\"]}]},{\"@type\":\"ImageObject\",\"inLanguage\":\"es\",\"@id\":\"https:\\\/\\\/rampesucres.com\\\/es\\\/productos\\\/azucar-ecologico\\\/#primaryimage\",\"url\":\"https:\\\/\\\/rampesucres.com\\\/wp-content\\\/uploads\\\/WEB_Rampeeco.webp\",\"contentUrl\":\"https:\\\/\\\/rampesucres.com\\\/wp-content\\\/uploads\\\/WEB_Rampeeco.webp\",\"width\":700,\"height\":700},{\"@type\":\"BreadcrumbList\",\"@id\":\"https:\\\/\\\/rampesucres.com\\\/es\\\/productos\\\/azucar-ecologico\\\/#breadcrumb\",\"itemListElement\":[{\"@type\":\"ListItem\",\"position\":1,\"name\":\"Portada\",\"item\":\"https:\\\/\\\/rampesucres.com\\\/es\\\/\"},{\"@type\":\"ListItem\",\"position\":2,\"name\":\"Tienda online\",\"item\":\"https:\\\/\\\/rampesucres.com\\\/es\\\/tienda-online\\\/\"},{\"@type\":\"ListItem\",\"position\":3,\"name\":\"Az\u00facar ecol\u00f3gico\"}]},{\"@type\":\"WebSite\",\"@id\":\"https:\\\/\\\/rampesucres.com\\\/es\\\/#website\",\"url\":\"https:\\\/\\\/rampesucres.com\\\/es\\\/\",\"name\":\"Rampe\",\"description\":\"\",\"publisher\":{\"@id\":\"https:\\\/\\\/rampesucres.com\\\/es\\\/#organization\"},\"potentialAction\":[{\"@type\":\"SearchAction\",\"target\":{\"@type\":\"EntryPoint\",\"urlTemplate\":\"https:\\\/\\\/rampesucres.com\\\/es\\\/?s={search_term_string}\"},\"query-input\":{\"@type\":\"PropertyValueSpecification\",\"valueRequired\":true,\"valueName\":\"search_term_string\"}}],\"inLanguage\":\"es\"},{\"@type\":\"Organization\",\"@id\":\"https:\\\/\\\/rampesucres.com\\\/es\\\/#organization\",\"name\":\"Rampe\",\"url\":\"https:\\\/\\\/rampesucres.com\\\/es\\\/\",\"logo\":{\"@type\":\"ImageObject\",\"inLanguage\":\"es\",\"@id\":\"https:\\\/\\\/rampesucres.com\\\/es\\\/#\\\/schema\\\/logo\\\/image\\\/\",\"url\":\"https:\\\/\\\/rampesucres.com\\\/wp-content\\\/uploads\\\/clogo_rampe-1.png\",\"contentUrl\":\"https:\\\/\\\/rampesucres.com\\\/wp-content\\\/uploads\\\/clogo_rampe-1.png\",\"width\":140,\"height\":140,\"caption\":\"Rampe\"},\"image\":{\"@id\":\"https:\\\/\\\/rampesucres.com\\\/es\\\/#\\\/schema\\\/logo\\\/image\\\/\"}}]}<\/script>\n<!-- \/ Yoast SEO plugin. -->","yoast_head_json":{"title":"Az\u00facar ecol\u00f3gico en monodosis | RAMPE","description":"Az\u00facar ecol\u00f3gico de ca\u00f1a en monodosis personalizadas. Sobres bio ideales para hosteler\u00eda, empresas y eventos con distintos formatos y gramajes.","robots":{"index":"index","follow":"follow","max-snippet":"max-snippet:-1","max-image-preview":"max-image-preview:large","max-video-preview":"max-video-preview:-1"},"canonical":"https:\/\/rampesucres.com\/es\/productos\/azucar-ecologico\/","og_locale":"es_ES","og_type":"article","og_title":"Az\u00facar ecol\u00f3gico en monodosis | RAMPE","og_description":"Az\u00facar ecol\u00f3gico de ca\u00f1a en monodosis personalizadas. Sobres bio ideales para hosteler\u00eda, empresas y eventos con distintos formatos y gramajes.","og_url":"https:\/\/rampesucres.com\/es\/productos\/azucar-ecologico\/","og_site_name":"Rampe","article_modified_time":"2026-03-16T11:17:44+00:00","og_image":[{"width":700,"height":700,"url":"https:\/\/rampesucres.com\/wp-content\/uploads\/WEB_Rampeeco.webp","type":"image\/webp"}],"twitter_card":"summary_large_image","twitter_misc":{"Tiempo de lectura":"1 minuto"},"schema":{"@context":"https:\/\/schema.org","@graph":[{"@type":"WebPage","@id":"https:\/\/rampesucres.com\/es\/productos\/azucar-ecologico\/","url":"https:\/\/rampesucres.com\/es\/productos\/azucar-ecologico\/","name":"Az\u00facar ecol\u00f3gico en monodosis | RAMPE","isPartOf":{"@id":"https:\/\/rampesucres.com\/es\/#website"},"primaryImageOfPage":{"@id":"https:\/\/rampesucres.com\/es\/productos\/azucar-ecologico\/#primaryimage"},"image":{"@id":"https:\/\/rampesucres.com\/es\/productos\/azucar-ecologico\/#primaryimage"},"thumbnailUrl":"https:\/\/rampesucres.com\/wp-content\/uploads\/WEB_Rampeeco.webp","datePublished":"2025-11-25T12:29:08+00:00","dateModified":"2026-03-16T11:17:44+00:00","description":"Az\u00facar ecol\u00f3gico de ca\u00f1a en monodosis personalizadas. Sobres bio ideales para hosteler\u00eda, empresas y eventos con distintos formatos y gramajes.","breadcrumb":{"@id":"https:\/\/rampesucres.com\/es\/productos\/azucar-ecologico\/#breadcrumb"},"inLanguage":"es","potentialAction":[{"@type":"ReadAction","target":["https:\/\/rampesucres.com\/es\/productos\/azucar-ecologico\/"]}]},{"@type":"ImageObject","inLanguage":"es","@id":"https:\/\/rampesucres.com\/es\/productos\/azucar-ecologico\/#primaryimage","url":"https:\/\/rampesucres.com\/wp-content\/uploads\/WEB_Rampeeco.webp","contentUrl":"https:\/\/rampesucres.com\/wp-content\/uploads\/WEB_Rampeeco.webp","width":700,"height":700},{"@type":"BreadcrumbList","@id":"https:\/\/rampesucres.com\/es\/productos\/azucar-ecologico\/#breadcrumb","itemListElement":[{"@type":"ListItem","position":1,"name":"Portada","item":"https:\/\/rampesucres.com\/es\/"},{"@type":"ListItem","position":2,"name":"Tienda online","item":"https:\/\/rampesucres.com\/es\/tienda-online\/"},{"@type":"ListItem","position":3,"name":"Az\u00facar ecol\u00f3gico"}]},{"@type":"WebSite","@id":"https:\/\/rampesucres.com\/es\/#website","url":"https:\/\/rampesucres.com\/es\/","name":"Rampe","description":"","publisher":{"@id":"https:\/\/rampesucres.com\/es\/#organization"},"potentialAction":[{"@type":"SearchAction","target":{"@type":"EntryPoint","urlTemplate":"https:\/\/rampesucres.com\/es\/?s={search_term_string}"},"query-input":{"@type":"PropertyValueSpecification","valueRequired":true,"valueName":"search_term_string"}}],"inLanguage":"es"},{"@type":"Organization","@id":"https:\/\/rampesucres.com\/es\/#organization","name":"Rampe","url":"https:\/\/rampesucres.com\/es\/","logo":{"@type":"ImageObject","inLanguage":"es","@id":"https:\/\/rampesucres.com\/es\/#\/schema\/logo\/image\/","url":"https:\/\/rampesucres.com\/wp-content\/uploads\/clogo_rampe-1.png","contentUrl":"https:\/\/rampesucres.com\/wp-content\/uploads\/clogo_rampe-1.png","width":140,"height":140,"caption":"Rampe"},"image":{"@id":"https:\/\/rampesucres.com\/es\/#\/schema\/logo\/image\/"}}]}},"_links":{"self":[{"href":"https:\/\/rampesucres.com\/es\/wp-json\/wp\/v2\/product\/755","targetHints":{"allow":["GET"]}}],"collection":[{"href":"https:\/\/rampesucres.com\/es\/wp-json\/wp\/v2\/product"}],"about":[{"href":"https:\/\/rampesucres.com\/es\/wp-json\/wp\/v2\/types\/product"}],"wp:featuredmedia":[{"embeddable":true,"href":"https:\/\/rampesucres.com\/es\/wp-json\/wp\/v2\/media\/756"}],"wp:attachment":[{"href":"https:\/\/rampesucres.com\/es\/wp-json\/wp\/v2\/media?parent=755"}],"wp:term":[{"taxonomy":"product_brand","embeddable":true,"href":"https:\/\/rampesucres.com\/es\/wp-json\/wp\/v2\/product_brand?post=755"},{"taxonomy":"product_cat","embeddable":true,"href":"https:\/\/rampesucres.com\/es\/wp-json\/wp\/v2\/product_cat?post=755"},{"taxonomy":"product_tag","embeddable":true,"href":"https:\/\/rampesucres.com\/es\/wp-json\/wp\/v2\/product_tag?post=755"},{"taxonomy":"material","embeddable":true,"href":"https:\/\/rampesucres.com\/es\/wp-json\/wp\/v2\/material?post=755"}],"curies":[{"name":"wp","href":"https:\/\/api.w.org\/{rel}","templated":true}]}}