{"id":1153,"date":"2023-12-18T15:33:19","date_gmt":"2023-12-18T15:33:19","guid":{"rendered":"https:\/\/rampesucres.com\/politica-de-cookies\/"},"modified":"2026-03-16T10:57:18","modified_gmt":"2026-03-16T10:57:18","slug":"politique-de-cookies","status":"publish","type":"page","link":"https:\/\/rampesucres.com\/fr\/politique-de-cookies\/","title":{"rendered":"Politique de cookies"},"content":{"rendered":"\n<p><strong>QU\u2019EST-CE QUE LES COOKIES ?<\/strong><\/p>\n\n\n\n<p>Les cookies sont de petits fichiers de donn\u00e9es re\u00e7us sur le terminal de l\u2019utilisateur depuis le site web visit\u00e9. Ils sont utilis\u00e9s pour enregistrer certaines interactions de navigation sur un site web, en stockant des donn\u00e9es pouvant \u00eatre mises \u00e0 jour et r\u00e9cup\u00e9r\u00e9es ult\u00e9rieurement. Ces fichiers sont stock\u00e9s sur l\u2019appareil de l\u2019utilisateur et contiennent des donn\u00e9es anonymes qui ne sont pas nuisibles \u00e0 son \u00e9quipement. Ils servent \u00e0 m\u00e9moriser les pr\u00e9f\u00e9rences de l\u2019utilisateur, telles que la langue s\u00e9lectionn\u00e9e, les donn\u00e9es d\u2019acc\u00e8s ou la personnalisation du site web ou de l\u2019Application.<\/p>\n\n\n\n<p>Les cookies ou dispositifs de stockage ont traditionnellement \u00e9t\u00e9 associ\u00e9s aux sites web. Toutefois, ils sont aujourd\u2019hui utilis\u00e9s aussi bien sur les sites web que sur d\u2019autres plateformes et applications (par exemple, les applications pour smartphones et tablettes).<\/p>\n\n\n\n<p>Les cookies peuvent \u00e9galement \u00eatre utilis\u00e9s pour enregistrer des informations anonymes sur la mani\u00e8re dont un visiteur utilise un site. Par exemple, depuis quel site web ou Application il a acc\u00e9d\u00e9, ou s\u2019il a utilis\u00e9 une banni\u00e8re publicitaire pour y parvenir.<\/p>\n\n\n\n<p>Les services de la soci\u00e9t\u00e9 de l\u2019information peuvent \u00eatre fournis par l\u2019\u00e9diteur via une plateforme, une application informatique ou un site web\/Application auquel l\u2019utilisateur acc\u00e8de depuis son terminal.<\/p>\n\n\n\n<p><strong>1. POURQUOI UTILISONS-NOUS DES COOKIES ?<\/strong><\/p>\n\n\n\n<p>Nous utilisons des cookies propres et de tiers afin d\u2019analyser l\u2019utilisation du site web et d\u2019afficher de la publicit\u00e9 adapt\u00e9e aux pr\u00e9f\u00e9rences, sur la base d\u2019un profil \u00e9labor\u00e9 \u00e0 partir des habitudes de navigation de l\u2019utilisateur.<\/p>\n\n\n\n<p>RAMPE utilise des cookies techniques et analytiques sur son site web, qui permettent notamment l\u2019utilisation de zones s\u00e9curis\u00e9es, d\u2019options personnalis\u00e9es, etc. En outre, RAMPE utilise des cookies collectant des donn\u00e9es relatives \u00e0 l\u2019analyse de l\u2019utilisation du site web. Ces cookies sont utilis\u00e9s pour am\u00e9liorer le service offert \u00e0 l\u2019utilisateur, en mesurant l\u2019utilisation et les performances du site web, afin de l\u2019optimiser et de le personnaliser.<\/p>\n\n\n\n<ul class=\"wp-block-list\">\n<li><strong>Cookie Google ANALYTICS<\/strong> : Google Analytics est un service gratuit fourni par Google Inc. qui collecte des informations sur les pages du site web vigil\u00e9es, l\u2019heure de consultation, le navigateur web utilis\u00e9, etc. Ces informations sont ensuite transmises aux serveurs de Google Inc.<\/li>\n<\/ul>\n\n\n\n<p><strong>2. QUEL USAGE FAISONS-NOUS DES DIFF\u00c9RENTS TYPES DE COOKIES ?<\/strong><\/p>\n\n\n\n<p><strong>Selon leur finalit\u00e9 :<\/strong><\/p>\n\n\n\n<ul class=\"wp-block-list\">\n<li><strong>Cookies techniques<\/strong> : ce sont celles qui permettent \u00e0 l\u2019utilisateur de naviguer sur un site web, une plateforme ou une application et d\u2019utiliser les diff\u00e9rentes options ou services disponibles. Par exemple, celles utilis\u00e9es pour la gestion de la session, le contr\u00f4le du temps de r\u00e9ponse, les performances, la validation d\u2019options, l\u2019utilisation d\u2019\u00e9l\u00e9ments de s\u00e9curit\u00e9 ou le partage de contenus.<\/li>\n\n\n\n<li><strong>Cookies de pr\u00e9f\u00e9rences ou de personnalisation<\/strong> : elles permettent de m\u00e9moriser des informations afin que l\u2019utilisateur acc\u00e8de au service avec certaines caract\u00e9ristiques pouvant diff\u00e9rencier son exp\u00e9rience de celle d\u2019autres utilisateurs, telles que la langue, le nombre de r\u00e9sultats \u00e0 afficher lors d\u2019une recherche, l\u2019apparence ou le contenu du service en fonction du type de navigateur utilis\u00e9 ou de la r\u00e9gion depuis laquelle l\u2019utilisateur acc\u00e8de au service.<\/li>\n\n\n\n<li><strong>Cookies d\u2019analyse ou de mesure (analytics)<\/strong> : ce sont celles qui permettent \u00e0 leur responsable de suivre et d\u2019analyser le comportement des utilisateurs des sites web ou Applications auxquels elles sont associ\u00e9es, y compris la quantification de l\u2019impact des publicit\u00e9s. Les informations collect\u00e9es par ce type de cookies sont utilis\u00e9es pour mesurer l\u2019activit\u00e9 des sites web, applications ou plateformes, afin d\u2019introduire des am\u00e9liorations bas\u00e9es sur l\u2019analyse des donn\u00e9es d\u2019utilisation du service par les utilisateurs.<\/li>\n\n\n\n<li><strong>Cookies publicitaires \/ de publicit\u00e9<\/strong> : ce sont celles qui, trait\u00e9es par l\u2019administrateur de l\u2019Application ou par des tiers, permettent d\u2019analyser les habitudes de navigation des utilisateurs sur Internet afin de leur afficher des publicit\u00e9s en lien avec leur profil de navigation. Les cookies publicitaires permettent la gestion des espaces publicitaires selon des crit\u00e8res sp\u00e9cifiques.<\/li>\n<\/ul>\n\n\n\n<p>Ces cookies stockent des informations sur le comportement des utilisateurs obtenues par l\u2019observation continue de leurs habitudes de navigation, ce qui permet d\u2019\u00e9laborer un profil sp\u00e9cifique afin d\u2019afficher de la publicit\u00e9 en fonction de celui-ci.<\/p>\n\n\n\n<p><strong>Types de cookies selon la dur\u00e9e pendant laquelle elles restent actives<\/strong><\/p>\n\n\n\n<ul class=\"wp-block-list\">\n<li><strong>Cookies de session<\/strong> :<br>Ce sont des cookies con\u00e7us pour collecter et stocker des donn\u00e9es pendant que l\u2019utilisateur acc\u00e8de \u00e0 un site web ou \u00e0 une Application. Elles sont g\u00e9n\u00e9ralement utilis\u00e9es pour conserver des informations n\u00e9cessaires uniquement \u00e0 la fourniture du service demand\u00e9 par l\u2019utilisateur lors d\u2019une seule session (par exemple, une liste de produits achet\u00e9s) et disparaissent \u00e0 la fin de la session.<\/li>\n\n\n\n<li><strong>Cookies persistantes<\/strong> :<br>Ce sont des cookies dont les donn\u00e9es restent stock\u00e9es sur le terminal de l\u2019utilisateur et peuvent \u00eatre consult\u00e9es et trait\u00e9es pendant une p\u00e9riode d\u00e9finie par le responsable du cookie, laquelle peut aller de quelques minutes \u00e0 plusieurs ann\u00e9es. \u00c0 cet \u00e9gard, il convient d\u2019\u00e9valuer sp\u00e9cifiquement la n\u00e9cessit\u00e9 d\u2019utiliser des cookies persistantes, \u00e9tant donn\u00e9 que les risques pour la vie priv\u00e9e peuvent \u00eatre r\u00e9duits par l\u2019utilisation de cookies de session. En tout \u00e9tat de cause, lorsque des cookies persistantes sont install\u00e9es, il est recommand\u00e9 de limiter leur dur\u00e9e au strict minimum n\u00e9cessaire en fonction de la finalit\u00e9 poursuivie.<\/li>\n<\/ul>\n\n\n\n<p>Les obligations l\u00e9gales impos\u00e9es par la r\u00e9glementation sont doubles :<br>l\u2019obligation de transparence et l\u2019obligation d\u2019obtenir le consentement explicite de l\u2019utilisateur du site web.<\/p>\n\n\n\n<p>Compte tenu de la nature de l\u2019activit\u00e9 exerc\u00e9e, du mod\u00e8le \u00e9conomique d\u00e9velopp\u00e9 et de l\u2019\u00e9tendue de la responsabilit\u00e9 assum\u00e9e, il est recommand\u00e9 de proc\u00e9der \u00e0 une r\u00e9vision des cookies utilis\u00e9es, soit en interne, soit avec l\u2019assistance d\u2019entit\u00e9s sp\u00e9cialis\u00e9es.<\/p>\n\n\n\n<p>Cette r\u00e9vision aura pour objectif d\u2019identifier les cookies qui sont utilis\u00e9s, en analysant s\u2019il s\u2019agit de cookies propres ou de tiers, de cookies de session ou persistants, et en pr\u00e9cisant leur fonction afin de d\u00e9terminer s\u2019ils rel\u00e8vent ou non du champ d\u2019application de l\u2019article 22.2 de la LSSI. Compte tenu des \u00e9ventuels changements pouvant survenir dans la gestion et l\u2019utilisation des cookies, il est recommand\u00e9 d\u2019effectuer cette r\u00e9vision de mani\u00e8re p\u00e9riodique afin de mettre \u00e0 jour les informations disponibles concernant ces cookies.<br>En tout \u00e9tat de cause, il est rappel\u00e9 que les solutions mises en \u0153uvre pour se conformer aux obligations pr\u00e9vues \u00e0 l\u2019article 22.2 de la LSSI doivent \u00eatre technologiquement neutres et, par cons\u00e9quent, reconnues par la majorit\u00e9 des navigateurs.<\/p>\n\n\n\n<p><strong>3. LIEN POUR L\u2019IDENTIFICATION DES COOKIES<\/strong><\/p>\n\n\n\n<p>Il est recommand\u00e9 que les informations permettant la gestion des cookies (y compris la mani\u00e8re de r\u00e9voquer l\u2019acceptation et de supprimer les cookies) soient accessibles de mani\u00e8re permanente et ais\u00e9e \u00e0 tout moment via le site web, l\u2019application ou le service en ligne concern\u00e9. \u00c0 ces fins, et sans pr\u00e9judice d\u2019autres solutions pouvant \u00eatre adopt\u00e9es, cette exigence sera r\u00e9put\u00e9e satisfaite lorsque le syst\u00e8me de gestion des cookies (panneau de configuration ou CMP, permettant aux propri\u00e9taires de sites web ou d\u2019Applications d\u2019obtenir, g\u00e9rer et diffuser l\u2019accord des utilisateurs) est int\u00e9gr\u00e9 \u00e0 la politique de cookies elle-m\u00eame, ou lorsqu\u2019un lien direct vers le syst\u00e8me de gestion ou le panneau de configuration est inclus dans ladite politique.<\/p>\n\n\n\n<p>Ces cookies doivent \u00eatre conformes au R\u00e8glement (UE) 2016\/679 (RGPD), \u00e0 la Loi organique 3\/2018 (LOPDGDD), \u00e0 la r\u00e9glementation de la Loi 34\/2002 sur les services de la soci\u00e9t\u00e9 de l\u2019information et le commerce \u00e9lectronique (LSSI-CE), dans sa derni\u00e8re modification du 09\/05\/2023, ainsi qu\u2019\u00e0 la <em>Guide sur l\u2019utilisation des cookies<\/em> de juillet 2023 publi\u00e9e par l\u2019AEPD, conform\u00e9ment aux crit\u00e8res du Comit\u00e9 europ\u00e9en de la protection des donn\u00e9es (CEPD).<\/p>\n\n\n\n<figure class=\"wp-block-table\"><table class=\"has-fixed-layout\"><thead><tr><th>DOMAINE<\/th><th>COOKIE<\/th><th>FOURNISSEUR<\/th><th>FINALIT\u00c9<\/th><th>DUR\u00c9E<\/th><\/tr><\/thead><tbody><tr><td>rampesucres.com<\/td><td>_ga<\/td><td>Google<\/td><td>Analytics, permet de distinguer les utilisateurs du site web.<\/td><td>Persistante<\/td><\/tr><tr><td>rampesucres.com<\/td><td>_ga_NPR8J46W05<\/td><td>Google<\/td><td>Analytics, permet de distinguer les utilisateurs du site web.<\/td><td>Persistante<\/td><\/tr><tr><td>rampesucres.com<\/td><td>_gat<\/td><td>Google<\/td><td>Analytics, utilis\u00e9 pour limiter le pourcentage de requ\u00eates.<\/td><td>Persistante<\/td><\/tr><tr><td>rampesucres.com<\/td><td>_gat_gtag_UA_8457449_1<\/td><td>Google<\/td><td>Analytics, utilis\u00e9 pour limiter le pourcentage de requ\u00eates.<\/td><td>Persistante<\/td><\/tr><tr><td>rampesucres.com<\/td><td>_gcl_au<\/td><td>Google<\/td><td>Stocke et assure le suivi des conversions.<\/td><td>Persistante<\/td><\/tr><tr><td>rampesucres.com<\/td><td>_gid<\/td><td>Google<\/td><td>Analytics, permet de distinguer les utilisateurs.<\/td><td>Persistante<\/td><\/tr><tr><td>rampesucres.com<\/td><td>_fbp<\/td><td>Meta (Facebook)<\/td><td>Stocke et suit les visites du site web.<\/td><td>Persistante<\/td><\/tr><tr><td>rampesucres.com<\/td><td>_pin_unauth<\/td><td>Pinterest<\/td><td>Stocke l\u2019historique de navigation des utilisateurs du site web.<\/td><td>Persistante<\/td><\/tr><tr><td>rampesucres.com<\/td><td>external_id<\/td><td>HTTP<\/td><td>Permet de maintenir la session de l\u2019utilisateur ouverte.<\/td><td>Persistante<\/td><\/tr><tr><td>rampesucres.com<\/td><td>iqitpopup_519<\/td><td>HTTP<\/td><td>Gestion de l\u2019abonnement \u00e0 la newsletter.<\/td><td>Persistante<\/td><\/tr><tr><td>rampesucres.com<\/td><td>pageview_event_id<\/td><td>HTTP<\/td><td>Gestion du panier d\u2019achat.<\/td><td>Persistante<\/td><\/tr><tr><td>rampesucres.com<\/td><td>PHPSESSID<\/td><td>PHP<\/td><td>Stocke des informations relatives \u00e0 la session de l\u2019utilisateur.<\/td><td>Session<\/td><\/tr><\/tbody><\/table><\/figure>\n\n\n\n<p><strong>COOKIES TIERS EN COURS D\u2019UTILISATION :<\/strong><br>Les cookies suivants ont \u00e9t\u00e9 autoris\u00e9s lors de la visite de ce site web :<\/p>\n\n\n\n<figure class=\"wp-block-table\"><table class=\"has-fixed-layout\"><thead><tr><th>DOMAINE<\/th><th>COOKIE<\/th><th>FOURNISSEUR<\/th><th>FINALIT\u00c9<\/th><th>DUR\u00c9E<\/th><\/tr><\/thead><tbody><tr><td>google.com<\/td><td>AID<\/td><td>Google<\/td><td>Permet d\u2019afficher des publicit\u00e9s plus pertinentes.<\/td><td>Persistante<\/td><\/tr><tr><td>doubleclick.net<\/td><td>IDE<\/td><td>DoubleClick<\/td><td>Stocke des informations sur l\u2019utilisation du site web par l\u2019utilisateur.<\/td><td>Persistante<\/td><\/tr><tr><td>doubleclick.net<\/td><td>DSID<\/td><td>DoubleClick<\/td><td>Stocke les pr\u00e9f\u00e9rences de l\u2019utilisateur.<\/td><td>Persistante<\/td><\/tr><tr><td>google.com\/es<\/td><td>NID<\/td><td>Google<\/td><td>Stocke les pr\u00e9f\u00e9rences des utilisateurs \u00e0 des fins publicitaires.<\/td><td>Persistante<\/td><\/tr><tr><td>google.com\/es<\/td><td>__Secure-3PAPISID<\/td><td>Google<\/td><td>Fournit des publicit\u00e9s plus pertinentes aux utilisateurs.<\/td><td>Persistante<\/td><\/tr><tr><td>google.com\/es<\/td><td>__Secure-3PSID<\/td><td>Google<\/td><td>Fournit des publicit\u00e9s plus pertinentes aux utilisateurs.<\/td><td>Persistante<\/td><\/tr><tr><td>google.com\/es<\/td><td>__Secure-3PSIDCC<\/td><td>Google<\/td><td>Fournit des publicit\u00e9s plus pertinentes aux utilisateurs.<\/td><td>Persistante<\/td><\/tr><tr><td>google.com\/es<\/td><td>__Secure-3PSIDTS<\/td><td>G<\/td><td><\/td><td><\/td><\/tr><\/tbody><\/table><\/figure>\n\n\n\n<p><strong>POURQUOI AVONS-NOUS BESOIN DE VOTRE CONSENTEMENT EXPLICITE POUR UTILISER DES COOKIES ?<\/strong><\/p>\n\n\n\n<p>La <em>Guide de l\u2019AEPD de juillet 2023<\/em>, int\u00e9grant les informations et crit\u00e8res du Comit\u00e9 europ\u00e9en de la protection des donn\u00e9es (CEPD), ainsi que le R\u00e8glement (UE) 2016\/679 (RGPD), notamment ses articles 5, 6, 7 et 13, et la Loi organique 3\/2018 (LOPDGDD), article 6, doivent \u00eatre interpr\u00e9t\u00e9s en ce sens que la permission n\u2019est valable que s\u2019il est <strong>explicite<\/strong>.<\/p>\n\n\n\n<p><strong>Consentement de l\u2019utilisateur :<\/strong><br>En acceptant via une <strong>case \u00e0 cocher ou un bouton portant la mention \u00ab J\u2019ACCEPTE \u00bb<\/strong>, l\u2019utilisateur du site web donne son <strong>approbation explicite<\/strong> au traitement de ses donn\u00e9es et des informations collect\u00e9es par le biais des cookies install\u00e9s sur son appareil.<\/p>\n\n\n\n<p>En s\u00e9lectionnant une <strong>case \u00e0 cocher ou un bouton \u00ab REFUSER \u00bb<\/strong>, l\u2019utilisateur refuse l\u2019utilisation des cookies, \u00e0 l\u2019exception de ceux qui sont <strong>exempt\u00e9s de l\u2019obligation de l\u2019acceptation<\/strong>, tels que les cookies propres ou de session.<\/p>\n\n\n\n<p>Une <strong>case \u00e0 cocher ou un bouton \u00ab PLUS D\u2019INFORMATIONS \u00bb<\/strong> permet d\u2019acc\u00e9der \u00e0 la pr\u00e9sente <strong>Politique de Cookies<\/strong>.<\/p>\n\n\n\n<p><strong>Consentement des mineurs :<\/strong><br>Le RGPD (UE) 2016\/679, en son article 8, \u00e9tablit les conditions applicables au consentement des enfants dans le cadre des services de la soci\u00e9t\u00e9 de l\u2019information :<\/p>\n\n\n\n<ol class=\"wp-block-list\">\n<li>Lorsque le traitement est fond\u00e9 sur l\u2019article 6, paragraphe 1, point a), et concerne l\u2019offre directe de services de la soci\u00e9t\u00e9 de l\u2019information \u00e0 des enfants, le traitement des donn\u00e9es personnelles d\u2019un enfant est licite uniquement si celui-ci est \u00e2g\u00e9 d\u2019au moins <strong>16 ans<\/strong>. Si l\u2019enfant est \u00e2g\u00e9 de moins de 16 ans, le traitement n\u2019est licite que si l\u2019acceptation a \u00e9t\u00e9 donn\u00e9 ou autoris\u00e9 par le titulaire de l\u2019autorit\u00e9 parentale ou de la tutelle, et uniquement dans la mesure o\u00f9 ce consentement a \u00e9t\u00e9 accord\u00e9.<\/li>\n\n\n\n<li>Le responsable du traitement doit d\u00e9ployer des <strong>efforts raisonnables<\/strong> pour v\u00e9rifier que l\u2019acceptation a bien \u00e9t\u00e9 donn\u00e9 ou autoris\u00e9 par le titulaire de l\u2019autorit\u00e9 parentale ou de la tutelle, compte tenu de la technologie disponible.<\/li>\n<\/ol>\n\n\n\n<p>Si vous souhaitez modifier les param\u00e8tres de votre acc\u00e8s au site web, vous devez savoir qu\u2019il est possible de supprimer les cookies ou d\u2019emp\u00eacher leur enregistrement sur votre appareil \u00e0 tout moment en modifiant les param\u00e8tres de configuration de votre navigateur :<\/p>\n\n\n\n<ul class=\"wp-block-list\">\n<li>Param\u00e8tres des cookies de <strong>Firefox<\/strong><\/li>\n\n\n\n<li>Param\u00e8tres des cookies de <strong>Google Chrome<\/strong><\/li>\n\n\n\n<li>Param\u00e8tres des cookies de <strong>Safari<\/strong><\/li>\n<\/ul>\n\n\n\n<p>Ces navigateurs \u00e9tant susceptibles d\u2019\u00e9voluer ou d\u2019\u00eatre mis \u00e0 jour, nous ne pouvons garantir une parfaite ad\u00e9quation avec la version sp\u00e9cifique de votre navigateur. Afin d\u2019\u00e9viter toute incoh\u00e9rence, vous pouvez acc\u00e9der directement aux options de votre navigateur, g\u00e9n\u00e9ralement situ\u00e9es dans le menu \u00ab Options \u00bb, section \u00ab Confidentialit\u00e9 \u00bb. (Veuillez consulter l\u2019aide de votre navigateur pour plus d\u2019informations.)<\/p>\n\n\n\n<p><strong>O\u00d9 PUIS-JE OBTENIR PLUS D\u2019INFORMATIONS ?<\/strong><\/p>\n\n\n\n<p>Vous pouvez trouver davantage d\u2019informations sur les cookies aux adresses suivantes :<br><a href=\"http:\/\/www.allaboutcookies.org\">www.allaboutcookies.org<br><\/a><a href=\"http:\/\/www.youronlinechoices.eu\">www.youronlinechoices.eu<\/a><\/p>\n\n\n\n<p><strong>Derni\u00e8re mise \u00e0 jour : 01\/2026<\/strong><\/p>\n","protected":false},"excerpt":{"rendered":"<p>QU\u2019EST-CE QUE LES COOKIES ? Les cookies sont de petits fichiers de donn\u00e9es re\u00e7us sur le terminal de l\u2019utilisateur depuis le site web visit\u00e9. Ils sont utilis\u00e9s pour enregistrer certaines &hellip;<\/p>\n","protected":false},"author":1,"featured_media":0,"parent":0,"menu_order":0,"comment_status":"closed","ping_status":"closed","template":"","meta":{"_acf_changed":false,"footnotes":""},"class_list":["post-1153","page","type-page","status-publish","hentry"],"acf":[],"yoast_head":"<!-- This site is optimized with the Yoast SEO plugin v27.3 - https:\/\/yoast.com\/product\/yoast-seo-wordpress\/ -->\n<title>Politique de cookies | RAMPE<\/title>\n<meta name=\"description\" content=\"Consultez la politique de cookies de RAMPE et d\u00e9couvrez comment nous utilisons les cookies pour am\u00e9liorer l\u2019exp\u00e9rience de navigation.\" \/>\n<meta name=\"robots\" content=\"noindex, nofollow\" \/>\n<meta property=\"og:locale\" content=\"fr_FR\" \/>\n<meta property=\"og:type\" content=\"article\" \/>\n<meta property=\"og:title\" content=\"Politique de cookies | RAMPE\" \/>\n<meta property=\"og:description\" content=\"Consultez la politique de cookies de RAMPE et d\u00e9couvrez comment nous utilisons les cookies pour am\u00e9liorer l\u2019exp\u00e9rience de navigation.\" \/>\n<meta property=\"og:url\" content=\"https:\/\/rampesucres.com\/fr\/politique-de-cookies\/\" \/>\n<meta property=\"og:site_name\" content=\"Rampe\" \/>\n<meta property=\"article:modified_time\" content=\"2026-03-16T10:57:18+00:00\" \/>\n<meta name=\"twitter:card\" content=\"summary_large_image\" \/>\n<meta name=\"twitter:label1\" content=\"Dur\u00e9e de lecture estim\u00e9e\" \/>\n\t<meta name=\"twitter:data1\" content=\"9 minutes\" \/>\n<script type=\"application\/ld+json\" class=\"yoast-schema-graph\">{\"@context\":\"https:\\\/\\\/schema.org\",\"@graph\":[{\"@type\":\"WebPage\",\"@id\":\"https:\\\/\\\/rampesucres.com\\\/fr\\\/politique-de-cookies\\\/\",\"url\":\"https:\\\/\\\/rampesucres.com\\\/fr\\\/politique-de-cookies\\\/\",\"name\":\"Politique de cookies | RAMPE\",\"isPartOf\":{\"@id\":\"https:\\\/\\\/rampesucres.com\\\/fr\\\/#website\"},\"datePublished\":\"2023-12-18T15:33:19+00:00\",\"dateModified\":\"2026-03-16T10:57:18+00:00\",\"description\":\"Consultez la politique de cookies de RAMPE et d\u00e9couvrez comment nous utilisons les cookies pour am\u00e9liorer l\u2019exp\u00e9rience de navigation.\",\"breadcrumb\":{\"@id\":\"https:\\\/\\\/rampesucres.com\\\/fr\\\/politique-de-cookies\\\/#breadcrumb\"},\"inLanguage\":\"fr-FR\",\"potentialAction\":[{\"@type\":\"ReadAction\",\"target\":[\"https:\\\/\\\/rampesucres.com\\\/fr\\\/politique-de-cookies\\\/\"]}]},{\"@type\":\"BreadcrumbList\",\"@id\":\"https:\\\/\\\/rampesucres.com\\\/fr\\\/politique-de-cookies\\\/#breadcrumb\",\"itemListElement\":[{\"@type\":\"ListItem\",\"position\":1,\"name\":\"Portada\",\"item\":\"https:\\\/\\\/rampesucres.com\\\/fr\\\/\"},{\"@type\":\"ListItem\",\"position\":2,\"name\":\"Politique de cookies\"}]},{\"@type\":\"WebSite\",\"@id\":\"https:\\\/\\\/rampesucres.com\\\/fr\\\/#website\",\"url\":\"https:\\\/\\\/rampesucres.com\\\/fr\\\/\",\"name\":\"Rampe\",\"description\":\"\",\"publisher\":{\"@id\":\"https:\\\/\\\/rampesucres.com\\\/fr\\\/#organization\"},\"potentialAction\":[{\"@type\":\"SearchAction\",\"target\":{\"@type\":\"EntryPoint\",\"urlTemplate\":\"https:\\\/\\\/rampesucres.com\\\/fr\\\/?s={search_term_string}\"},\"query-input\":{\"@type\":\"PropertyValueSpecification\",\"valueRequired\":true,\"valueName\":\"search_term_string\"}}],\"inLanguage\":\"fr-FR\"},{\"@type\":\"Organization\",\"@id\":\"https:\\\/\\\/rampesucres.com\\\/fr\\\/#organization\",\"name\":\"Rampe\",\"url\":\"https:\\\/\\\/rampesucres.com\\\/fr\\\/\",\"logo\":{\"@type\":\"ImageObject\",\"inLanguage\":\"fr-FR\",\"@id\":\"https:\\\/\\\/rampesucres.com\\\/fr\\\/#\\\/schema\\\/logo\\\/image\\\/\",\"url\":\"https:\\\/\\\/rampesucres.com\\\/wp-content\\\/uploads\\\/clogo_rampe-1.png\",\"contentUrl\":\"https:\\\/\\\/rampesucres.com\\\/wp-content\\\/uploads\\\/clogo_rampe-1.png\",\"width\":140,\"height\":140,\"caption\":\"Rampe\"},\"image\":{\"@id\":\"https:\\\/\\\/rampesucres.com\\\/fr\\\/#\\\/schema\\\/logo\\\/image\\\/\"}}]}<\/script>\n<!-- \/ Yoast SEO plugin. -->","yoast_head_json":{"title":"Politique de cookies | RAMPE","description":"Consultez la politique de cookies de RAMPE et d\u00e9couvrez comment nous utilisons les cookies pour am\u00e9liorer l\u2019exp\u00e9rience de navigation.","robots":{"index":"noindex","follow":"nofollow"},"og_locale":"fr_FR","og_type":"article","og_title":"Politique de cookies | RAMPE","og_description":"Consultez la politique de cookies de RAMPE et d\u00e9couvrez comment nous utilisons les cookies pour am\u00e9liorer l\u2019exp\u00e9rience de navigation.","og_url":"https:\/\/rampesucres.com\/fr\/politique-de-cookies\/","og_site_name":"Rampe","article_modified_time":"2026-03-16T10:57:18+00:00","twitter_card":"summary_large_image","twitter_misc":{"Dur\u00e9e de lecture estim\u00e9e":"9 minutes"},"schema":{"@context":"https:\/\/schema.org","@graph":[{"@type":"WebPage","@id":"https:\/\/rampesucres.com\/fr\/politique-de-cookies\/","url":"https:\/\/rampesucres.com\/fr\/politique-de-cookies\/","name":"Politique de cookies | RAMPE","isPartOf":{"@id":"https:\/\/rampesucres.com\/fr\/#website"},"datePublished":"2023-12-18T15:33:19+00:00","dateModified":"2026-03-16T10:57:18+00:00","description":"Consultez la politique de cookies de RAMPE et d\u00e9couvrez comment nous utilisons les cookies pour am\u00e9liorer l\u2019exp\u00e9rience de navigation.","breadcrumb":{"@id":"https:\/\/rampesucres.com\/fr\/politique-de-cookies\/#breadcrumb"},"inLanguage":"fr-FR","potentialAction":[{"@type":"ReadAction","target":["https:\/\/rampesucres.com\/fr\/politique-de-cookies\/"]}]},{"@type":"BreadcrumbList","@id":"https:\/\/rampesucres.com\/fr\/politique-de-cookies\/#breadcrumb","itemListElement":[{"@type":"ListItem","position":1,"name":"Portada","item":"https:\/\/rampesucres.com\/fr\/"},{"@type":"ListItem","position":2,"name":"Politique de cookies"}]},{"@type":"WebSite","@id":"https:\/\/rampesucres.com\/fr\/#website","url":"https:\/\/rampesucres.com\/fr\/","name":"Rampe","description":"","publisher":{"@id":"https:\/\/rampesucres.com\/fr\/#organization"},"potentialAction":[{"@type":"SearchAction","target":{"@type":"EntryPoint","urlTemplate":"https:\/\/rampesucres.com\/fr\/?s={search_term_string}"},"query-input":{"@type":"PropertyValueSpecification","valueRequired":true,"valueName":"search_term_string"}}],"inLanguage":"fr-FR"},{"@type":"Organization","@id":"https:\/\/rampesucres.com\/fr\/#organization","name":"Rampe","url":"https:\/\/rampesucres.com\/fr\/","logo":{"@type":"ImageObject","inLanguage":"fr-FR","@id":"https:\/\/rampesucres.com\/fr\/#\/schema\/logo\/image\/","url":"https:\/\/rampesucres.com\/wp-content\/uploads\/clogo_rampe-1.png","contentUrl":"https:\/\/rampesucres.com\/wp-content\/uploads\/clogo_rampe-1.png","width":140,"height":140,"caption":"Rampe"},"image":{"@id":"https:\/\/rampesucres.com\/fr\/#\/schema\/logo\/image\/"}}]}},"_links":{"self":[{"href":"https:\/\/rampesucres.com\/fr\/wp-json\/wp\/v2\/pages\/1153","targetHints":{"allow":["GET"]}}],"collection":[{"href":"https:\/\/rampesucres.com\/fr\/wp-json\/wp\/v2\/pages"}],"about":[{"href":"https:\/\/rampesucres.com\/fr\/wp-json\/wp\/v2\/types\/page"}],"author":[{"embeddable":true,"href":"https:\/\/rampesucres.com\/fr\/wp-json\/wp\/v2\/users\/1"}],"replies":[{"embeddable":true,"href":"https:\/\/rampesucres.com\/fr\/wp-json\/wp\/v2\/comments?post=1153"}],"version-history":[{"count":1,"href":"https:\/\/rampesucres.com\/fr\/wp-json\/wp\/v2\/pages\/1153\/revisions"}],"predecessor-version":[{"id":1751,"href":"https:\/\/rampesucres.com\/fr\/wp-json\/wp\/v2\/pages\/1153\/revisions\/1751"}],"wp:attachment":[{"href":"https:\/\/rampesucres.com\/fr\/wp-json\/wp\/v2\/media?parent=1153"}],"curies":[{"name":"wp","href":"https:\/\/api.w.org\/{rel}","templated":true}]}}