{"id":1311,"date":"2025-11-25T12:27:49","date_gmt":"2025-11-25T12:27:49","guid":{"rendered":"https:\/\/rampesucres.com\/product\/azucar-blanco\/"},"modified":"2026-03-16T11:15:28","modified_gmt":"2026-03-16T11:15:28","slug":"sucre-blanc","status":"publish","type":"product","link":"https:\/\/rampesucres.com\/fr\/produits\/sucre-blanc\/","title":{"rendered":"Sucre blanc"},"content":{"rendered":"<p>Sucre blanc raffin\u00e9 issu de la canne \u00e0 sucre ou de la betterave, symbole de tradition et d\u2019\u00e9quilibre, qui apporte la douceur parfaite \u00e0 chaque caf\u00e9 ou infusion. Un classique indispensable du quotidien offrant une douceur pure, neutre et constante, id\u00e9ale pour rehausser la saveur du caf\u00e9 sans la modifier.<\/p>\n","protected":false},"excerpt":{"rendered":"<p>Sucre raffin\u00e9 \u00e0 partir de la canne \u00e0 sucre ou de la betterave.<\/p>\n","protected":false},"featured_media":750,"template":"","meta":{"_acf_changed":false},"product_brand":[],"product_cat":[100],"product_tag":[],"material":[110,112,114,116],"class_list":{"0":"post-1311","1":"product","2":"type-product","3":"status-publish","4":"has-post-thumbnail","6":"product_cat-sucre","7":"material-kraft-fr","8":"material-blanc","9":"material-blanc-recyclable-et-compostable","10":"material-kraft-recyclable-et-compostable","12":"first","13":"instock","14":"sold-individually","15":"taxable","16":"shipping-taxable","17":"purchasable","18":"product-type-variable"},"acf":[],"yoast_head":"<!-- This site is optimized with the Yoast SEO plugin v27.3 - https:\/\/yoast.com\/product\/yoast-seo-wordpress\/ -->\n<title>Sucre blanc en doses individuelles | RAMPE<\/title>\n<meta name=\"description\" content=\"Sucre blanc raffin\u00e9 en doses individuelles personnalis\u00e9es. Id\u00e9al pour l\u2019h\u00f4tellerie, les \u00e9v\u00e9nements et les entreprises.\" \/>\n<meta name=\"robots\" content=\"index, follow, max-snippet:-1, max-image-preview:large, max-video-preview:-1\" \/>\n<link rel=\"canonical\" href=\"https:\/\/rampesucres.com\/fr\/produits\/sucre-blanc\/\" \/>\n<meta property=\"og:locale\" content=\"fr_FR\" \/>\n<meta property=\"og:type\" content=\"article\" \/>\n<meta property=\"og:title\" content=\"Sucre blanc en doses individuelles | RAMPE\" \/>\n<meta property=\"og:description\" content=\"Sucre blanc raffin\u00e9 en doses individuelles personnalis\u00e9es. Id\u00e9al pour l\u2019h\u00f4tellerie, les \u00e9v\u00e9nements et les entreprises.\" \/>\n<meta property=\"og:url\" content=\"https:\/\/rampesucres.com\/fr\/produits\/sucre-blanc\/\" \/>\n<meta property=\"og:site_name\" content=\"Rampe\" \/>\n<meta property=\"article:modified_time\" content=\"2026-03-16T11:15:28+00:00\" \/>\n<meta property=\"og:image\" content=\"https:\/\/rampesucres.com\/wp-content\/uploads\/WEB_Rampe-10.webp\" \/>\n\t<meta property=\"og:image:width\" content=\"700\" \/>\n\t<meta property=\"og:image:height\" content=\"700\" \/>\n\t<meta property=\"og:image:type\" content=\"image\/webp\" \/>\n<meta name=\"twitter:card\" content=\"summary_large_image\" \/>\n<meta name=\"twitter:label1\" content=\"Dur\u00e9e de lecture estim\u00e9e\" \/>\n\t<meta name=\"twitter:data1\" content=\"1 minute\" \/>\n<script type=\"application\/ld+json\" class=\"yoast-schema-graph\">{\"@context\":\"https:\\\/\\\/schema.org\",\"@graph\":[{\"@type\":\"WebPage\",\"@id\":\"https:\\\/\\\/rampesucres.com\\\/fr\\\/produits\\\/sucre-blanc\\\/\",\"url\":\"https:\\\/\\\/rampesucres.com\\\/fr\\\/produits\\\/sucre-blanc\\\/\",\"name\":\"Sucre blanc en doses individuelles | RAMPE\",\"isPartOf\":{\"@id\":\"https:\\\/\\\/rampesucres.com\\\/fr\\\/#website\"},\"primaryImageOfPage\":{\"@id\":\"https:\\\/\\\/rampesucres.com\\\/fr\\\/produits\\\/sucre-blanc\\\/#primaryimage\"},\"image\":{\"@id\":\"https:\\\/\\\/rampesucres.com\\\/fr\\\/produits\\\/sucre-blanc\\\/#primaryimage\"},\"thumbnailUrl\":\"https:\\\/\\\/rampesucres.com\\\/wp-content\\\/uploads\\\/WEB_Rampe-10.webp\",\"datePublished\":\"2025-11-25T12:27:49+00:00\",\"dateModified\":\"2026-03-16T11:15:28+00:00\",\"description\":\"Sucre blanc raffin\u00e9 en doses individuelles personnalis\u00e9es. Id\u00e9al pour l\u2019h\u00f4tellerie, les \u00e9v\u00e9nements et les entreprises.\",\"breadcrumb\":{\"@id\":\"https:\\\/\\\/rampesucres.com\\\/fr\\\/produits\\\/sucre-blanc\\\/#breadcrumb\"},\"inLanguage\":\"fr-FR\",\"potentialAction\":[{\"@type\":\"ReadAction\",\"target\":[\"https:\\\/\\\/rampesucres.com\\\/fr\\\/produits\\\/sucre-blanc\\\/\"]}]},{\"@type\":\"ImageObject\",\"inLanguage\":\"fr-FR\",\"@id\":\"https:\\\/\\\/rampesucres.com\\\/fr\\\/produits\\\/sucre-blanc\\\/#primaryimage\",\"url\":\"https:\\\/\\\/rampesucres.com\\\/wp-content\\\/uploads\\\/WEB_Rampe-10.webp\",\"contentUrl\":\"https:\\\/\\\/rampesucres.com\\\/wp-content\\\/uploads\\\/WEB_Rampe-10.webp\",\"width\":700,\"height\":700},{\"@type\":\"BreadcrumbList\",\"@id\":\"https:\\\/\\\/rampesucres.com\\\/fr\\\/produits\\\/sucre-blanc\\\/#breadcrumb\",\"itemListElement\":[{\"@type\":\"ListItem\",\"position\":1,\"name\":\"Portada\",\"item\":\"https:\\\/\\\/rampesucres.com\\\/fr\\\/\"},{\"@type\":\"ListItem\",\"position\":2,\"name\":\"Boutique en ligne\",\"item\":\"https:\\\/\\\/rampesucres.com\\\/fr\\\/boutique-en-ligne\\\/\"},{\"@type\":\"ListItem\",\"position\":3,\"name\":\"Sucre blanc\"}]},{\"@type\":\"WebSite\",\"@id\":\"https:\\\/\\\/rampesucres.com\\\/fr\\\/#website\",\"url\":\"https:\\\/\\\/rampesucres.com\\\/fr\\\/\",\"name\":\"Rampe\",\"description\":\"\",\"publisher\":{\"@id\":\"https:\\\/\\\/rampesucres.com\\\/fr\\\/#organization\"},\"potentialAction\":[{\"@type\":\"SearchAction\",\"target\":{\"@type\":\"EntryPoint\",\"urlTemplate\":\"https:\\\/\\\/rampesucres.com\\\/fr\\\/?s={search_term_string}\"},\"query-input\":{\"@type\":\"PropertyValueSpecification\",\"valueRequired\":true,\"valueName\":\"search_term_string\"}}],\"inLanguage\":\"fr-FR\"},{\"@type\":\"Organization\",\"@id\":\"https:\\\/\\\/rampesucres.com\\\/fr\\\/#organization\",\"name\":\"Rampe\",\"url\":\"https:\\\/\\\/rampesucres.com\\\/fr\\\/\",\"logo\":{\"@type\":\"ImageObject\",\"inLanguage\":\"fr-FR\",\"@id\":\"https:\\\/\\\/rampesucres.com\\\/fr\\\/#\\\/schema\\\/logo\\\/image\\\/\",\"url\":\"https:\\\/\\\/rampesucres.com\\\/wp-content\\\/uploads\\\/clogo_rampe-1.png\",\"contentUrl\":\"https:\\\/\\\/rampesucres.com\\\/wp-content\\\/uploads\\\/clogo_rampe-1.png\",\"width\":140,\"height\":140,\"caption\":\"Rampe\"},\"image\":{\"@id\":\"https:\\\/\\\/rampesucres.com\\\/fr\\\/#\\\/schema\\\/logo\\\/image\\\/\"}}]}<\/script>\n<!-- \/ Yoast SEO plugin. -->","yoast_head_json":{"title":"Sucre blanc en doses individuelles | RAMPE","description":"Sucre blanc raffin\u00e9 en doses individuelles personnalis\u00e9es. Id\u00e9al pour l\u2019h\u00f4tellerie, les \u00e9v\u00e9nements et les entreprises.","robots":{"index":"index","follow":"follow","max-snippet":"max-snippet:-1","max-image-preview":"max-image-preview:large","max-video-preview":"max-video-preview:-1"},"canonical":"https:\/\/rampesucres.com\/fr\/produits\/sucre-blanc\/","og_locale":"fr_FR","og_type":"article","og_title":"Sucre blanc en doses individuelles | RAMPE","og_description":"Sucre blanc raffin\u00e9 en doses individuelles personnalis\u00e9es. Id\u00e9al pour l\u2019h\u00f4tellerie, les \u00e9v\u00e9nements et les entreprises.","og_url":"https:\/\/rampesucres.com\/fr\/produits\/sucre-blanc\/","og_site_name":"Rampe","article_modified_time":"2026-03-16T11:15:28+00:00","og_image":[{"width":700,"height":700,"url":"https:\/\/rampesucres.com\/wp-content\/uploads\/WEB_Rampe-10.webp","type":"image\/webp"}],"twitter_card":"summary_large_image","twitter_misc":{"Dur\u00e9e de lecture estim\u00e9e":"1 minute"},"schema":{"@context":"https:\/\/schema.org","@graph":[{"@type":"WebPage","@id":"https:\/\/rampesucres.com\/fr\/produits\/sucre-blanc\/","url":"https:\/\/rampesucres.com\/fr\/produits\/sucre-blanc\/","name":"Sucre blanc en doses individuelles | RAMPE","isPartOf":{"@id":"https:\/\/rampesucres.com\/fr\/#website"},"primaryImageOfPage":{"@id":"https:\/\/rampesucres.com\/fr\/produits\/sucre-blanc\/#primaryimage"},"image":{"@id":"https:\/\/rampesucres.com\/fr\/produits\/sucre-blanc\/#primaryimage"},"thumbnailUrl":"https:\/\/rampesucres.com\/wp-content\/uploads\/WEB_Rampe-10.webp","datePublished":"2025-11-25T12:27:49+00:00","dateModified":"2026-03-16T11:15:28+00:00","description":"Sucre blanc raffin\u00e9 en doses individuelles personnalis\u00e9es. Id\u00e9al pour l\u2019h\u00f4tellerie, les \u00e9v\u00e9nements et les entreprises.","breadcrumb":{"@id":"https:\/\/rampesucres.com\/fr\/produits\/sucre-blanc\/#breadcrumb"},"inLanguage":"fr-FR","potentialAction":[{"@type":"ReadAction","target":["https:\/\/rampesucres.com\/fr\/produits\/sucre-blanc\/"]}]},{"@type":"ImageObject","inLanguage":"fr-FR","@id":"https:\/\/rampesucres.com\/fr\/produits\/sucre-blanc\/#primaryimage","url":"https:\/\/rampesucres.com\/wp-content\/uploads\/WEB_Rampe-10.webp","contentUrl":"https:\/\/rampesucres.com\/wp-content\/uploads\/WEB_Rampe-10.webp","width":700,"height":700},{"@type":"BreadcrumbList","@id":"https:\/\/rampesucres.com\/fr\/produits\/sucre-blanc\/#breadcrumb","itemListElement":[{"@type":"ListItem","position":1,"name":"Portada","item":"https:\/\/rampesucres.com\/fr\/"},{"@type":"ListItem","position":2,"name":"Boutique en ligne","item":"https:\/\/rampesucres.com\/fr\/boutique-en-ligne\/"},{"@type":"ListItem","position":3,"name":"Sucre blanc"}]},{"@type":"WebSite","@id":"https:\/\/rampesucres.com\/fr\/#website","url":"https:\/\/rampesucres.com\/fr\/","name":"Rampe","description":"","publisher":{"@id":"https:\/\/rampesucres.com\/fr\/#organization"},"potentialAction":[{"@type":"SearchAction","target":{"@type":"EntryPoint","urlTemplate":"https:\/\/rampesucres.com\/fr\/?s={search_term_string}"},"query-input":{"@type":"PropertyValueSpecification","valueRequired":true,"valueName":"search_term_string"}}],"inLanguage":"fr-FR"},{"@type":"Organization","@id":"https:\/\/rampesucres.com\/fr\/#organization","name":"Rampe","url":"https:\/\/rampesucres.com\/fr\/","logo":{"@type":"ImageObject","inLanguage":"fr-FR","@id":"https:\/\/rampesucres.com\/fr\/#\/schema\/logo\/image\/","url":"https:\/\/rampesucres.com\/wp-content\/uploads\/clogo_rampe-1.png","contentUrl":"https:\/\/rampesucres.com\/wp-content\/uploads\/clogo_rampe-1.png","width":140,"height":140,"caption":"Rampe"},"image":{"@id":"https:\/\/rampesucres.com\/fr\/#\/schema\/logo\/image\/"}}]}},"_links":{"self":[{"href":"https:\/\/rampesucres.com\/fr\/wp-json\/wp\/v2\/product\/1311","targetHints":{"allow":["GET"]}}],"collection":[{"href":"https:\/\/rampesucres.com\/fr\/wp-json\/wp\/v2\/product"}],"about":[{"href":"https:\/\/rampesucres.com\/fr\/wp-json\/wp\/v2\/types\/product"}],"wp:featuredmedia":[{"embeddable":true,"href":"https:\/\/rampesucres.com\/fr\/wp-json\/wp\/v2\/media\/750"}],"wp:attachment":[{"href":"https:\/\/rampesucres.com\/fr\/wp-json\/wp\/v2\/media?parent=1311"}],"wp:term":[{"taxonomy":"product_brand","embeddable":true,"href":"https:\/\/rampesucres.com\/fr\/wp-json\/wp\/v2\/product_brand?post=1311"},{"taxonomy":"product_cat","embeddable":true,"href":"https:\/\/rampesucres.com\/fr\/wp-json\/wp\/v2\/product_cat?post=1311"},{"taxonomy":"product_tag","embeddable":true,"href":"https:\/\/rampesucres.com\/fr\/wp-json\/wp\/v2\/product_tag?post=1311"},{"taxonomy":"material","embeddable":true,"href":"https:\/\/rampesucres.com\/fr\/wp-json\/wp\/v2\/material?post=1311"}],"curies":[{"name":"wp","href":"https:\/\/api.w.org\/{rel}","templated":true}]}}