{"id":1389,"date":"2025-11-25T12:28:09","date_gmt":"2025-11-25T12:28:09","guid":{"rendered":"https:\/\/rampesucres.com\/product\/azucar-moreno\/"},"modified":"2026-03-16T11:17:16","modified_gmt":"2026-03-16T11:17:16","slug":"sucre-roux","status":"publish","type":"product","link":"https:\/\/rampesucres.com\/fr\/produits\/sucre-roux\/","title":{"rendered":"Sucre roux"},"content":{"rendered":"<p>Sucre brun au go\u00fbt profond et \u00e0 l\u2019ar\u00f4me naturel, qui \u00e9voque authenticit\u00e9 et chaleur \u00e0 chaque gorg\u00e9e. Non raffin\u00e9, il est issu de la canne \u00e0 sucre et contient une plus grande quantit\u00e9 de min\u00e9raux et de nutriments. Id\u00e9al pour celles et ceux qui recherchent une exp\u00e9rience plus intense, aussi bien dans les boissons chaudes que lors de moments de pause et de plaisir.<\/p>\n","protected":false},"excerpt":{"rendered":"<p>Sucre non raffin\u00e9, obtenu \u00e0 partir de la canne \u00e0 sucre et contenant une plus grande quantit\u00e9 de min\u00e9raux et de nutriments que le sucre raffin\u00e9.<\/p>\n","protected":false},"featured_media":754,"template":"","meta":{"_acf_changed":false},"product_brand":[],"product_cat":[100],"product_tag":[],"material":[110,112,114,116],"class_list":{"0":"post-1389","1":"product","2":"type-product","3":"status-publish","4":"has-post-thumbnail","6":"product_cat-sucre","7":"material-kraft-fr","8":"material-blanc","9":"material-blanc-recyclable-et-compostable","10":"material-kraft-recyclable-et-compostable","12":"first","13":"instock","14":"sold-individually","15":"taxable","16":"shipping-taxable","17":"purchasable","18":"product-type-variable"},"acf":[],"yoast_head":"<!-- This site is optimized with the Yoast SEO plugin v27.3 - https:\/\/yoast.com\/product\/yoast-seo-wordpress\/ -->\n<title>Sucre roux en doses individuelles | RAMPE<\/title>\n<meta name=\"description\" content=\"Sucre roux de canne en doses individuelles personnalis\u00e9es. Id\u00e9al pour l\u2019h\u00f4tellerie, les caf\u00e9s, les \u00e9v\u00e9nements et les entreprises.\" \/>\n<meta name=\"robots\" content=\"index, follow, max-snippet:-1, max-image-preview:large, max-video-preview:-1\" \/>\n<link rel=\"canonical\" href=\"https:\/\/rampesucres.com\/fr\/produits\/sucre-roux\/\" \/>\n<meta property=\"og:locale\" content=\"fr_FR\" \/>\n<meta property=\"og:type\" content=\"article\" \/>\n<meta property=\"og:title\" content=\"Sucre roux en doses individuelles | RAMPE\" \/>\n<meta property=\"og:description\" content=\"Sucre roux de canne en doses individuelles personnalis\u00e9es. Id\u00e9al pour l\u2019h\u00f4tellerie, les caf\u00e9s, les \u00e9v\u00e9nements et les entreprises.\" \/>\n<meta property=\"og:url\" content=\"https:\/\/rampesucres.com\/fr\/produits\/sucre-roux\/\" \/>\n<meta property=\"og:site_name\" content=\"Rampe\" \/>\n<meta property=\"article:modified_time\" content=\"2026-03-16T11:17:16+00:00\" \/>\n<meta property=\"og:image\" content=\"https:\/\/rampesucres.com\/wp-content\/uploads\/WEB_Rampe-12.webp\" \/>\n\t<meta property=\"og:image:width\" content=\"700\" \/>\n\t<meta property=\"og:image:height\" content=\"700\" \/>\n\t<meta property=\"og:image:type\" content=\"image\/webp\" \/>\n<meta name=\"twitter:card\" content=\"summary_large_image\" \/>\n<meta name=\"twitter:label1\" content=\"Dur\u00e9e de lecture estim\u00e9e\" \/>\n\t<meta name=\"twitter:data1\" content=\"1 minute\" \/>\n<script type=\"application\/ld+json\" class=\"yoast-schema-graph\">{\"@context\":\"https:\\\/\\\/schema.org\",\"@graph\":[{\"@type\":\"WebPage\",\"@id\":\"https:\\\/\\\/rampesucres.com\\\/fr\\\/produits\\\/sucre-roux\\\/\",\"url\":\"https:\\\/\\\/rampesucres.com\\\/fr\\\/produits\\\/sucre-roux\\\/\",\"name\":\"Sucre roux en doses individuelles | RAMPE\",\"isPartOf\":{\"@id\":\"https:\\\/\\\/rampesucres.com\\\/fr\\\/#website\"},\"primaryImageOfPage\":{\"@id\":\"https:\\\/\\\/rampesucres.com\\\/fr\\\/produits\\\/sucre-roux\\\/#primaryimage\"},\"image\":{\"@id\":\"https:\\\/\\\/rampesucres.com\\\/fr\\\/produits\\\/sucre-roux\\\/#primaryimage\"},\"thumbnailUrl\":\"https:\\\/\\\/rampesucres.com\\\/wp-content\\\/uploads\\\/WEB_Rampe-12.webp\",\"datePublished\":\"2025-11-25T12:28:09+00:00\",\"dateModified\":\"2026-03-16T11:17:16+00:00\",\"description\":\"Sucre roux de canne en doses individuelles personnalis\u00e9es. Id\u00e9al pour l\u2019h\u00f4tellerie, les caf\u00e9s, les \u00e9v\u00e9nements et les entreprises.\",\"breadcrumb\":{\"@id\":\"https:\\\/\\\/rampesucres.com\\\/fr\\\/produits\\\/sucre-roux\\\/#breadcrumb\"},\"inLanguage\":\"fr-FR\",\"potentialAction\":[{\"@type\":\"ReadAction\",\"target\":[\"https:\\\/\\\/rampesucres.com\\\/fr\\\/produits\\\/sucre-roux\\\/\"]}]},{\"@type\":\"ImageObject\",\"inLanguage\":\"fr-FR\",\"@id\":\"https:\\\/\\\/rampesucres.com\\\/fr\\\/produits\\\/sucre-roux\\\/#primaryimage\",\"url\":\"https:\\\/\\\/rampesucres.com\\\/wp-content\\\/uploads\\\/WEB_Rampe-12.webp\",\"contentUrl\":\"https:\\\/\\\/rampesucres.com\\\/wp-content\\\/uploads\\\/WEB_Rampe-12.webp\",\"width\":700,\"height\":700},{\"@type\":\"BreadcrumbList\",\"@id\":\"https:\\\/\\\/rampesucres.com\\\/fr\\\/produits\\\/sucre-roux\\\/#breadcrumb\",\"itemListElement\":[{\"@type\":\"ListItem\",\"position\":1,\"name\":\"Portada\",\"item\":\"https:\\\/\\\/rampesucres.com\\\/fr\\\/\"},{\"@type\":\"ListItem\",\"position\":2,\"name\":\"Boutique en ligne\",\"item\":\"https:\\\/\\\/rampesucres.com\\\/fr\\\/boutique-en-ligne\\\/\"},{\"@type\":\"ListItem\",\"position\":3,\"name\":\"Sucre roux\"}]},{\"@type\":\"WebSite\",\"@id\":\"https:\\\/\\\/rampesucres.com\\\/fr\\\/#website\",\"url\":\"https:\\\/\\\/rampesucres.com\\\/fr\\\/\",\"name\":\"Rampe\",\"description\":\"\",\"publisher\":{\"@id\":\"https:\\\/\\\/rampesucres.com\\\/fr\\\/#organization\"},\"potentialAction\":[{\"@type\":\"SearchAction\",\"target\":{\"@type\":\"EntryPoint\",\"urlTemplate\":\"https:\\\/\\\/rampesucres.com\\\/fr\\\/?s={search_term_string}\"},\"query-input\":{\"@type\":\"PropertyValueSpecification\",\"valueRequired\":true,\"valueName\":\"search_term_string\"}}],\"inLanguage\":\"fr-FR\"},{\"@type\":\"Organization\",\"@id\":\"https:\\\/\\\/rampesucres.com\\\/fr\\\/#organization\",\"name\":\"Rampe\",\"url\":\"https:\\\/\\\/rampesucres.com\\\/fr\\\/\",\"logo\":{\"@type\":\"ImageObject\",\"inLanguage\":\"fr-FR\",\"@id\":\"https:\\\/\\\/rampesucres.com\\\/fr\\\/#\\\/schema\\\/logo\\\/image\\\/\",\"url\":\"https:\\\/\\\/rampesucres.com\\\/wp-content\\\/uploads\\\/clogo_rampe-1.png\",\"contentUrl\":\"https:\\\/\\\/rampesucres.com\\\/wp-content\\\/uploads\\\/clogo_rampe-1.png\",\"width\":140,\"height\":140,\"caption\":\"Rampe\"},\"image\":{\"@id\":\"https:\\\/\\\/rampesucres.com\\\/fr\\\/#\\\/schema\\\/logo\\\/image\\\/\"}}]}<\/script>\n<!-- \/ Yoast SEO plugin. -->","yoast_head_json":{"title":"Sucre roux en doses individuelles | RAMPE","description":"Sucre roux de canne en doses individuelles personnalis\u00e9es. Id\u00e9al pour l\u2019h\u00f4tellerie, les caf\u00e9s, les \u00e9v\u00e9nements et les entreprises.","robots":{"index":"index","follow":"follow","max-snippet":"max-snippet:-1","max-image-preview":"max-image-preview:large","max-video-preview":"max-video-preview:-1"},"canonical":"https:\/\/rampesucres.com\/fr\/produits\/sucre-roux\/","og_locale":"fr_FR","og_type":"article","og_title":"Sucre roux en doses individuelles | RAMPE","og_description":"Sucre roux de canne en doses individuelles personnalis\u00e9es. Id\u00e9al pour l\u2019h\u00f4tellerie, les caf\u00e9s, les \u00e9v\u00e9nements et les entreprises.","og_url":"https:\/\/rampesucres.com\/fr\/produits\/sucre-roux\/","og_site_name":"Rampe","article_modified_time":"2026-03-16T11:17:16+00:00","og_image":[{"width":700,"height":700,"url":"https:\/\/rampesucres.com\/wp-content\/uploads\/WEB_Rampe-12.webp","type":"image\/webp"}],"twitter_card":"summary_large_image","twitter_misc":{"Dur\u00e9e de lecture estim\u00e9e":"1 minute"},"schema":{"@context":"https:\/\/schema.org","@graph":[{"@type":"WebPage","@id":"https:\/\/rampesucres.com\/fr\/produits\/sucre-roux\/","url":"https:\/\/rampesucres.com\/fr\/produits\/sucre-roux\/","name":"Sucre roux en doses individuelles | RAMPE","isPartOf":{"@id":"https:\/\/rampesucres.com\/fr\/#website"},"primaryImageOfPage":{"@id":"https:\/\/rampesucres.com\/fr\/produits\/sucre-roux\/#primaryimage"},"image":{"@id":"https:\/\/rampesucres.com\/fr\/produits\/sucre-roux\/#primaryimage"},"thumbnailUrl":"https:\/\/rampesucres.com\/wp-content\/uploads\/WEB_Rampe-12.webp","datePublished":"2025-11-25T12:28:09+00:00","dateModified":"2026-03-16T11:17:16+00:00","description":"Sucre roux de canne en doses individuelles personnalis\u00e9es. Id\u00e9al pour l\u2019h\u00f4tellerie, les caf\u00e9s, les \u00e9v\u00e9nements et les entreprises.","breadcrumb":{"@id":"https:\/\/rampesucres.com\/fr\/produits\/sucre-roux\/#breadcrumb"},"inLanguage":"fr-FR","potentialAction":[{"@type":"ReadAction","target":["https:\/\/rampesucres.com\/fr\/produits\/sucre-roux\/"]}]},{"@type":"ImageObject","inLanguage":"fr-FR","@id":"https:\/\/rampesucres.com\/fr\/produits\/sucre-roux\/#primaryimage","url":"https:\/\/rampesucres.com\/wp-content\/uploads\/WEB_Rampe-12.webp","contentUrl":"https:\/\/rampesucres.com\/wp-content\/uploads\/WEB_Rampe-12.webp","width":700,"height":700},{"@type":"BreadcrumbList","@id":"https:\/\/rampesucres.com\/fr\/produits\/sucre-roux\/#breadcrumb","itemListElement":[{"@type":"ListItem","position":1,"name":"Portada","item":"https:\/\/rampesucres.com\/fr\/"},{"@type":"ListItem","position":2,"name":"Boutique en ligne","item":"https:\/\/rampesucres.com\/fr\/boutique-en-ligne\/"},{"@type":"ListItem","position":3,"name":"Sucre roux"}]},{"@type":"WebSite","@id":"https:\/\/rampesucres.com\/fr\/#website","url":"https:\/\/rampesucres.com\/fr\/","name":"Rampe","description":"","publisher":{"@id":"https:\/\/rampesucres.com\/fr\/#organization"},"potentialAction":[{"@type":"SearchAction","target":{"@type":"EntryPoint","urlTemplate":"https:\/\/rampesucres.com\/fr\/?s={search_term_string}"},"query-input":{"@type":"PropertyValueSpecification","valueRequired":true,"valueName":"search_term_string"}}],"inLanguage":"fr-FR"},{"@type":"Organization","@id":"https:\/\/rampesucres.com\/fr\/#organization","name":"Rampe","url":"https:\/\/rampesucres.com\/fr\/","logo":{"@type":"ImageObject","inLanguage":"fr-FR","@id":"https:\/\/rampesucres.com\/fr\/#\/schema\/logo\/image\/","url":"https:\/\/rampesucres.com\/wp-content\/uploads\/clogo_rampe-1.png","contentUrl":"https:\/\/rampesucres.com\/wp-content\/uploads\/clogo_rampe-1.png","width":140,"height":140,"caption":"Rampe"},"image":{"@id":"https:\/\/rampesucres.com\/fr\/#\/schema\/logo\/image\/"}}]}},"_links":{"self":[{"href":"https:\/\/rampesucres.com\/fr\/wp-json\/wp\/v2\/product\/1389","targetHints":{"allow":["GET"]}}],"collection":[{"href":"https:\/\/rampesucres.com\/fr\/wp-json\/wp\/v2\/product"}],"about":[{"href":"https:\/\/rampesucres.com\/fr\/wp-json\/wp\/v2\/types\/product"}],"wp:featuredmedia":[{"embeddable":true,"href":"https:\/\/rampesucres.com\/fr\/wp-json\/wp\/v2\/media\/754"}],"wp:attachment":[{"href":"https:\/\/rampesucres.com\/fr\/wp-json\/wp\/v2\/media?parent=1389"}],"wp:term":[{"taxonomy":"product_brand","embeddable":true,"href":"https:\/\/rampesucres.com\/fr\/wp-json\/wp\/v2\/product_brand?post=1389"},{"taxonomy":"product_cat","embeddable":true,"href":"https:\/\/rampesucres.com\/fr\/wp-json\/wp\/v2\/product_cat?post=1389"},{"taxonomy":"product_tag","embeddable":true,"href":"https:\/\/rampesucres.com\/fr\/wp-json\/wp\/v2\/product_tag?post=1389"},{"taxonomy":"material","embeddable":true,"href":"https:\/\/rampesucres.com\/fr\/wp-json\/wp\/v2\/material?post=1389"}],"curies":[{"name":"wp","href":"https:\/\/api.w.org\/{rel}","templated":true}]}}