{"id":1463,"date":"2025-11-25T12:29:08","date_gmt":"2025-11-25T12:29:08","guid":{"rendered":"https:\/\/rampesucres.com\/product\/azucar-ecologico\/"},"modified":"2026-04-10T09:58:22","modified_gmt":"2026-04-10T09:58:22","slug":"sucre-ecologique","status":"publish","type":"product","link":"https:\/\/rampesucres.com\/fr\/produits\/sucre-ecologique\/","title":{"rendered":"Sucre \u00e9cologique"},"content":{"rendered":"<p>Sucre issu de la canne \u00e0 sucre cultiv\u00e9e conform\u00e9ment aux normes de la Certification Agriculture Biologique, de mani\u00e8re responsable, dans le respect de la nature et des processus traditionnels. Chaque grain refl\u00e8te un engagement envers l\u2019environnement et une consommation consciente, sans renoncer au plaisir d\u2019une douceur naturelle, authentique et de qualit\u00e9.<\/p>\n","protected":false},"excerpt":{"rendered":"<p>Sucre issu de la canne \u00e0 sucre cultiv\u00e9e selon les r\u00e8gles de l&rsquo;agriculture biologique, garantissant le respect de l&rsquo;environnement.<\/p>\n","protected":false},"featured_media":758,"template":"","meta":{"_acf_changed":false},"product_brand":[],"product_cat":[100],"product_tag":[],"material":[112,114,116,110],"class_list":{"0":"post-1463","1":"product","2":"type-product","3":"status-publish","4":"has-post-thumbnail","6":"product_cat-sucre","7":"material-blanc","8":"material-blanc-recyclable-et-compostable","9":"material-kraft-recyclable-et-compostable","10":"material-kraft-fr","12":"first","13":"instock","14":"sold-individually","15":"taxable","16":"shipping-taxable","17":"purchasable","18":"product-type-variable"},"acf":[],"yoast_head":"<!-- This site is optimized with the Yoast SEO plugin v27.3 - https:\/\/yoast.com\/product\/yoast-seo-wordpress\/ -->\n<title>Sucre bio en doses individuelles | RAMPE<\/title>\n<meta name=\"description\" content=\"Sucre de canne biologique en doses individuelles personnalis\u00e9es. Id\u00e9al pour l\u2019h\u00f4tellerie, les caf\u00e9s, les \u00e9v\u00e9nements et les entreprises.\" \/>\n<meta name=\"robots\" content=\"index, follow, max-snippet:-1, max-image-preview:large, max-video-preview:-1\" \/>\n<link rel=\"canonical\" href=\"https:\/\/rampesucres.com\/fr\/produits\/sucre-ecologique\/\" \/>\n<meta property=\"og:locale\" content=\"fr_FR\" \/>\n<meta property=\"og:type\" content=\"article\" \/>\n<meta property=\"og:title\" content=\"Sucre bio en doses individuelles | RAMPE\" \/>\n<meta property=\"og:description\" content=\"Sucre de canne biologique en doses individuelles personnalis\u00e9es. Id\u00e9al pour l\u2019h\u00f4tellerie, les caf\u00e9s, les \u00e9v\u00e9nements et les entreprises.\" \/>\n<meta property=\"og:url\" content=\"https:\/\/rampesucres.com\/fr\/produits\/sucre-ecologique\/\" \/>\n<meta property=\"og:site_name\" content=\"Rampe\" \/>\n<meta property=\"article:modified_time\" content=\"2026-04-10T09:58:22+00:00\" \/>\n<meta property=\"og:image\" content=\"https:\/\/rampesucres.com\/wp-content\/uploads\/WEB_Rampeeco.webp\" \/>\n\t<meta property=\"og:image:width\" content=\"700\" \/>\n\t<meta property=\"og:image:height\" content=\"700\" \/>\n\t<meta property=\"og:image:type\" content=\"image\/webp\" \/>\n<meta name=\"twitter:card\" content=\"summary_large_image\" \/>\n<meta name=\"twitter:label1\" content=\"Dur\u00e9e de lecture estim\u00e9e\" \/>\n\t<meta name=\"twitter:data1\" content=\"1 minute\" \/>\n<script type=\"application\/ld+json\" class=\"yoast-schema-graph\">{\"@context\":\"https:\\\/\\\/schema.org\",\"@graph\":[{\"@type\":\"WebPage\",\"@id\":\"https:\\\/\\\/rampesucres.com\\\/fr\\\/produits\\\/sucre-ecologique\\\/\",\"url\":\"https:\\\/\\\/rampesucres.com\\\/fr\\\/produits\\\/sucre-ecologique\\\/\",\"name\":\"Sucre bio en doses individuelles | RAMPE\",\"isPartOf\":{\"@id\":\"https:\\\/\\\/rampesucres.com\\\/fr\\\/#website\"},\"primaryImageOfPage\":{\"@id\":\"https:\\\/\\\/rampesucres.com\\\/fr\\\/produits\\\/sucre-ecologique\\\/#primaryimage\"},\"image\":{\"@id\":\"https:\\\/\\\/rampesucres.com\\\/fr\\\/produits\\\/sucre-ecologique\\\/#primaryimage\"},\"thumbnailUrl\":\"https:\\\/\\\/rampesucres.com\\\/wp-content\\\/uploads\\\/WEB_Rampeeco.webp\",\"datePublished\":\"2025-11-25T12:29:08+00:00\",\"dateModified\":\"2026-04-10T09:58:22+00:00\",\"description\":\"Sucre de canne biologique en doses individuelles personnalis\u00e9es. Id\u00e9al pour l\u2019h\u00f4tellerie, les caf\u00e9s, les \u00e9v\u00e9nements et les entreprises.\",\"breadcrumb\":{\"@id\":\"https:\\\/\\\/rampesucres.com\\\/fr\\\/produits\\\/sucre-ecologique\\\/#breadcrumb\"},\"inLanguage\":\"fr-FR\",\"potentialAction\":[{\"@type\":\"ReadAction\",\"target\":[\"https:\\\/\\\/rampesucres.com\\\/fr\\\/produits\\\/sucre-ecologique\\\/\"]}]},{\"@type\":\"ImageObject\",\"inLanguage\":\"fr-FR\",\"@id\":\"https:\\\/\\\/rampesucres.com\\\/fr\\\/produits\\\/sucre-ecologique\\\/#primaryimage\",\"url\":\"https:\\\/\\\/rampesucres.com\\\/wp-content\\\/uploads\\\/WEB_Rampeeco.webp\",\"contentUrl\":\"https:\\\/\\\/rampesucres.com\\\/wp-content\\\/uploads\\\/WEB_Rampeeco.webp\",\"width\":700,\"height\":700},{\"@type\":\"BreadcrumbList\",\"@id\":\"https:\\\/\\\/rampesucres.com\\\/fr\\\/produits\\\/sucre-ecologique\\\/#breadcrumb\",\"itemListElement\":[{\"@type\":\"ListItem\",\"position\":1,\"name\":\"Portada\",\"item\":\"https:\\\/\\\/rampesucres.com\\\/fr\\\/\"},{\"@type\":\"ListItem\",\"position\":2,\"name\":\"Boutique en ligne\",\"item\":\"https:\\\/\\\/rampesucres.com\\\/fr\\\/boutique-en-ligne\\\/\"},{\"@type\":\"ListItem\",\"position\":3,\"name\":\"Sucre \u00e9cologique\"}]},{\"@type\":\"WebSite\",\"@id\":\"https:\\\/\\\/rampesucres.com\\\/fr\\\/#website\",\"url\":\"https:\\\/\\\/rampesucres.com\\\/fr\\\/\",\"name\":\"Rampe\",\"description\":\"\",\"publisher\":{\"@id\":\"https:\\\/\\\/rampesucres.com\\\/fr\\\/#organization\"},\"potentialAction\":[{\"@type\":\"SearchAction\",\"target\":{\"@type\":\"EntryPoint\",\"urlTemplate\":\"https:\\\/\\\/rampesucres.com\\\/fr\\\/?s={search_term_string}\"},\"query-input\":{\"@type\":\"PropertyValueSpecification\",\"valueRequired\":true,\"valueName\":\"search_term_string\"}}],\"inLanguage\":\"fr-FR\"},{\"@type\":\"Organization\",\"@id\":\"https:\\\/\\\/rampesucres.com\\\/fr\\\/#organization\",\"name\":\"Rampe\",\"url\":\"https:\\\/\\\/rampesucres.com\\\/fr\\\/\",\"logo\":{\"@type\":\"ImageObject\",\"inLanguage\":\"fr-FR\",\"@id\":\"https:\\\/\\\/rampesucres.com\\\/fr\\\/#\\\/schema\\\/logo\\\/image\\\/\",\"url\":\"https:\\\/\\\/rampesucres.com\\\/wp-content\\\/uploads\\\/clogo_rampe-1.png\",\"contentUrl\":\"https:\\\/\\\/rampesucres.com\\\/wp-content\\\/uploads\\\/clogo_rampe-1.png\",\"width\":140,\"height\":140,\"caption\":\"Rampe\"},\"image\":{\"@id\":\"https:\\\/\\\/rampesucres.com\\\/fr\\\/#\\\/schema\\\/logo\\\/image\\\/\"}}]}<\/script>\n<!-- \/ Yoast SEO plugin. -->","yoast_head_json":{"title":"Sucre bio en doses individuelles | RAMPE","description":"Sucre de canne biologique en doses individuelles personnalis\u00e9es. Id\u00e9al pour l\u2019h\u00f4tellerie, les caf\u00e9s, les \u00e9v\u00e9nements et les entreprises.","robots":{"index":"index","follow":"follow","max-snippet":"max-snippet:-1","max-image-preview":"max-image-preview:large","max-video-preview":"max-video-preview:-1"},"canonical":"https:\/\/rampesucres.com\/fr\/produits\/sucre-ecologique\/","og_locale":"fr_FR","og_type":"article","og_title":"Sucre bio en doses individuelles | RAMPE","og_description":"Sucre de canne biologique en doses individuelles personnalis\u00e9es. Id\u00e9al pour l\u2019h\u00f4tellerie, les caf\u00e9s, les \u00e9v\u00e9nements et les entreprises.","og_url":"https:\/\/rampesucres.com\/fr\/produits\/sucre-ecologique\/","og_site_name":"Rampe","article_modified_time":"2026-04-10T09:58:22+00:00","og_image":[{"width":700,"height":700,"url":"https:\/\/rampesucres.com\/wp-content\/uploads\/WEB_Rampeeco.webp","type":"image\/webp"}],"twitter_card":"summary_large_image","twitter_misc":{"Dur\u00e9e de lecture estim\u00e9e":"1 minute"},"schema":{"@context":"https:\/\/schema.org","@graph":[{"@type":"WebPage","@id":"https:\/\/rampesucres.com\/fr\/produits\/sucre-ecologique\/","url":"https:\/\/rampesucres.com\/fr\/produits\/sucre-ecologique\/","name":"Sucre bio en doses individuelles | RAMPE","isPartOf":{"@id":"https:\/\/rampesucres.com\/fr\/#website"},"primaryImageOfPage":{"@id":"https:\/\/rampesucres.com\/fr\/produits\/sucre-ecologique\/#primaryimage"},"image":{"@id":"https:\/\/rampesucres.com\/fr\/produits\/sucre-ecologique\/#primaryimage"},"thumbnailUrl":"https:\/\/rampesucres.com\/wp-content\/uploads\/WEB_Rampeeco.webp","datePublished":"2025-11-25T12:29:08+00:00","dateModified":"2026-04-10T09:58:22+00:00","description":"Sucre de canne biologique en doses individuelles personnalis\u00e9es. Id\u00e9al pour l\u2019h\u00f4tellerie, les caf\u00e9s, les \u00e9v\u00e9nements et les entreprises.","breadcrumb":{"@id":"https:\/\/rampesucres.com\/fr\/produits\/sucre-ecologique\/#breadcrumb"},"inLanguage":"fr-FR","potentialAction":[{"@type":"ReadAction","target":["https:\/\/rampesucres.com\/fr\/produits\/sucre-ecologique\/"]}]},{"@type":"ImageObject","inLanguage":"fr-FR","@id":"https:\/\/rampesucres.com\/fr\/produits\/sucre-ecologique\/#primaryimage","url":"https:\/\/rampesucres.com\/wp-content\/uploads\/WEB_Rampeeco.webp","contentUrl":"https:\/\/rampesucres.com\/wp-content\/uploads\/WEB_Rampeeco.webp","width":700,"height":700},{"@type":"BreadcrumbList","@id":"https:\/\/rampesucres.com\/fr\/produits\/sucre-ecologique\/#breadcrumb","itemListElement":[{"@type":"ListItem","position":1,"name":"Portada","item":"https:\/\/rampesucres.com\/fr\/"},{"@type":"ListItem","position":2,"name":"Boutique en ligne","item":"https:\/\/rampesucres.com\/fr\/boutique-en-ligne\/"},{"@type":"ListItem","position":3,"name":"Sucre \u00e9cologique"}]},{"@type":"WebSite","@id":"https:\/\/rampesucres.com\/fr\/#website","url":"https:\/\/rampesucres.com\/fr\/","name":"Rampe","description":"","publisher":{"@id":"https:\/\/rampesucres.com\/fr\/#organization"},"potentialAction":[{"@type":"SearchAction","target":{"@type":"EntryPoint","urlTemplate":"https:\/\/rampesucres.com\/fr\/?s={search_term_string}"},"query-input":{"@type":"PropertyValueSpecification","valueRequired":true,"valueName":"search_term_string"}}],"inLanguage":"fr-FR"},{"@type":"Organization","@id":"https:\/\/rampesucres.com\/fr\/#organization","name":"Rampe","url":"https:\/\/rampesucres.com\/fr\/","logo":{"@type":"ImageObject","inLanguage":"fr-FR","@id":"https:\/\/rampesucres.com\/fr\/#\/schema\/logo\/image\/","url":"https:\/\/rampesucres.com\/wp-content\/uploads\/clogo_rampe-1.png","contentUrl":"https:\/\/rampesucres.com\/wp-content\/uploads\/clogo_rampe-1.png","width":140,"height":140,"caption":"Rampe"},"image":{"@id":"https:\/\/rampesucres.com\/fr\/#\/schema\/logo\/image\/"}}]}},"_links":{"self":[{"href":"https:\/\/rampesucres.com\/fr\/wp-json\/wp\/v2\/product\/1463","targetHints":{"allow":["GET"]}}],"collection":[{"href":"https:\/\/rampesucres.com\/fr\/wp-json\/wp\/v2\/product"}],"about":[{"href":"https:\/\/rampesucres.com\/fr\/wp-json\/wp\/v2\/types\/product"}],"wp:featuredmedia":[{"embeddable":true,"href":"https:\/\/rampesucres.com\/fr\/wp-json\/wp\/v2\/media\/758"}],"wp:attachment":[{"href":"https:\/\/rampesucres.com\/fr\/wp-json\/wp\/v2\/media?parent=1463"}],"wp:term":[{"taxonomy":"product_brand","embeddable":true,"href":"https:\/\/rampesucres.com\/fr\/wp-json\/wp\/v2\/product_brand?post=1463"},{"taxonomy":"product_cat","embeddable":true,"href":"https:\/\/rampesucres.com\/fr\/wp-json\/wp\/v2\/product_cat?post=1463"},{"taxonomy":"product_tag","embeddable":true,"href":"https:\/\/rampesucres.com\/fr\/wp-json\/wp\/v2\/product_tag?post=1463"},{"taxonomy":"material","embeddable":true,"href":"https:\/\/rampesucres.com\/fr\/wp-json\/wp\/v2\/material?post=1463"}],"curies":[{"name":"wp","href":"https:\/\/api.w.org\/{rel}","templated":true}]}}