{"id":1575,"date":"2025-11-25T12:30:46","date_gmt":"2025-11-25T12:30:46","guid":{"rendered":"https:\/\/rampesucres.com\/product\/azucar-glace\/"},"modified":"2026-02-13T09:55:14","modified_gmt":"2026-02-13T09:55:14","slug":"sucre-glace","status":"publish","type":"product","link":"https:\/\/rampesucres.com\/fr\/produits\/sucre-glace\/","title":{"rendered":"Sucre glace"},"content":{"rendered":"","protected":false},"excerpt":{"rendered":"<p>Sucre raffin\u00e9 et pulv\u00e9ris\u00e9, id\u00e9al pour le gla\u00e7age ou la d\u00e9coration.<\/p>\n","protected":false},"featured_media":763,"template":"","meta":{"_acf_changed":false},"product_brand":[],"product_cat":[100],"product_tag":[],"material":[110,112,114,116],"class_list":{"0":"post-1575","1":"product","2":"type-product","3":"status-publish","4":"has-post-thumbnail","6":"product_cat-sucre","7":"material-kraft-fr","8":"material-blanc","9":"material-blanc-recyclable-et-compostable","10":"material-kraft-recyclable-et-compostable","12":"first","13":"instock","14":"taxable","15":"shipping-taxable","16":"product-type-simple"},"acf":[],"yoast_head":"<!-- This site is optimized with the Yoast SEO plugin v27.3 - https:\/\/yoast.com\/product\/yoast-seo-wordpress\/ -->\n<title>Sucre glace - Rampe<\/title>\n<meta name=\"robots\" content=\"index, follow, max-snippet:-1, max-image-preview:large, max-video-preview:-1\" \/>\n<link rel=\"canonical\" href=\"https:\/\/rampesucres.com\/fr\/produits\/sucre-glace\/\" \/>\n<meta property=\"og:locale\" content=\"fr_FR\" \/>\n<meta property=\"og:type\" content=\"article\" \/>\n<meta property=\"og:title\" content=\"Sucre glace - Rampe\" \/>\n<meta property=\"og:description\" content=\"Sucre raffin\u00e9 et pulv\u00e9ris\u00e9, id\u00e9al pour le gla\u00e7age ou la d\u00e9coration.\" \/>\n<meta property=\"og:url\" content=\"https:\/\/rampesucres.com\/fr\/produits\/sucre-glace\/\" \/>\n<meta property=\"og:site_name\" content=\"Rampe\" \/>\n<meta property=\"article:modified_time\" content=\"2026-02-13T09:55:14+00:00\" \/>\n<meta property=\"og:image\" content=\"https:\/\/rampesucres.com\/wp-content\/uploads\/WEB_Rampe-11.webp\" \/>\n\t<meta property=\"og:image:width\" content=\"700\" \/>\n\t<meta property=\"og:image:height\" content=\"700\" \/>\n\t<meta property=\"og:image:type\" content=\"image\/webp\" \/>\n<meta name=\"twitter:card\" content=\"summary_large_image\" \/>\n<meta name=\"twitter:label1\" content=\"Dur\u00e9e de lecture estim\u00e9e\" \/>\n\t<meta name=\"twitter:data1\" content=\"1 minute\" \/>\n<script type=\"application\/ld+json\" class=\"yoast-schema-graph\">{\"@context\":\"https:\\\/\\\/schema.org\",\"@graph\":[{\"@type\":\"WebPage\",\"@id\":\"https:\\\/\\\/rampesucres.com\\\/fr\\\/produits\\\/sucre-glace\\\/\",\"url\":\"https:\\\/\\\/rampesucres.com\\\/fr\\\/produits\\\/sucre-glace\\\/\",\"name\":\"Sucre glace - Rampe\",\"isPartOf\":{\"@id\":\"https:\\\/\\\/rampesucres.com\\\/fr\\\/#website\"},\"primaryImageOfPage\":{\"@id\":\"https:\\\/\\\/rampesucres.com\\\/fr\\\/produits\\\/sucre-glace\\\/#primaryimage\"},\"image\":{\"@id\":\"https:\\\/\\\/rampesucres.com\\\/fr\\\/produits\\\/sucre-glace\\\/#primaryimage\"},\"thumbnailUrl\":\"https:\\\/\\\/rampesucres.com\\\/wp-content\\\/uploads\\\/WEB_Rampe-11.webp\",\"datePublished\":\"2025-11-25T12:30:46+00:00\",\"dateModified\":\"2026-02-13T09:55:14+00:00\",\"breadcrumb\":{\"@id\":\"https:\\\/\\\/rampesucres.com\\\/fr\\\/produits\\\/sucre-glace\\\/#breadcrumb\"},\"inLanguage\":\"fr-FR\",\"potentialAction\":[{\"@type\":\"ReadAction\",\"target\":[\"https:\\\/\\\/rampesucres.com\\\/fr\\\/produits\\\/sucre-glace\\\/\"]}]},{\"@type\":\"ImageObject\",\"inLanguage\":\"fr-FR\",\"@id\":\"https:\\\/\\\/rampesucres.com\\\/fr\\\/produits\\\/sucre-glace\\\/#primaryimage\",\"url\":\"https:\\\/\\\/rampesucres.com\\\/wp-content\\\/uploads\\\/WEB_Rampe-11.webp\",\"contentUrl\":\"https:\\\/\\\/rampesucres.com\\\/wp-content\\\/uploads\\\/WEB_Rampe-11.webp\",\"width\":700,\"height\":700},{\"@type\":\"BreadcrumbList\",\"@id\":\"https:\\\/\\\/rampesucres.com\\\/fr\\\/produits\\\/sucre-glace\\\/#breadcrumb\",\"itemListElement\":[{\"@type\":\"ListItem\",\"position\":1,\"name\":\"Portada\",\"item\":\"https:\\\/\\\/rampesucres.com\\\/fr\\\/\"},{\"@type\":\"ListItem\",\"position\":2,\"name\":\"Boutique en ligne\",\"item\":\"https:\\\/\\\/rampesucres.com\\\/fr\\\/boutique-en-ligne\\\/\"},{\"@type\":\"ListItem\",\"position\":3,\"name\":\"Sucre glace\"}]},{\"@type\":\"WebSite\",\"@id\":\"https:\\\/\\\/rampesucres.com\\\/fr\\\/#website\",\"url\":\"https:\\\/\\\/rampesucres.com\\\/fr\\\/\",\"name\":\"Rampe\",\"description\":\"\",\"publisher\":{\"@id\":\"https:\\\/\\\/rampesucres.com\\\/fr\\\/#organization\"},\"potentialAction\":[{\"@type\":\"SearchAction\",\"target\":{\"@type\":\"EntryPoint\",\"urlTemplate\":\"https:\\\/\\\/rampesucres.com\\\/fr\\\/?s={search_term_string}\"},\"query-input\":{\"@type\":\"PropertyValueSpecification\",\"valueRequired\":true,\"valueName\":\"search_term_string\"}}],\"inLanguage\":\"fr-FR\"},{\"@type\":\"Organization\",\"@id\":\"https:\\\/\\\/rampesucres.com\\\/fr\\\/#organization\",\"name\":\"Rampe\",\"url\":\"https:\\\/\\\/rampesucres.com\\\/fr\\\/\",\"logo\":{\"@type\":\"ImageObject\",\"inLanguage\":\"fr-FR\",\"@id\":\"https:\\\/\\\/rampesucres.com\\\/fr\\\/#\\\/schema\\\/logo\\\/image\\\/\",\"url\":\"https:\\\/\\\/rampesucres.com\\\/wp-content\\\/uploads\\\/clogo_rampe-1.png\",\"contentUrl\":\"https:\\\/\\\/rampesucres.com\\\/wp-content\\\/uploads\\\/clogo_rampe-1.png\",\"width\":140,\"height\":140,\"caption\":\"Rampe\"},\"image\":{\"@id\":\"https:\\\/\\\/rampesucres.com\\\/fr\\\/#\\\/schema\\\/logo\\\/image\\\/\"}}]}<\/script>\n<!-- \/ Yoast SEO plugin. -->","yoast_head_json":{"title":"Sucre glace - Rampe","robots":{"index":"index","follow":"follow","max-snippet":"max-snippet:-1","max-image-preview":"max-image-preview:large","max-video-preview":"max-video-preview:-1"},"canonical":"https:\/\/rampesucres.com\/fr\/produits\/sucre-glace\/","og_locale":"fr_FR","og_type":"article","og_title":"Sucre glace - Rampe","og_description":"Sucre raffin\u00e9 et pulv\u00e9ris\u00e9, id\u00e9al pour le gla\u00e7age ou la d\u00e9coration.","og_url":"https:\/\/rampesucres.com\/fr\/produits\/sucre-glace\/","og_site_name":"Rampe","article_modified_time":"2026-02-13T09:55:14+00:00","og_image":[{"width":700,"height":700,"url":"https:\/\/rampesucres.com\/wp-content\/uploads\/WEB_Rampe-11.webp","type":"image\/webp"}],"twitter_card":"summary_large_image","twitter_misc":{"Dur\u00e9e de lecture estim\u00e9e":"1 minute"},"schema":{"@context":"https:\/\/schema.org","@graph":[{"@type":"WebPage","@id":"https:\/\/rampesucres.com\/fr\/produits\/sucre-glace\/","url":"https:\/\/rampesucres.com\/fr\/produits\/sucre-glace\/","name":"Sucre glace - Rampe","isPartOf":{"@id":"https:\/\/rampesucres.com\/fr\/#website"},"primaryImageOfPage":{"@id":"https:\/\/rampesucres.com\/fr\/produits\/sucre-glace\/#primaryimage"},"image":{"@id":"https:\/\/rampesucres.com\/fr\/produits\/sucre-glace\/#primaryimage"},"thumbnailUrl":"https:\/\/rampesucres.com\/wp-content\/uploads\/WEB_Rampe-11.webp","datePublished":"2025-11-25T12:30:46+00:00","dateModified":"2026-02-13T09:55:14+00:00","breadcrumb":{"@id":"https:\/\/rampesucres.com\/fr\/produits\/sucre-glace\/#breadcrumb"},"inLanguage":"fr-FR","potentialAction":[{"@type":"ReadAction","target":["https:\/\/rampesucres.com\/fr\/produits\/sucre-glace\/"]}]},{"@type":"ImageObject","inLanguage":"fr-FR","@id":"https:\/\/rampesucres.com\/fr\/produits\/sucre-glace\/#primaryimage","url":"https:\/\/rampesucres.com\/wp-content\/uploads\/WEB_Rampe-11.webp","contentUrl":"https:\/\/rampesucres.com\/wp-content\/uploads\/WEB_Rampe-11.webp","width":700,"height":700},{"@type":"BreadcrumbList","@id":"https:\/\/rampesucres.com\/fr\/produits\/sucre-glace\/#breadcrumb","itemListElement":[{"@type":"ListItem","position":1,"name":"Portada","item":"https:\/\/rampesucres.com\/fr\/"},{"@type":"ListItem","position":2,"name":"Boutique en ligne","item":"https:\/\/rampesucres.com\/fr\/boutique-en-ligne\/"},{"@type":"ListItem","position":3,"name":"Sucre glace"}]},{"@type":"WebSite","@id":"https:\/\/rampesucres.com\/fr\/#website","url":"https:\/\/rampesucres.com\/fr\/","name":"Rampe","description":"","publisher":{"@id":"https:\/\/rampesucres.com\/fr\/#organization"},"potentialAction":[{"@type":"SearchAction","target":{"@type":"EntryPoint","urlTemplate":"https:\/\/rampesucres.com\/fr\/?s={search_term_string}"},"query-input":{"@type":"PropertyValueSpecification","valueRequired":true,"valueName":"search_term_string"}}],"inLanguage":"fr-FR"},{"@type":"Organization","@id":"https:\/\/rampesucres.com\/fr\/#organization","name":"Rampe","url":"https:\/\/rampesucres.com\/fr\/","logo":{"@type":"ImageObject","inLanguage":"fr-FR","@id":"https:\/\/rampesucres.com\/fr\/#\/schema\/logo\/image\/","url":"https:\/\/rampesucres.com\/wp-content\/uploads\/clogo_rampe-1.png","contentUrl":"https:\/\/rampesucres.com\/wp-content\/uploads\/clogo_rampe-1.png","width":140,"height":140,"caption":"Rampe"},"image":{"@id":"https:\/\/rampesucres.com\/fr\/#\/schema\/logo\/image\/"}}]}},"_links":{"self":[{"href":"https:\/\/rampesucres.com\/fr\/wp-json\/wp\/v2\/product\/1575","targetHints":{"allow":["GET"]}}],"collection":[{"href":"https:\/\/rampesucres.com\/fr\/wp-json\/wp\/v2\/product"}],"about":[{"href":"https:\/\/rampesucres.com\/fr\/wp-json\/wp\/v2\/types\/product"}],"wp:featuredmedia":[{"embeddable":true,"href":"https:\/\/rampesucres.com\/fr\/wp-json\/wp\/v2\/media\/763"}],"wp:attachment":[{"href":"https:\/\/rampesucres.com\/fr\/wp-json\/wp\/v2\/media?parent=1575"}],"wp:term":[{"taxonomy":"product_brand","embeddable":true,"href":"https:\/\/rampesucres.com\/fr\/wp-json\/wp\/v2\/product_brand?post=1575"},{"taxonomy":"product_cat","embeddable":true,"href":"https:\/\/rampesucres.com\/fr\/wp-json\/wp\/v2\/product_cat?post=1575"},{"taxonomy":"product_tag","embeddable":true,"href":"https:\/\/rampesucres.com\/fr\/wp-json\/wp\/v2\/product_tag?post=1575"},{"taxonomy":"material","embeddable":true,"href":"https:\/\/rampesucres.com\/fr\/wp-json\/wp\/v2\/material?post=1575"}],"curies":[{"name":"wp","href":"https:\/\/api.w.org\/{rel}","templated":true}]}}